{"id":693545,"date":"2024-08-18T12:24:40","date_gmt":"2024-08-18T09:24:40","guid":{"rendered":"https:\/\/nbg.eu\/product\/ring-brs-kmr\/"},"modified":"2026-05-13T15:11:01","modified_gmt":"2026-05-13T12:11:01","slug":"ring-brs-kmr","status":"publish","type":"product","link":"https:\/\/nbg.eu\/pl\/produkt\/ring-brs-kmr\/","title":{"rendered":"KMR Pier\u015bcie\u0144 Lufy"},"content":{"rendered":"<h2>Pier\u015bcie\u0144 BRS KMR: Tw\u00f3j niezawodny akcesorium do broni<\/h2>\n<p>Pier\u015bcie\u0144 BRS KMR to wszechstronny i wysokiej jako\u015bci akcesorium zaprojektowany dla entuzjast\u00f3w broni.<\/p>\n<p>Wykonany z precyzj\u0105 i dba\u0142o\u015bci\u0105 o szczeg\u00f3\u0142y, ten pier\u015bcie\u0144 jest zbudowany, aby wytrzyma\u0107 wymagania zastosowa\u0144 taktycznych i zewn\u0119trznych.<\/p>\n<p>Zaprojektowany, aby spe\u0142nia\u0107 potrzeby nowoczesnych system\u00f3w broni, oferuje szereg funkcji, kt\u00f3re czyni\u0105 go poszukiwanym wyborem. Od jego wytrzyma\u0142ej konstrukcji po przyjazny dla u\u017cytkownika design, to akcesorium jest zaprojektowane, aby zapewni\u0107 sta\u0142\u0105 wydajno\u015b\u0107 i niezawodno\u015b\u0107, nawet w najbardziej wymagaj\u0105cych \u015brodowiskach.<\/p>\n<p>Uaktualnij mo\u017cliwo\u015bci swojej broni za pomoc\u0105 pier\u015bcienia BRS i do\u015bwiadcz pewno\u015bci, kt\u00f3ra wynika z zaufanego i niezawodnego akcesorium. Podnie\u015b swoje do\u015bwiadczenie strzeleckie i osi\u0105gnij swoje cele z tym wyj\u0105tkowym produktem.<\/p>\n","protected":false},"excerpt":{"rendered":"<p>Pier\u015bcie\u0144 BRS KMR do broni, kompatybilny z modelami KMR L-02 i KMR W-02.<\/p>\n","protected":false},"featured_media":26035,"template":"","meta":{"_acf_changed":false},"product_brand":[11510],"product_cat":[12573],"product_tag":[],"class_list":{"0":"post-693545","1":"product","2":"type-product","3":"status-publish","4":"has-post-thumbnail","6":"product_brand-kmr-precision","7":"product_cat-czesci-kmr","9":"first","10":"instock","11":"taxable","12":"shipping-taxable","13":"product-type-simple"},"acf":[],"_links":{"self":[{"href":"https:\/\/nbg.eu\/pl\/wp-json\/wp\/v2\/product\/693545","targetHints":{"allow":["GET"]}}],"collection":[{"href":"https:\/\/nbg.eu\/pl\/wp-json\/wp\/v2\/product"}],"about":[{"href":"https:\/\/nbg.eu\/pl\/wp-json\/wp\/v2\/types\/product"}],"wp:featuredmedia":[{"embeddable":true,"href":"https:\/\/nbg.eu\/pl\/wp-json\/wp\/v2\/media\/26035"}],"wp:attachment":[{"href":"https:\/\/nbg.eu\/pl\/wp-json\/wp\/v2\/media?parent=693545"}],"wp:term":[{"taxonomy":"product_brand","embeddable":true,"href":"https:\/\/nbg.eu\/pl\/wp-json\/wp\/v2\/product_brand?post=693545"},{"taxonomy":"product_cat","embeddable":true,"href":"https:\/\/nbg.eu\/pl\/wp-json\/wp\/v2\/product_cat?post=693545"},{"taxonomy":"product_tag","embeddable":true,"href":"https:\/\/nbg.eu\/pl\/wp-json\/wp\/v2\/product_tag?post=693545"}],"curies":[{"name":"wp","href":"https:\/\/api.w.org\/{rel}","templated":true}]}}