{"id":694123,"date":"2024-08-17T18:11:52","date_gmt":"2024-08-17T15:11:52","guid":{"rendered":"https:\/\/nbg.eu\/product\/safety-detent-plunger-spring-kmr\/"},"modified":"2026-05-13T16:03:32","modified_gmt":"2026-05-13T13:03:32","slug":"safety-detent-plunger-spring-kmr","status":"publish","type":"product","link":"https:\/\/nbg.eu\/pl\/produkt\/safety-detent-plunger-spring-kmr\/","title":{"rendered":"KMR Spr\u0119\u017cyna Trzpienia Zapadki"},"content":{"rendered":"<h2>Spr\u0119\u017cyna popychacza blokady bezpiecze\u0144stwa KMR<\/h2>\n<p>Zapewnij niezawodn\u0105 i bezpieczn\u0105 prac\u0119 broni dzi\u0119ki Spr\u0119\u017cynie popychacza blokady bezpiecze\u0144stwa KMR.<\/p>\n<p>Wykonana z my\u015bl\u0105 o precyzji i trwa\u0142o\u015bci, Spr\u0119\u017cyna popychacza blokady bezpiecze\u0144stwa KMR pomaga utrzyma\u0107 w\u0142a\u015bciwe dzia\u0142anie mechanizmu bezpiecze\u0144stwa twojej broni. Jej niezawodna konstrukcja zapewnia p\u0142ynn\u0105 i sta\u0142\u0105 prac\u0119, zmniejszaj\u0105c ryzyko przypadkowych wystrza\u0142\u00f3w i zwi\u0119kszaj\u0105c og\u00f3lne bezpiecze\u0144stwo podczas u\u017cytkowania.<\/p>\n<p>Czy to aktualizujesz istniej\u0105c\u0105 bro\u0144 KMR, czy wymieniasz zu\u017cyty element, Spr\u0119\u017cyna popychacza blokady bezpiecze\u0144stwa KMR jest niezb\u0119dnym akcesorium do utrzymania integralno\u015bci i wydajno\u015bci twojej broni palnej. Zainwestuj w ten niezawodny komponent, aby zapewni\u0107, \u017ce bezpiecze\u0144stwo i funkcjonalno\u015b\u0107 twojej broni pozostaj\u0105 na najwy\u017cszym poziomie.<\/p>\n<p>Dla broni KMR:<\/p>\n<p>KMR L-02 EMIQ<\/p>\n<p>KMR L-02 EMIQ (OR)<\/p>\n<p>KMR L-02 ORCA OD 2024<\/p>\n<p>KMR L-02 ORCA DO 2023<\/p>\n<p>KMR L-02 SPECTRA OD 2024<\/p>\n<p>KMR L-02 SPECTRA DO 2023<\/p>\n<p>KMR L-02 UMBRA (OR) SR<\/p>\n<p>KMR S-01 LANCE (OR)<\/p>\n<p>KMR S-02 OD 2024<\/p>\n<p>KMR S-02 DO 2023<\/p>\n<p>KMR W-02 CUDA (OR)<\/p>\n<p>KMR W-02 UMBRA<\/p>\n<p>KMR W-02 UMBRA (OR)<\/p>\n","protected":false},"excerpt":{"rendered":"<p>Spr\u0119\u017cyna zapadki bezpiecze\u0144stwa dla broni KMR.<\/p>\n","protected":false},"featured_media":24928,"template":"","meta":{"_acf_changed":false},"product_brand":[11510],"product_cat":[12573,12591],"product_tag":[],"class_list":{"0":"post-694123","1":"product","2":"type-product","3":"status-publish","4":"has-post-thumbnail","6":"product_brand-kmr-precision","7":"product_cat-czesci-kmr","8":"product_cat-sprezyny","10":"first","11":"instock","12":"taxable","13":"shipping-taxable","14":"product-type-simple"},"acf":[],"_links":{"self":[{"href":"https:\/\/nbg.eu\/pl\/wp-json\/wp\/v2\/product\/694123","targetHints":{"allow":["GET"]}}],"collection":[{"href":"https:\/\/nbg.eu\/pl\/wp-json\/wp\/v2\/product"}],"about":[{"href":"https:\/\/nbg.eu\/pl\/wp-json\/wp\/v2\/types\/product"}],"wp:featuredmedia":[{"embeddable":true,"href":"https:\/\/nbg.eu\/pl\/wp-json\/wp\/v2\/media\/24928"}],"wp:attachment":[{"href":"https:\/\/nbg.eu\/pl\/wp-json\/wp\/v2\/media?parent=694123"}],"wp:term":[{"taxonomy":"product_brand","embeddable":true,"href":"https:\/\/nbg.eu\/pl\/wp-json\/wp\/v2\/product_brand?post=694123"},{"taxonomy":"product_cat","embeddable":true,"href":"https:\/\/nbg.eu\/pl\/wp-json\/wp\/v2\/product_cat?post=694123"},{"taxonomy":"product_tag","embeddable":true,"href":"https:\/\/nbg.eu\/pl\/wp-json\/wp\/v2\/product_tag?post=694123"}],"curies":[{"name":"wp","href":"https:\/\/api.w.org\/{rel}","templated":true}]}}