{"id":694467,"date":"2024-09-16T14:36:57","date_gmt":"2024-09-16T11:36:57","guid":{"rendered":"https:\/\/nbg.eu\/product\/slide-stop-27-kmr\/"},"modified":"2026-02-02T18:40:59","modified_gmt":"2026-02-02T15:40:59","slug":"slide-stop-27-kmr","status":"publish","type":"product","link":"https:\/\/nbg.eu\/pl\/produkt\/slide-stop-27-kmr\/","title":{"rendered":"ZATRZYMANIE SLAJDU 27 KMR"},"content":{"rendered":"<h2>SLIDE STOP 27 KMR &#8211; Niezawodny system bezpiecze\u0144stwa i wska\u017anika prze\u0142adowania broni<\/h2>\n<p>SLIDE STOP 27 KMR to istotna funkcja, kt\u00f3ra zwi\u0119ksza bezpiecze\u0144stwo i funkcjonalno\u015b\u0107 twojej broni. Gdy magazynek jest pusty, zaczep slide automatycznie blokuje slide w tylnej pozycji, co daje wyra\u017any sygna\u0142 wizualny, \u017ce magazynek musi by\u0107 wymieniony.<\/p>\n<p>Ta funkcja umo\u017cliwia p\u0142ynne prze\u0142adowanie, poniewa\u017c strzelec mo\u017ce po prostu nacisn\u0105\u0107 zaczep bolt, aby zwolni\u0107 slide i za\u0142adowa\u0107 pierwszy nab\u00f3j do komory, gdy zostanie w\u0142o\u017cony nowy magazynek. SLIDE STOP 27 KMR dzia\u0142a jako niezawodny mechanizm bezpiecze\u0144stwa, zapobiegaj\u0105c przypadkowemu wystrza\u0142owi, dop\u00f3ki magazynek nie zostanie prawid\u0142owo zamocowany, a bro\u0144 nie b\u0119dzie gotowa do u\u017cycia.<\/p>\n<p>Wykonany z precyzj\u0105 i dba\u0142o\u015bci\u0105 o szczeg\u00f3\u0142y, SLIDE STOP 27 KMR to cenna dodatek do ka\u017cdej broni, zapewniaj\u0105cy bezpieczniejsze i bardziej wydajne do\u015bwiadczenie strzeleckie. Niezale\u017cnie od tego, czy jeste\u015b do\u015bwiadczonym strzelcem, czy pocz\u0105tkuj\u0105cym, ta funkcja zapewni Ci spok\u00f3j ducha i pewno\u015b\u0107 siebie na strzelnicy lub w terenie.<\/p>\n<p>Dla broni KMR<br \/>\nKMR L-02 SPECTRA DO 2023<br \/>\nKMR W-02 CUDA (OR)<br \/>\nKMR W-02 UMBRA<br \/>\nKMR W-02 UMBRA (OR)<\/p>\n","protected":false},"excerpt":{"rendered":"<p>Funkcja blokady przesuwu automatycznie blokuje przesuw, gdy magazynek jest pusty, umo\u017cliwia za\u0142adowanie nowej amunicji i zapobiega przypadkowemu wystrza\u0142owi.<\/p>\n","protected":false},"featured_media":25874,"template":"","meta":{"_acf_changed":false},"product_brand":[11510],"product_cat":[12573],"product_tag":[],"class_list":{"0":"post-694467","1":"product","2":"type-product","3":"status-publish","4":"has-post-thumbnail","6":"product_brand-kmr-precision","7":"product_cat-czesci-kmr","9":"first","10":"instock","11":"taxable","12":"shipping-taxable","13":"product-type-simple"},"acf":[],"_links":{"self":[{"href":"https:\/\/nbg.eu\/pl\/wp-json\/wp\/v2\/product\/694467","targetHints":{"allow":["GET"]}}],"collection":[{"href":"https:\/\/nbg.eu\/pl\/wp-json\/wp\/v2\/product"}],"about":[{"href":"https:\/\/nbg.eu\/pl\/wp-json\/wp\/v2\/types\/product"}],"wp:featuredmedia":[{"embeddable":true,"href":"https:\/\/nbg.eu\/pl\/wp-json\/wp\/v2\/media\/25874"}],"wp:attachment":[{"href":"https:\/\/nbg.eu\/pl\/wp-json\/wp\/v2\/media?parent=694467"}],"wp:term":[{"taxonomy":"product_brand","embeddable":true,"href":"https:\/\/nbg.eu\/pl\/wp-json\/wp\/v2\/product_brand?post=694467"},{"taxonomy":"product_cat","embeddable":true,"href":"https:\/\/nbg.eu\/pl\/wp-json\/wp\/v2\/product_cat?post=694467"},{"taxonomy":"product_tag","embeddable":true,"href":"https:\/\/nbg.eu\/pl\/wp-json\/wp\/v2\/product_tag?post=694467"}],"curies":[{"name":"wp","href":"https:\/\/api.w.org\/{rel}","templated":true}]}}