{"id":694567,"date":"2024-08-17T18:04:38","date_gmt":"2024-08-17T15:04:38","guid":{"rendered":"https:\/\/nbg.eu\/product\/slide-stop-spring-kmr\/"},"modified":"2026-04-16T18:26:41","modified_gmt":"2026-04-16T15:26:41","slug":"slide-stop-spring-kmr","status":"publish","type":"product","link":"https:\/\/nbg.eu\/pl\/produkt\/slide-stop-spring-kmr\/","title":{"rendered":"KMR Spr\u0119\u017cyna Zatrzymywacza Zamka"},"content":{"rendered":"<h2>Slide Stop Spring KMR<\/h2>\n<p>Ten spr\u0119\u017cyna jest kluczowym elementem dla szerokiej gamy system\u00f3w broni w linii KMR. Zaprojektowana, aby zapewni\u0107 niezawodne i sta\u0142e dzia\u0142anie.<\/p>\n<p>Wykonana z precyzj\u0105 i dba\u0142o\u015bci\u0105 o szczeg\u00f3\u0142y, ta spr\u0119\u017cyna gwarantuje p\u0142ynn\u0105 i niezawodn\u0105 prac\u0119, przyczyniaj\u0105c si\u0119 do og\u00f3lnej wydajno\u015bci i niezawodno\u015bci twojego systemu broni. Jej trwa\u0142a konstrukcja i precyzyjne wykonanie sprawiaj\u0105, \u017ce jest to kluczowy element do zachowania integralno\u015bci i funkcjonalno\u015bci twojej broni zgodnej z KMR.<\/p>\n<p>Ta spr\u0119\u017cyna jest niezb\u0119dnym akcesoriom, aby utrzyma\u0107 twoj\u0105 bro\u0144 z KMR w najlepszej formie. Zainwestuj w ten wysokiej jako\u015bci element, aby zapewni\u0107 ci\u0105g\u0142\u0105 niezawodno\u015b\u0107 i p\u0142ynn\u0105 prac\u0119 twojej broni.<\/p>\n<p>Dla broni KMR:<\/p>\n<p>KMR L-02 EMIQ<\/p>\n<p>KMR L-02 EMIQ (OR)<\/p>\n<p>KMR L-02 ORCA DO 2023<\/p>\n<p>KMR L-02 SPECTRA OD 2024<\/p>\n<p>KMR L-02 SPECTRA DO 2023<\/p>\n<p>KMR L-02 UMBRA (OR) SR<\/p>\n<p>KMR S-01 LANCE (OR)<\/p>\n<p>KMR S-02 OD 2024<\/p>\n<p>KMR S-02 DO 2023<\/p>\n<p>KMR W-02 CUDA (OR)<\/p>\n<p>KMR W-02 UMBRA<\/p>\n<p>KMR W-02 UMBRA (OR)<\/p>\n","protected":false},"excerpt":{"rendered":"<p>Spr\u0119\u017cyna zatrzymuj\u0105ca suwad\u0142o KMR &#8211; kompatybilna z r\u00f3\u017cnymi broni\u0105 KMR.<\/p>\n","protected":false},"featured_media":24882,"template":"","meta":{"_acf_changed":false},"product_brand":[11510],"product_cat":[12573,12591],"product_tag":[],"class_list":{"0":"post-694567","1":"product","2":"type-product","3":"status-publish","4":"has-post-thumbnail","6":"product_brand-kmr-precision","7":"product_cat-czesci-kmr","8":"product_cat-sprezyny","10":"first","11":"instock","12":"taxable","13":"shipping-taxable","14":"product-type-simple"},"acf":[],"_links":{"self":[{"href":"https:\/\/nbg.eu\/pl\/wp-json\/wp\/v2\/product\/694567","targetHints":{"allow":["GET"]}}],"collection":[{"href":"https:\/\/nbg.eu\/pl\/wp-json\/wp\/v2\/product"}],"about":[{"href":"https:\/\/nbg.eu\/pl\/wp-json\/wp\/v2\/types\/product"}],"wp:featuredmedia":[{"embeddable":true,"href":"https:\/\/nbg.eu\/pl\/wp-json\/wp\/v2\/media\/24882"}],"wp:attachment":[{"href":"https:\/\/nbg.eu\/pl\/wp-json\/wp\/v2\/media?parent=694567"}],"wp:term":[{"taxonomy":"product_brand","embeddable":true,"href":"https:\/\/nbg.eu\/pl\/wp-json\/wp\/v2\/product_brand?post=694567"},{"taxonomy":"product_cat","embeddable":true,"href":"https:\/\/nbg.eu\/pl\/wp-json\/wp\/v2\/product_cat?post=694567"},{"taxonomy":"product_tag","embeddable":true,"href":"https:\/\/nbg.eu\/pl\/wp-json\/wp\/v2\/product_tag?post=694567"}],"curies":[{"name":"wp","href":"https:\/\/api.w.org\/{rel}","templated":true}]}}