{"id":694605,"date":"2024-08-18T12:23:43","date_gmt":"2024-08-18T09:23:43","guid":{"rendered":"https:\/\/nbg.eu\/product\/support-sheetmetal-9x19-kmr\/"},"modified":"2026-05-13T15:09:49","modified_gmt":"2026-05-13T12:09:49","slug":"support-sheetmetal-9x19-kmr","status":"publish","type":"product","link":"https:\/\/nbg.eu\/pl\/produkt\/support-sheetmetal-9x19-kmr\/","title":{"rendered":"KMR Blacha Podtrzymuj\u0105ca 9&#215;19"},"content":{"rendered":"<h2>Wsparcie blachowe KMR \u2013 9&#215;19 mm<\/h2>\n<p>Wsparcie blachowe KMR to precyzyjnie zaprojektowana wewn\u0119trzna cz\u0119\u015b\u0107 sk\u0142adowa zaprojektowana w celu optymalizacji pozycjonowania i niezawodno\u015bci podawania magazynka w pistoletach KMR 9&#215;19 mm. Ta specjalistyczna wk\u0142adka zapewnia, \u017ce magazynek jest bezpiecznie osadzony w szkielecie, zapewniaj\u0105c idealn\u0105 geometri\u0119 dla zamka, aby bezproblemowo wyci\u0105gn\u0105\u0107 i za\u0142adowa\u0107 pociski.<\/p>\n<h3>Niezawodne podawanie w warunkach stresu zwi\u0105zanego z konkurencj\u0105<\/h3>\n<p>W \u015bwiecie dynamicznego strzelania ruch magazynka mo\u017ce prowadzi\u0107 do nier\u00f3wnomiernego podawania lub awarii &#8222;nurkowania&#8221;. Wsparcie blachowe KMR dzia\u0142a jako strukturalny przewodnik, kt\u00f3ry eliminuje niepotrzebne luzy mi\u0119dzy magazynkiem a szkieletem. Stabilizuj\u0105c magazynek w kluczowym punkcie styku, zapewnia, \u017ce ka\u017cdy nab\u00f3j jest podawany do rampy nabojowej pod sta\u0142ym k\u0105tem, bez wzgl\u0119du na to, jak szybko jest cykl pistoletu.<\/p>\n<h3>Specyfikacja techniczna:<\/h3>\n<ul>\n<li><strong>Precyzyjnie t\u0142oczona stal:<\/strong> Wyprodukowana z wysokiej jako\u015bci, wytrzyma\u0142ej blachy, kt\u00f3ra zachowuje sw\u00f3j kszta\u0142t nawet przy drganiach szybkiego ognia.<\/li>\n<li><strong>Specyfika kaliber 9&#215;19 mm:<\/strong> Ukszta\u0142towany specjalnie do wymiar\u00f3w magazynk\u00f3w 9 mm Luger, aby zapewni\u0107 ciasne, pozbawione luzu dopasowanie.<\/li>\n<li><strong>Utwardzona pow\u0142oka wyko\u0144czeniowa:<\/strong> Obrabiana, aby odporno\u015b\u0107 na zu\u017cycie wynikaj\u0105ce z wielokrotnego wk\u0142adania i wyjmowania magazynk\u00f3w podczas intensywnego szkolenia.<\/li>\n<li><strong>Dopasowanie OEM:<\/strong> Zaprojektowany jako komponent wewn\u0119trzny bezpo\u015bredniego monta\u017cu do platform KMR serii L i W.<\/li>\n<\/ul>\n<h3>Kluczowe zalety:<\/h3>\n<ul>\n<li><strong>Eliminuje luzy magazynka:<\/strong> Zapewnia \u015bci\u015blejsze po\u0142\u0105czenie dla magazynka, gwarantuj\u0105c, \u017ce pozostanie nieruchomy podczas ruchu i odrzutu.<\/li>\n<li><strong>Zapobiega awariom podawania:<\/strong> Utrzymuje prawid\u0142owe pionowe i poziome ustawienie naboju, aby zapewni\u0107 p\u0142ynniejsze podanie do komory.<\/li>\n<li><strong>Trwa\u0142a konstrukcja:<\/strong> Zbudowana na ca\u0142\u0105 \u017cywotno\u015b\u0107 broni, odporna na tarcie i nacisk intensywnego u\u017cytkowania w zawodach.<\/li>\n<li><strong>Ulepszone zwalnianie magazynka:<\/strong> Utrzymuj\u0105c prawid\u0142owe ustawienie magazynka, pomaga r\u00f3wnie\u017c w czystym i bezproblemowym wypadni\u0119ciu po naci\u015bni\u0119ciu przycisku zwalniaj\u0105cego.<\/li>\n<\/ul>\n","protected":false},"excerpt":{"rendered":"<p>Opis produktu: 1470-00301-0401<\/p>\n","protected":false},"featured_media":25989,"template":"","meta":{"_acf_changed":false},"product_brand":[11510],"product_cat":[12573],"product_tag":[],"class_list":{"0":"post-694605","1":"product","2":"type-product","3":"status-publish","4":"has-post-thumbnail","6":"product_brand-kmr-precision","7":"product_cat-czesci-kmr","9":"first","10":"instock","11":"taxable","12":"shipping-taxable","13":"product-type-simple"},"acf":[],"_links":{"self":[{"href":"https:\/\/nbg.eu\/pl\/wp-json\/wp\/v2\/product\/694605","targetHints":{"allow":["GET"]}}],"collection":[{"href":"https:\/\/nbg.eu\/pl\/wp-json\/wp\/v2\/product"}],"about":[{"href":"https:\/\/nbg.eu\/pl\/wp-json\/wp\/v2\/types\/product"}],"wp:featuredmedia":[{"embeddable":true,"href":"https:\/\/nbg.eu\/pl\/wp-json\/wp\/v2\/media\/25989"}],"wp:attachment":[{"href":"https:\/\/nbg.eu\/pl\/wp-json\/wp\/v2\/media?parent=694605"}],"wp:term":[{"taxonomy":"product_brand","embeddable":true,"href":"https:\/\/nbg.eu\/pl\/wp-json\/wp\/v2\/product_brand?post=694605"},{"taxonomy":"product_cat","embeddable":true,"href":"https:\/\/nbg.eu\/pl\/wp-json\/wp\/v2\/product_cat?post=694605"},{"taxonomy":"product_tag","embeddable":true,"href":"https:\/\/nbg.eu\/pl\/wp-json\/wp\/v2\/product_tag?post=694605"}],"curies":[{"name":"wp","href":"https:\/\/api.w.org\/{rel}","templated":true}]}}