{"id":694798,"date":"2024-09-17T08:12:35","date_gmt":"2024-09-17T05:12:35","guid":{"rendered":"https:\/\/nbg.eu\/product\/trigger-bar-sa-kmr-l\/"},"modified":"2026-05-13T15:59:48","modified_gmt":"2026-05-13T12:59:48","slug":"trigger-bar-sa-kmr-l","status":"publish","type":"product","link":"https:\/\/nbg.eu\/pl\/produkt\/trigger-bar-sa-kmr-l\/","title":{"rendered":"KMR Ci\u0119gno Spustowe SA L"},"content":{"rendered":"<h2>Spust SA KMR L<\/h2>\n<p>Spust SA KMR L to kluczowy komponent wewn\u0119trzny pistoletu w konfiguracji pojedynczego dzia\u0142ania (SA). Ta cz\u0119\u015b\u0107 przenosi ruch spustu na mechanizm spustowy, umo\u017cliwiaj\u0105c p\u0142ynne i niezawodne dzia\u0142anie broni.<\/p>\n<p>Przeznaczony do u\u017cytku z nast\u0119puj\u0105cymi modelami broni KMR:<\/p>\n<ul>\n<p>KMR L-02 EMIQ<\/p>\n<p>KMR L-02 EMIQ (OR)<\/p>\n<p>KMR L-02 ORCA DO 2023<\/p>\n<\/ul>\n<p>Numer referencyjny 0900-00303-0900<\/p>\n","protected":false},"excerpt":{"rendered":"<p>Prze\u0142\u0105czniki uruchamiaj\u0105 ruch mechanizmu spustowego w pistolecie KMR L SA.<\/p>\n","protected":false},"featured_media":63613,"template":"","meta":{"_acf_changed":false},"product_brand":[11510],"product_cat":[12573],"product_tag":[],"class_list":{"0":"post-694798","1":"product","2":"type-product","3":"status-publish","4":"has-post-thumbnail","6":"product_brand-kmr-precision","7":"product_cat-czesci-kmr","9":"first","10":"outofstock","11":"taxable","12":"shipping-taxable","13":"product-type-simple"},"acf":[],"_links":{"self":[{"href":"https:\/\/nbg.eu\/pl\/wp-json\/wp\/v2\/product\/694798","targetHints":{"allow":["GET"]}}],"collection":[{"href":"https:\/\/nbg.eu\/pl\/wp-json\/wp\/v2\/product"}],"about":[{"href":"https:\/\/nbg.eu\/pl\/wp-json\/wp\/v2\/types\/product"}],"wp:featuredmedia":[{"embeddable":true,"href":"https:\/\/nbg.eu\/pl\/wp-json\/wp\/v2\/media\/63613"}],"wp:attachment":[{"href":"https:\/\/nbg.eu\/pl\/wp-json\/wp\/v2\/media?parent=694798"}],"wp:term":[{"taxonomy":"product_brand","embeddable":true,"href":"https:\/\/nbg.eu\/pl\/wp-json\/wp\/v2\/product_brand?post=694798"},{"taxonomy":"product_cat","embeddable":true,"href":"https:\/\/nbg.eu\/pl\/wp-json\/wp\/v2\/product_cat?post=694798"},{"taxonomy":"product_tag","embeddable":true,"href":"https:\/\/nbg.eu\/pl\/wp-json\/wp\/v2\/product_tag?post=694798"}],"curies":[{"name":"wp","href":"https:\/\/api.w.org\/{rel}","templated":true}]}}