{"id":694848,"date":"2024-08-17T17:23:25","date_gmt":"2024-08-17T14:23:25","guid":{"rendered":"https:\/\/nbg.eu\/product\/trigger-bar-spring-kmr\/"},"modified":"2026-02-26T12:13:56","modified_gmt":"2026-02-26T09:13:56","slug":"trigger-bar-spring-kmr","status":"publish","type":"product","link":"https:\/\/nbg.eu\/pl\/produkt\/trigger-bar-spring-kmr\/","title":{"rendered":"Spr\u0119\u017cyna d\u017awigni spustowej KMR"},"content":{"rendered":"<h2>Spr\u0119\u017cyna spustu KMR dla broni KMR<\/h2>\n<p>Zaprojektowana z precyzj\u0105 i trwa\u0142o\u015bci\u0105, ta spr\u0119\u017cyna zapewnia p\u0142ynne i niezawodne dzia\u0142anie spustu w tych zaawansowanych systemach broni. Jej solidna konstrukcja i staranna projektowanie gwarantuj\u0105 sta\u0142\u0105 wydajno\u015b\u0107, nawet w najbardziej wymagaj\u0105cych warunkach.<\/p>\n<p>Niezale\u017cnie od tego, czy jeste\u015b profesjonalnym strzelcem, czy pasjonuj\u0105cym si\u0119 entuzjast\u0105, ten element jest niezb\u0119dn\u0105 cz\u0119\u015bci\u0105 zamienn\u0105 do utrzymania optymalnej funkcjonalno\u015bci broni KMR. Zainwestuj w ten wysokiej jako\u015bci komponent, aby zachowa\u0107 szczytow\u0105 wydajno\u015b\u0107 swojej broni palnej.<\/p>\n<p>Dla broni KMR:<\/p>\n<p>KMR L-02 SPECTRA OD 2024<\/p>\n<p>KMR L-02 SPECTRA DO 2023<\/p>\n<p>KMR L-02 UMBRA (OR) SR<\/p>\n<p>KMR S-01 LANCE (OR)<\/p>\n<p>KMR S-02 OD 2024<\/p>\n<p>KMR S-02 DO 2023<\/p>\n<p>KMR W-02 CUDA (OR)<\/p>\n<p>KMR W-02 UMBRA<\/p>\n<p>KMR W-02 UMBRA (OR)<\/p>\n","protected":false},"excerpt":{"rendered":"<p>Spr\u0119\u017cyna d\u017awigni spustowej dla modeli KMR.<\/p>\n","protected":false},"featured_media":24646,"template":"","meta":{"_acf_changed":false},"product_brand":[11510],"product_cat":[12573,12591],"product_tag":[],"class_list":{"0":"post-694848","1":"product","2":"type-product","3":"status-publish","4":"has-post-thumbnail","6":"product_brand-kmr-precision","7":"product_cat-czesci-kmr","8":"product_cat-sprezyny","10":"first","11":"instock","12":"taxable","13":"shipping-taxable","14":"product-type-simple"},"acf":[],"_links":{"self":[{"href":"https:\/\/nbg.eu\/pl\/wp-json\/wp\/v2\/product\/694848","targetHints":{"allow":["GET"]}}],"collection":[{"href":"https:\/\/nbg.eu\/pl\/wp-json\/wp\/v2\/product"}],"about":[{"href":"https:\/\/nbg.eu\/pl\/wp-json\/wp\/v2\/types\/product"}],"wp:featuredmedia":[{"embeddable":true,"href":"https:\/\/nbg.eu\/pl\/wp-json\/wp\/v2\/media\/24646"}],"wp:attachment":[{"href":"https:\/\/nbg.eu\/pl\/wp-json\/wp\/v2\/media?parent=694848"}],"wp:term":[{"taxonomy":"product_brand","embeddable":true,"href":"https:\/\/nbg.eu\/pl\/wp-json\/wp\/v2\/product_brand?post=694848"},{"taxonomy":"product_cat","embeddable":true,"href":"https:\/\/nbg.eu\/pl\/wp-json\/wp\/v2\/product_cat?post=694848"},{"taxonomy":"product_tag","embeddable":true,"href":"https:\/\/nbg.eu\/pl\/wp-json\/wp\/v2\/product_tag?post=694848"}],"curies":[{"name":"wp","href":"https:\/\/api.w.org\/{rel}","templated":true}]}}