{"id":694876,"date":"2025-03-09T15:43:31","date_gmt":"2025-03-09T12:43:31","guid":{"rendered":"https:\/\/nbg.eu\/product\/blue-force-gear-trauma-kit-now-medium-medical-supplies\/"},"modified":"2026-05-13T16:43:14","modified_gmt":"2026-05-13T13:43:14","slug":"blue-force-gear-trauma-kit-now-medium-medical-supplies","status":"publish","type":"product","link":"https:\/\/nbg.eu\/pl\/produkt\/blue-force-gear-trauma-kit-now-medium-medical-supplies\/","title":{"rendered":"Blue Force Gear Trauma Kit NOW! Medium Medical Supplies"},"content":{"rendered":"<h2>Zestaw medyczny Blue Force Gear Trauma Kit NOW! (\u015aredni)<\/h2>\n<p>Szybko uzyskaj dost\u0119p do niezb\u0119dnego, ratuj\u0105cego \u017cycie sprz\u0119tu medycznego z zestawem Blue Force Gear Trauma Kit NOW! (\u015aredni). Zaprojektowany do &#8222;Natychmiastowej Akcji&#8221; w nag\u0142ych wypadkach medycznych, ten zestaw cechuje si\u0119 szybkim, jednor\u0119kocznym dost\u0119pem. Konstrukcja z uchwytem umo\u017cliwia ca\u0142kowite rozwini\u0119cie wk\u0142adu medycznego pojedynczym ruchem ka\u017cdej r\u0119ki, zapewniaj\u0105c dost\u0119p do krytycznych materia\u0142\u00f3w, takich jak opaski uciskowe, opatrunki hemostatyczne i plomby do ran klatki piersiowej w ci\u0105gu sekund, gdy ka\u017cda chwila jest na wag\u0119 z\u0142ota.<\/p>\n<p>Wykonany z technologi\u0105 uchwyt\u00f3w BLIP (Ballistic Line Integrated Pull), systemem mocowania Helium Whisper i konstrukcj\u0105 z MIL-SPEC 500D Cordura, Trauma Kit NOW! (\u015aredni) to trwa\u0142e i niezawodne rozwi\u0105zanie na potrzeby przygotowania medycznego. Jego dwucz\u0119\u015bciowa budowa z zewn\u0119trzn\u0105 kieszeni\u0105 i wyjmowanym wk\u0142adem wewn\u0119trznym zapewnia wszechstronno\u015b\u0107 i organizacj\u0119, pomagaj\u0105c Ci by\u0107 gotowym na ka\u017cd\u0105 nag\u0142\u0105 sytuacj\u0119.<\/p>\n","protected":false},"excerpt":{"rendered":"<p>Szybko dost\u0119pny zestaw do uraz\u00f3w z niezb\u0119dnym sprz\u0119tem ratuj\u0105cym \u017cycie.<\/p>\n","protected":false},"featured_media":251689,"template":"","meta":{"_acf_changed":false},"product_brand":[11141],"product_cat":[12580],"product_tag":[],"class_list":{"0":"post-694876","1":"product","2":"type-product","3":"status-publish","4":"has-post-thumbnail","6":"product_brand-blue-force-gear","7":"product_cat-medyczne","9":"first","10":"instock","11":"taxable","12":"shipping-taxable","13":"purchasable","14":"product-type-variable","15":"wvs-archive-product-wrapper"},"acf":[],"_links":{"self":[{"href":"https:\/\/nbg.eu\/pl\/wp-json\/wp\/v2\/product\/694876","targetHints":{"allow":["GET"]}}],"collection":[{"href":"https:\/\/nbg.eu\/pl\/wp-json\/wp\/v2\/product"}],"about":[{"href":"https:\/\/nbg.eu\/pl\/wp-json\/wp\/v2\/types\/product"}],"wp:featuredmedia":[{"embeddable":true,"href":"https:\/\/nbg.eu\/pl\/wp-json\/wp\/v2\/media\/251689"}],"wp:attachment":[{"href":"https:\/\/nbg.eu\/pl\/wp-json\/wp\/v2\/media?parent=694876"}],"wp:term":[{"taxonomy":"product_brand","embeddable":true,"href":"https:\/\/nbg.eu\/pl\/wp-json\/wp\/v2\/product_brand?post=694876"},{"taxonomy":"product_cat","embeddable":true,"href":"https:\/\/nbg.eu\/pl\/wp-json\/wp\/v2\/product_cat?post=694876"},{"taxonomy":"product_tag","embeddable":true,"href":"https:\/\/nbg.eu\/pl\/wp-json\/wp\/v2\/product_tag?post=694876"}],"curies":[{"name":"wp","href":"https:\/\/api.w.org\/{rel}","templated":true}]}}