{"id":695150,"date":"2024-08-16T23:17:10","date_gmt":"2024-08-16T20:17:10","guid":{"rendered":"https:\/\/nbg.eu\/product\/trigger-hammer-pin-kmr\/"},"modified":"2026-05-13T16:02:03","modified_gmt":"2026-05-13T13:02:03","slug":"trigger-hammer-pin-kmr","status":"publish","type":"product","link":"https:\/\/nbg.eu\/pl\/produkt\/trigger-hammer-pin-kmr\/","title":{"rendered":"KMR Spust &amp; Hammer Pin"},"content":{"rendered":"<h2>SPUST I TRZPIE\u0143 M\u0141OTKA<\/h2>\n<p>Ulepsz wydajno\u015b\u0107 swojej broni palnej za pomoc\u0105 SPUSTU I TRZPIENIA M\u0141OTKA, premium komponencie zast\u0119pczym zaprojektowanym w celu poprawy pracy spustu i og\u00f3lnego do\u015bwiadczenia strzeleckiego. Wykonany z wysokiej jako\u015bci materia\u0142\u00f3w, ten zestaw trzpieni jest zaprojektowany, aby zapewni\u0107 p\u0142ynn\u0105 i sta\u0142\u0105 prac\u0119 spustu, dostarczaj\u0105c poprawion\u0105 celno\u015b\u0107 i kontrol\u0119.<\/p>\n<p>Charakteryzuj\u0105c si\u0119 precyzyjnie obrabianym projektem, SPUST I TRZPIE\u0143 M\u0141OTKA zapewnia idealne dopasowanie do twojej broni palnej, minimalizuj\u0105c luzy i poprawiaj\u0105c reakcj\u0119 spustu. Jego trwa\u0142a konstrukcja jest stworzona, aby wytrzyma\u0107 trudy cz\u0119stego u\u017cytkowania, gwarantuj\u0105c d\u0142ugotrwa\u0142\u0105 niezawodno\u015b\u0107 i wydajno\u015b\u0107.<\/p>\n<p>Zaprojektowany jako \u0142atwa do zainstalowania wymiana, SPUST I TRZPIE\u0143 M\u0141OTKA mo\u017ce by\u0107 szybko i \u0142atwo zainstalowany, bez potrzeby specjalistycznych narz\u0119dzi czy rozleg\u0142ych modyfikacji. Niezale\u017cnie czy jeste\u015b zawodowym strzelcem, taktycznym operatorem, czy pasjonatem, ten zestaw trzpieni podniesie twoje umiej\u0119tno\u015bci strzeleckie i przeniesie wydajno\u015b\u0107 twojej broni na wy\u017cszy poziom.<\/p>\n<p>Do broni KMR, takich jak:<br \/>\nKMR L-02 EMIQ<br \/>\nKMR L-02 EMIQ (OR)<br \/>\nKMR L-02 ORCA OD 2024<br \/>\nKMR L-02 ORCA DO 2023<br \/>\nKMR L-02 SPECTRA OD 2024<br \/>\nKMR L-02 SPECTRA DO 2023<br \/>\nKMR L-02 UMBRA OD 2024<br \/>\nKMR L-02 UMBRA DO 2023<br \/>\nKMR S-01 LANCE (OR)<br \/>\nKMR S-02 OD 2024<br \/>\nKMR S-02 DO 2023<br \/>\nKMR W-02 CUDA OD 2024<br \/>\nKMR W-02 CUDA DO 2023<br \/>\nKMR W-02 UMBRA<br \/>\nKMR W-02 UMBRA (OR)<\/p>\n","protected":false},"excerpt":{"rendered":"<p>Wysokiej jako\u015bci spust i trzpie\u0144 m\u0142otka do pistolet\u00f3w KMR, precyzyjnie wykonane.<\/p>\n","protected":false},"featured_media":720200,"template":"","meta":{"_acf_changed":false},"product_brand":[11510],"product_cat":[12573],"product_tag":[],"class_list":{"0":"post-695150","1":"product","2":"type-product","3":"status-publish","4":"has-post-thumbnail","6":"product_brand-kmr-precision","7":"product_cat-czesci-kmr","9":"first","10":"instock","11":"taxable","12":"shipping-taxable","13":"product-type-simple"},"acf":[],"_links":{"self":[{"href":"https:\/\/nbg.eu\/pl\/wp-json\/wp\/v2\/product\/695150","targetHints":{"allow":["GET"]}}],"collection":[{"href":"https:\/\/nbg.eu\/pl\/wp-json\/wp\/v2\/product"}],"about":[{"href":"https:\/\/nbg.eu\/pl\/wp-json\/wp\/v2\/types\/product"}],"wp:featuredmedia":[{"embeddable":true,"href":"https:\/\/nbg.eu\/pl\/wp-json\/wp\/v2\/media\/720200"}],"wp:attachment":[{"href":"https:\/\/nbg.eu\/pl\/wp-json\/wp\/v2\/media?parent=695150"}],"wp:term":[{"taxonomy":"product_brand","embeddable":true,"href":"https:\/\/nbg.eu\/pl\/wp-json\/wp\/v2\/product_brand?post=695150"},{"taxonomy":"product_cat","embeddable":true,"href":"https:\/\/nbg.eu\/pl\/wp-json\/wp\/v2\/product_cat?post=695150"},{"taxonomy":"product_tag","embeddable":true,"href":"https:\/\/nbg.eu\/pl\/wp-json\/wp\/v2\/product_tag?post=695150"}],"curies":[{"name":"wp","href":"https:\/\/api.w.org\/{rel}","templated":true}]}}