{"id":695248,"date":"2024-09-18T13:32:40","date_gmt":"2024-09-18T10:32:40","guid":{"rendered":"https:\/\/nbg.eu\/product\/trigger-spring-sa-kmr\/"},"modified":"2026-05-13T16:03:09","modified_gmt":"2026-05-13T13:03:09","slug":"trigger-spring-sa-kmr","status":"publish","type":"product","link":"https:\/\/nbg.eu\/pl\/produkt\/trigger-spring-sa-kmr\/","title":{"rendered":"KMR Spr\u0119\u017cyna Spustu SA"},"content":{"rendered":"<h2>Wysokowydajny upgrade dla broni KMR<\/h2>\n<p>Podnie\u015b wydajno\u015b\u0107 swojej broni KMR przy u\u017cyciu tego spustu, precyzyjnie zaprojektowanej cz\u0119\u015bci zamiennej przeznaczonej do bezproblemowej kompatybilno\u015bci. Wykonany z wysokiej jako\u015bci materia\u0142\u00f3w, ten spust spr\u0119\u017cyny zapewnia g\u0142adki, sp\u00f3jny ruch spustu, zwi\u0119kszaj\u0105c celno\u015b\u0107 i kontrol\u0119 strzelania.<\/p>\n<p>Zaprojektowany z najwi\u0119ksz\u0105 staranno\u015bci\u0105, spust spr\u0119\u017cyny charakteryzuje si\u0119 starannie skalibrowanym napi\u0119ciem spr\u0119\u017cyny, co zapewnia wyrazisty i przewidywalny ruch spustu. Ta aktualizacja poprawia kontrol\u0119 nad spustem, umo\u017cliwiaj\u0105c bardziej precyzyjne rozmieszczenie strza\u0142\u00f3w i szybsze wykrywanie cel\u00f3w.<\/p>\n<p>Wykonany z wytrzyma\u0142ych, wysokiej jako\u015bci materia\u0142\u00f3w, spust spr\u0119\u017cyny jest zaprojektowany tak, aby wytrzyma\u0107 trudy cz\u0119stego u\u017cytkowania. Jego solidna konstrukcja i niezawodne dzia\u0142anie sprawiaj\u0105, \u017ce jest to niezb\u0119dna aktualizacja dla ka\u017cdego, kto chce poprawi\u0107 mo\u017cliwo\u015bci swojej broni KMR.<\/p>\n<p>Niezale\u017cnie od tego, czy jeste\u015b zawodowym strzelcem, operatorem taktycznym czy rekreacyjnym entuzjast\u0105, spust spr\u0119\u017cyny to idealny wyb\u00f3r, aby poprawi\u0107 wydajno\u015b\u0107 Twojej broni KMR. Do\u015bwiadcz r\u00f3\u017cnicy, jak\u0105 mo\u017ce zrobi\u0107 wysokiej jako\u015bci spust spr\u0119\u017cyny i podnie\u015b swoje strzelanie na nowy poziom.<\/p>\n","protected":false},"excerpt":{"rendered":"<p>Wymienne spr\u0119\u017cyny spustowe do modeli broni KMR L-02 EMIQ i ORCA (do 2023 r.).<\/p>\n","protected":false},"featured_media":24599,"template":"","meta":{"_acf_changed":false},"product_brand":[11510],"product_cat":[12573,12591,15031],"product_tag":[],"class_list":{"0":"post-695248","1":"product","2":"type-product","3":"status-publish","4":"has-post-thumbnail","6":"product_brand-kmr-precision","7":"product_cat-czesci-kmr","8":"product_cat-sprezyny","9":"product_cat-trigger-springs-pl","11":"first","12":"instock","13":"taxable","14":"shipping-taxable","15":"product-type-simple"},"acf":[],"_links":{"self":[{"href":"https:\/\/nbg.eu\/pl\/wp-json\/wp\/v2\/product\/695248","targetHints":{"allow":["GET"]}}],"collection":[{"href":"https:\/\/nbg.eu\/pl\/wp-json\/wp\/v2\/product"}],"about":[{"href":"https:\/\/nbg.eu\/pl\/wp-json\/wp\/v2\/types\/product"}],"wp:featuredmedia":[{"embeddable":true,"href":"https:\/\/nbg.eu\/pl\/wp-json\/wp\/v2\/media\/24599"}],"wp:attachment":[{"href":"https:\/\/nbg.eu\/pl\/wp-json\/wp\/v2\/media?parent=695248"}],"wp:term":[{"taxonomy":"product_brand","embeddable":true,"href":"https:\/\/nbg.eu\/pl\/wp-json\/wp\/v2\/product_brand?post=695248"},{"taxonomy":"product_cat","embeddable":true,"href":"https:\/\/nbg.eu\/pl\/wp-json\/wp\/v2\/product_cat?post=695248"},{"taxonomy":"product_tag","embeddable":true,"href":"https:\/\/nbg.eu\/pl\/wp-json\/wp\/v2\/product_tag?post=695248"}],"curies":[{"name":"wp","href":"https:\/\/api.w.org\/{rel}","templated":true}]}}