{"id":695270,"date":"2024-08-16T23:17:42","date_gmt":"2024-08-16T20:17:42","guid":{"rendered":"https:\/\/nbg.eu\/product\/trigger-pin-kmr-s-02\/"},"modified":"2026-04-16T18:28:30","modified_gmt":"2026-04-16T15:28:30","slug":"trigger-pin-kmr-s-02","status":"publish","type":"product","link":"https:\/\/nbg.eu\/pl\/produkt\/trigger-pin-kmr-s-02\/","title":{"rendered":"KMR Trzpie\u0144 Spustu S-02"},"content":{"rendered":"<h2>Ko\u0142ek spustowy do KMR S-02: Precyzyjny o\u015b obrotu dla optymalnej wydajno\u015bci spustu<\/h2>\n<p>Ko\u0142ek spustowy do KMR S-02 to precyzyjnie zaprojektowany element, zaprojektowany w celu zapewnienia krytycznej osi mechanicznej dla zespo\u0142u spustu. Wykonany z zahartowanej stali narz\u0119dziowej, ten specjalistyczny ko\u0142ek obrotowy zapewnia bezszelestne dopasowanie w ramach wymiar\u00f3w ramy S-02, co przek\u0142ada si\u0119 na stabilniejszy ruch spustu i bardziej przewidywalny, precyzyjny wyzw\u00f3l.<\/p>\n<p>Charakteryzuj\u0105c si\u0119 powierzchni\u0105 o bardzo niskim wsp\u00f3\u0142czynniku tarcia i wysokiej odporno\u015bci na \u015bcinanie, ko\u0142ek spustowy chroni ram\u0119 S-02 przed wewn\u0119trznym zu\u017cyciem podczas intensywnego u\u017cytkowania, zachowuj\u0105c integralno\u015b\u0107 mechanizmu spustu, zapewniaj\u0105c niezawodne dzia\u0142anie przez d\u0142ugi czas. Ten poziom precyzji i dba\u0142o\u015bci o szczeg\u00f3\u0142y jest niezb\u0119dny dla strzelc\u00f3w, kt\u00f3rzy wymagaj\u0105 maksymalnej czu\u0142o\u015bci i sp\u00f3jno\u015bci spustu.<\/p>\n<p>Niezale\u017cnie od tego, czy jeste\u015b zawodowym strzelcem, operatorem taktycznym, czy pasjonatem, ko\u0142ek spustowy do KMR S-02 oferuje dopasowane rozwi\u0105zanie, aby wzbogaci\u0107 og\u00f3lne do\u015bwiadczenie z obs\u0142ug\u0105 spustu w Twojej broni. Podnie\u015b swoj\u0105 celno\u015b\u0107 i pewno\u015b\u0107 siebie podczas strzelania dzi\u0119ki temu precyzyjnie zaprojektowanemu elementowi, zaprojektowanemu do bezproblemowej integracji z podwoziem S-02 i dostarczaj\u0105cemu oczekiwanej przez Ciebie wydajno\u015bci.<\/p>\n","protected":false},"excerpt":{"rendered":"<p>Precyzyjny o\u015b obrotu dla podwozia KMR S-02, zahartowana stal, ultra niskotarciowa.<\/p>\n","protected":false},"featured_media":23762,"template":"","meta":{"_acf_changed":false},"product_brand":[11510],"product_cat":[12573],"product_tag":[],"class_list":{"0":"post-695270","1":"product","2":"type-product","3":"status-publish","4":"has-post-thumbnail","6":"product_brand-kmr-precision","7":"product_cat-czesci-kmr","9":"first","10":"instock","11":"taxable","12":"shipping-taxable","13":"product-type-simple"},"acf":[],"_links":{"self":[{"href":"https:\/\/nbg.eu\/pl\/wp-json\/wp\/v2\/product\/695270","targetHints":{"allow":["GET"]}}],"collection":[{"href":"https:\/\/nbg.eu\/pl\/wp-json\/wp\/v2\/product"}],"about":[{"href":"https:\/\/nbg.eu\/pl\/wp-json\/wp\/v2\/types\/product"}],"wp:featuredmedia":[{"embeddable":true,"href":"https:\/\/nbg.eu\/pl\/wp-json\/wp\/v2\/media\/23762"}],"wp:attachment":[{"href":"https:\/\/nbg.eu\/pl\/wp-json\/wp\/v2\/media?parent=695270"}],"wp:term":[{"taxonomy":"product_brand","embeddable":true,"href":"https:\/\/nbg.eu\/pl\/wp-json\/wp\/v2\/product_brand?post=695270"},{"taxonomy":"product_cat","embeddable":true,"href":"https:\/\/nbg.eu\/pl\/wp-json\/wp\/v2\/product_cat?post=695270"},{"taxonomy":"product_tag","embeddable":true,"href":"https:\/\/nbg.eu\/pl\/wp-json\/wp\/v2\/product_tag?post=695270"}],"curies":[{"name":"wp","href":"https:\/\/api.w.org\/{rel}","templated":true}]}}