{"id":695298,"date":"2024-09-18T20:47:10","date_gmt":"2024-09-18T17:47:10","guid":{"rendered":"https:\/\/nbg.eu\/product\/weaver-r-n-for-benelli-argo\/"},"modified":"2026-05-13T16:03:02","modified_gmt":"2026-05-13T13:03:02","slug":"weaver-r-n-for-benelli-argo","status":"publish","type":"product","link":"https:\/\/nbg.eu\/pl\/produkt\/weaver-r-n-for-benelli-argo\/","title":{"rendered":"Weaver R\/N for Benelli ARGO"},"content":{"rendered":"<h2>Szynka Weaver do Benelli ARGO (R\/N): Solidne mocowanie optyki do Twojego Benelli ARGO<\/h2>\n<p>Podnie\u015b wydajno\u015b\u0107 swojego Benelli ARGO dzi\u0119ki szynce Weaver do Benelli ARGO (R\/N). Wykonana z wysokowytrzyma\u0142ej stali i wyposa\u017cona w standard Weaver\/Picatinny, ta szynka jest zaprojektowana, aby zapewni\u0107 solidne, odporne na odrzut mocowanie dla monta\u017cu lunet, czerwonych punkt\u00f3w i innych optyki.<\/p>\n<p>Promie\u0144 &#8222;R\/N&#8221; (Rounded\/Negative) szynki dok\u0142adnie pasuje do krzywizny korpusu Benelli ARGO, zapewniaj\u0105c 100% dopasowanie powierzchni. Ten staranny projekt zapobiega przesuwaniu si\u0119 lub poluzowaniu szynki, nawet przy szybkostrzelnym cyklu du\u017cych kalibr\u00f3w.<\/p>\n<p>Z matowym czarnym wyko\u0144czeniem szynka Weaver do Benelli ARGO (R\/N) idealnie harmonizuje si\u0119 z estetyk\u0105 twojego karabinu, dostarczaj\u0105c stabilno\u015b\u0107 i niezawodno\u015b\u0107, kt\u00f3rej potrzebujesz do precyzyjnej, dalekosi\u0119\u017cnej strzelani. Podnie\u015b wydajno\u015b\u0107 swojego Benelli ARGO i zabierz swoj\u0105 przygod\u0119 ze strzelectwem na nowe wy\u017cyny dzi\u0119ki tej wysokiej jako\u015bci szynce Weaver.<\/p>\n","protected":false},"excerpt":{"rendered":"<p>Szyna Weaver do karabinka Benelli ARGO (R\/N) zapewnia wysok\u0105 stabilno\u015b\u0107 monta\u017cu optyki na twoim p\u00f3\u0142automatycznym karabinie.<\/p>\n","protected":false},"featured_media":64713,"template":"","meta":{"_acf_changed":false},"product_brand":[],"product_cat":[12574,12600],"product_tag":[],"class_list":{"0":"post-695298","1":"product","2":"type-product","3":"status-publish","4":"has-post-thumbnail","6":"product_cat-celowanie","7":"product_cat-mocowania","9":"first","10":"outofstock","11":"taxable","12":"shipping-taxable","13":"purchasable","14":"product-type-simple"},"acf":[],"_links":{"self":[{"href":"https:\/\/nbg.eu\/pl\/wp-json\/wp\/v2\/product\/695298","targetHints":{"allow":["GET"]}}],"collection":[{"href":"https:\/\/nbg.eu\/pl\/wp-json\/wp\/v2\/product"}],"about":[{"href":"https:\/\/nbg.eu\/pl\/wp-json\/wp\/v2\/types\/product"}],"wp:featuredmedia":[{"embeddable":true,"href":"https:\/\/nbg.eu\/pl\/wp-json\/wp\/v2\/media\/64713"}],"wp:attachment":[{"href":"https:\/\/nbg.eu\/pl\/wp-json\/wp\/v2\/media?parent=695298"}],"wp:term":[{"taxonomy":"product_brand","embeddable":true,"href":"https:\/\/nbg.eu\/pl\/wp-json\/wp\/v2\/product_brand?post=695298"},{"taxonomy":"product_cat","embeddable":true,"href":"https:\/\/nbg.eu\/pl\/wp-json\/wp\/v2\/product_cat?post=695298"},{"taxonomy":"product_tag","embeddable":true,"href":"https:\/\/nbg.eu\/pl\/wp-json\/wp\/v2\/product_tag?post=695298"}],"curies":[{"name":"wp","href":"https:\/\/api.w.org\/{rel}","templated":true}]}}