{"id":696302,"date":"2025-12-22T17:18:06","date_gmt":"2025-12-22T14:18:06","guid":{"rendered":"https:\/\/nbg.eu\/product\/torba-podrozna-atlas\/"},"modified":"2026-04-15T14:35:46","modified_gmt":"2026-04-15T11:35:46","slug":"torba-podrozna-atlas","status":"publish","type":"product","link":"https:\/\/nbg.eu\/pl\/produkt\/torba-podrozna-atlas\/","title":{"rendered":"Eberlestock Torba Podr\u00f3\u017cna Atlas"},"content":{"rendered":"<h2>Atlas Duffel: Noszenie sprz\u0119tu w stylu i wygodzie<\/h2>\n<p>Atlas Duffel to m\u0142odszy brat naszej popularnej torby Hercules Duffel, oferuj\u0105cy wszystkie te same cechy, kt\u00f3re ludzie ceni\u0105. Z du\u017c\u0105 g\u0142\u00f3wn\u0105 komor\u0105, wy\u015bcie\u0142anymi przegrodami, sze\u015bcioma zewn\u0119trznymi kieszeniami na zamek b\u0142yskawiczny i twardym przedzia\u0142em w dolnej cz\u0119\u015bci, ta trwa\u0142a torba podr\u00f3\u017cna jest zaprojektowana, aby utrzymywa\u0107 Tw\u00f3j sprz\u0119t uporz\u0105dkowany i chroniony.<\/p>\n<p>Zabezpieczona zamkami bezpiecze\u0144stwa YKK, torba Atlas Duffel zapewnia bezpiecze\u0144stwo Twoich rzeczy, nawet w najtrudniejszych warunkach. Do\u0142\u0105czona os\u0142ona przeciwdeszczowa zapewnia dodatkow\u0105 warstw\u0119 ochrony, chroni\u0105c Tw\u00f3j sprz\u0119t przed wilgoci\u0105 i kurzem.<\/p>\n<p>Imponuj\u0105ce wymiary 29,5H x 16W x 16D, z obj\u0119to\u015bci\u0105 5 844 c.i. \/ 95,77 L i wag\u0105 12 funt\u00f3w 12 uncji, torba Atlas Duffel oferuje wystarczaj\u0105c\u0105 przestrze\u0144 na pomieszczenie wszystkich Twoich niezb\u0119dnych rzeczy. 4-calowy g\u0142\u0119boki dolny przedzia\u0142 zapewnia wygodne miejsce do przechowywania przedmiot\u00f3w, do kt\u00f3rych potrzebujesz szybkiego dost\u0119pu.<\/p>\n<p>Wykonana z twardego dna i funkcjonalnymi ko\u0142ami, torba Atlas Duffel jest zbudowana, aby wytrzyma\u0107 trudy podr\u00f3\u017cy. Jej wewn\u0119trzne kieszenie i konfigurowalne rzepy pozwalaj\u0105 dostosowa\u0107 organizacj\u0119 do Twoich konkretnych potrzeb, czyni\u0105c j\u0105 idealnym towarzyszem Twoich przyg\u00f3d.<\/p>\n","protected":false},"excerpt":{"rendered":"<p>Torba Atlas Duffel to przestronna i wszechstronna torba z tward\u0105 podstaw\u0105, wy\u015bcie\u0142anymi przegrodami i pokrowcem przeciwdeszczowym zapewniaj\u0105cym ochron\u0119 w ka\u017cdych warunkach pogodowych.<\/p>\n","protected":false},"featured_media":696370,"template":"","meta":{"_acf_changed":false},"product_brand":[15144],"product_cat":[12563],"product_tag":[],"class_list":{"0":"post-696302","1":"product","2":"type-product","3":"status-publish","4":"has-post-thumbnail","6":"product_brand-eberlestock","7":"product_cat-torby-strzeleckie","9":"first","10":"instock","11":"taxable","12":"shipping-taxable","13":"purchasable","14":"product-type-variable","15":"wvs-archive-product-wrapper"},"acf":[],"_links":{"self":[{"href":"https:\/\/nbg.eu\/pl\/wp-json\/wp\/v2\/product\/696302","targetHints":{"allow":["GET"]}}],"collection":[{"href":"https:\/\/nbg.eu\/pl\/wp-json\/wp\/v2\/product"}],"about":[{"href":"https:\/\/nbg.eu\/pl\/wp-json\/wp\/v2\/types\/product"}],"wp:featuredmedia":[{"embeddable":true,"href":"https:\/\/nbg.eu\/pl\/wp-json\/wp\/v2\/media\/696370"}],"wp:attachment":[{"href":"https:\/\/nbg.eu\/pl\/wp-json\/wp\/v2\/media?parent=696302"}],"wp:term":[{"taxonomy":"product_brand","embeddable":true,"href":"https:\/\/nbg.eu\/pl\/wp-json\/wp\/v2\/product_brand?post=696302"},{"taxonomy":"product_cat","embeddable":true,"href":"https:\/\/nbg.eu\/pl\/wp-json\/wp\/v2\/product_cat?post=696302"},{"taxonomy":"product_tag","embeddable":true,"href":"https:\/\/nbg.eu\/pl\/wp-json\/wp\/v2\/product_tag?post=696302"}],"curies":[{"name":"wp","href":"https:\/\/api.w.org\/{rel}","templated":true}]}}