{"id":696670,"date":"2025-12-22T15:43:37","date_gmt":"2025-12-22T12:43:37","guid":{"rendered":"https:\/\/nbg.eu\/product\/misja-plecak-szturmowy-multicam\/"},"modified":"2026-04-15T14:36:00","modified_gmt":"2026-04-15T11:36:00","slug":"misja-plecak-szturmowy-multicam","status":"publish","type":"product","link":"https:\/\/nbg.eu\/pl\/produkt\/misja-plecak-szturmowy-multicam\/","title":{"rendered":"Eberlestock Plecak Szturmowy Mission &#8211; Multicam"},"content":{"rendered":"<h2>Plecak szturmowy &#8211; Multicam<\/h2>\n<p>Zbudowany od podstaw, aby pasowa\u0107 do stosu, plecak szturmowy wsp\u00f3\u0142pracuje z ram\u0105 misji, tworz\u0105c kompaktowy, no\u015bny system. Dzi\u0119ki licznym funkcjom organizacyjnym, bezpiecznemu i regulowanemu dopasowaniu oraz \u0142atwemu dost\u0119powi do wn\u0119trza, plecak szturmowy pozwala ci pozosta\u0107 na celu. Mo\u017cliwo\u015b\u0107 dodawania dodatkowych akcesori\u00f3w i funkcji za po\u015brednictwem systemu Mission EMOD jeszcze bardziej zwi\u0119ksza mo\u017cliwo\u015bci tego plecaka.<\/p>\n<p>Wa\u017c\u0105cy 1 funt 12 uncji, plecak szturmowy jest wykonany z trwa\u0142ego materia\u0142u 500D Ripstop i oferuje pojemno\u015b\u0107 2000 cali sze\u015bciennych, aby pomie\u015bci\u0107 niezb\u0119dny sprz\u0119t.<\/p>\n","protected":false},"excerpt":{"rendered":"<p>Wszechstronny, modularny plecak szturmowy z funkcjami organizacyjnymi i kompatybilno\u015bci\u0105 z systemem EMOD.<\/p>\n","protected":false},"featured_media":696695,"template":"","meta":{"_acf_changed":false},"product_brand":[15144],"product_cat":[12567],"product_tag":[],"class_list":{"0":"post-696670","1":"product","2":"type-product","3":"status-publish","4":"has-post-thumbnail","6":"product_brand-eberlestock","7":"product_cat-plecaki","9":"first","10":"outofstock","11":"taxable","12":"shipping-taxable","13":"purchasable","14":"product-type-variable","15":"wvs-archive-product-wrapper"},"acf":[],"_links":{"self":[{"href":"https:\/\/nbg.eu\/pl\/wp-json\/wp\/v2\/product\/696670","targetHints":{"allow":["GET"]}}],"collection":[{"href":"https:\/\/nbg.eu\/pl\/wp-json\/wp\/v2\/product"}],"about":[{"href":"https:\/\/nbg.eu\/pl\/wp-json\/wp\/v2\/types\/product"}],"wp:featuredmedia":[{"embeddable":true,"href":"https:\/\/nbg.eu\/pl\/wp-json\/wp\/v2\/media\/696695"}],"wp:attachment":[{"href":"https:\/\/nbg.eu\/pl\/wp-json\/wp\/v2\/media?parent=696670"}],"wp:term":[{"taxonomy":"product_brand","embeddable":true,"href":"https:\/\/nbg.eu\/pl\/wp-json\/wp\/v2\/product_brand?post=696670"},{"taxonomy":"product_cat","embeddable":true,"href":"https:\/\/nbg.eu\/pl\/wp-json\/wp\/v2\/product_cat?post=696670"},{"taxonomy":"product_tag","embeddable":true,"href":"https:\/\/nbg.eu\/pl\/wp-json\/wp\/v2\/product_tag?post=696670"}],"curies":[{"name":"wp","href":"https:\/\/api.w.org\/{rel}","templated":true}]}}