{"id":697072,"date":"2025-12-22T16:18:10","date_gmt":"2025-12-22T13:18:10","guid":{"rendered":"https:\/\/nbg.eu\/product\/misja-rozszerzenie-zamka-blyskawicznego-multicam\/"},"modified":"2026-04-15T14:35:53","modified_gmt":"2026-04-15T11:35:53","slug":"misja-rozszerzenie-zamka-blyskawicznego-multicam","status":"publish","type":"product","link":"https:\/\/nbg.eu\/pl\/produkt\/misja-rozszerzenie-zamka-blyskawicznego-multicam\/","title":{"rendered":"Eberlestock Przed\u0142u\u017cenie Zamka B\u0142yskawicznego Mission EMOD &#8211; Multicam"},"content":{"rendered":"<h2>Misja Suwak Przed\u0142u\u017cenie-Multicam<\/h2>\n<p>Przed\u0142u\u017cenie suwaka misji \u0142\u0105czy cel i u\u017cyteczno\u015b\u0107 dla operatora. Przed\u0142u\u017cenie suwaka mocuje si\u0119 do powierzchni ramki EMOD Mission i jest zaprojektowane do u\u017cycia z Mission ARC i Mission Pack, aby zwi\u0119kszy\u0107 pojemno\u015b\u0107 i wszechstronno\u015b\u0107 sprz\u0119tu. Ta\u015bma MOLLE i laminowana konstrukcja z dw\u00f3ch warstw 500D zapewniaj\u0105 potrzebne funkcje do wydajnego prowadzenia kabli, prowadzenia anten i mocowania opatrunk\u00f3w uciskowych. Przed\u0142u\u017cenie suwaka Mission pe\u0142ni kluczow\u0105 rol\u0119 w wzmocnieniu Twojej wydajno\u015bci w terenie.<\/p>\n<h2>Wymiary<\/h2>\n<p>Wymiary: 15&#8243; x 3&#8243;<\/p>\n<h2>Cechy<\/h2>\n<ul>\n<li>Tkanina 500D<\/li>\n<li>Zamki YKK<\/li>\n<li>Podw\u00f3jna warstwa laminatu<\/li>\n<\/ul>\n","protected":false},"excerpt":{"rendered":"<p>Rozszerzenie zamka b\u0142yskawicznego Mission &#8211; Multicam zwi\u0119ksza pojemno\u015b\u0107 sprz\u0119tu dzi\u0119ki ta\u015bmom MOLLE i laminowanej konstrukcji 500D, umo\u017cliwiaj\u0105c prowadzenie kabli i anten.<\/p>\n","protected":false},"featured_media":697101,"template":"","meta":{"_acf_changed":false},"product_brand":[15144],"product_cat":[12567],"product_tag":[],"class_list":{"0":"post-697072","1":"product","2":"type-product","3":"status-publish","4":"has-post-thumbnail","6":"product_brand-eberlestock","7":"product_cat-plecaki","9":"first","10":"instock","11":"taxable","12":"shipping-taxable","13":"purchasable","14":"product-type-variable","15":"wvs-archive-product-wrapper"},"acf":[],"_links":{"self":[{"href":"https:\/\/nbg.eu\/pl\/wp-json\/wp\/v2\/product\/697072","targetHints":{"allow":["GET"]}}],"collection":[{"href":"https:\/\/nbg.eu\/pl\/wp-json\/wp\/v2\/product"}],"about":[{"href":"https:\/\/nbg.eu\/pl\/wp-json\/wp\/v2\/types\/product"}],"wp:featuredmedia":[{"embeddable":true,"href":"https:\/\/nbg.eu\/pl\/wp-json\/wp\/v2\/media\/697101"}],"wp:attachment":[{"href":"https:\/\/nbg.eu\/pl\/wp-json\/wp\/v2\/media?parent=697072"}],"wp:term":[{"taxonomy":"product_brand","embeddable":true,"href":"https:\/\/nbg.eu\/pl\/wp-json\/wp\/v2\/product_brand?post=697072"},{"taxonomy":"product_cat","embeddable":true,"href":"https:\/\/nbg.eu\/pl\/wp-json\/wp\/v2\/product_cat?post=697072"},{"taxonomy":"product_tag","embeddable":true,"href":"https:\/\/nbg.eu\/pl\/wp-json\/wp\/v2\/product_tag?post=697072"}],"curies":[{"name":"wp","href":"https:\/\/api.w.org\/{rel}","templated":true}]}}