{"id":697224,"date":"2025-12-22T16:34:07","date_gmt":"2025-12-22T13:34:07","guid":{"rendered":"https:\/\/nbg.eu\/product\/misja-rama-emod-multicam\/"},"modified":"2026-04-15T14:35:50","modified_gmt":"2026-04-15T11:35:50","slug":"misja-rama-emod-multicam","status":"publish","type":"product","link":"https:\/\/nbg.eu\/pl\/produkt\/misja-rama-emod-multicam\/","title":{"rendered":"Eberlestock Rama Mission EMOD &#8211; Multicam"},"content":{"rendered":"<h2>Rama Misji &#8211; EMOD -Multicam<\/h2>\n<p>Podstaw\u0105 Misji EMOD, Rama Misji, zapewnia wytrzyma\u0142\u0105, modu\u0142ow\u0105 i kompaktow\u0105 podstaw\u0119 dla Twojego nowego ekwipunku. Po niezliczonych godzinach test\u00f3w i rozwoju wraz z Operatorami SOF ze wszystkich ga\u0142\u0119zi, ta rama zosta\u0142a zaprojektowana tak, aby dopasowywa\u0107 si\u0119 i funkcjonowa\u0107 p\u0142ynnie wraz z Twoim sprz\u0119tem, zar\u00f3wno na Twojej osobie, jak i poza ni\u0105.<\/p>\n<p>Wymiary: 2 LB 15 OZ<\/p>\n","protected":false},"excerpt":{"rendered":"<p>Rama Wielozadaniowa EMOD -Multicam: solidny, modu\u0142owy i kompaktowy punkt wyj\u015bcia do Twojego ekwipunku, zaprojektowany z my\u015bl\u0105 o specjalno\u015bciach si\u0142 zbrojnych.<\/p>\n","protected":false},"featured_media":697365,"template":"","meta":{"_acf_changed":false},"product_brand":[15144],"product_cat":[12567],"product_tag":[],"class_list":{"0":"post-697224","1":"product","2":"type-product","3":"status-publish","4":"has-post-thumbnail","6":"product_brand-eberlestock","7":"product_cat-plecaki","9":"first","10":"instock","11":"taxable","12":"shipping-taxable","13":"purchasable","14":"product-type-variable","15":"wvs-archive-product-wrapper"},"acf":[],"_links":{"self":[{"href":"https:\/\/nbg.eu\/pl\/wp-json\/wp\/v2\/product\/697224","targetHints":{"allow":["GET"]}}],"collection":[{"href":"https:\/\/nbg.eu\/pl\/wp-json\/wp\/v2\/product"}],"about":[{"href":"https:\/\/nbg.eu\/pl\/wp-json\/wp\/v2\/types\/product"}],"wp:featuredmedia":[{"embeddable":true,"href":"https:\/\/nbg.eu\/pl\/wp-json\/wp\/v2\/media\/697365"}],"wp:attachment":[{"href":"https:\/\/nbg.eu\/pl\/wp-json\/wp\/v2\/media?parent=697224"}],"wp:term":[{"taxonomy":"product_brand","embeddable":true,"href":"https:\/\/nbg.eu\/pl\/wp-json\/wp\/v2\/product_brand?post=697224"},{"taxonomy":"product_cat","embeddable":true,"href":"https:\/\/nbg.eu\/pl\/wp-json\/wp\/v2\/product_cat?post=697224"},{"taxonomy":"product_tag","embeddable":true,"href":"https:\/\/nbg.eu\/pl\/wp-json\/wp\/v2\/product_tag?post=697224"}],"curies":[{"name":"wp","href":"https:\/\/api.w.org\/{rel}","templated":true}]}}