{"id":697545,"date":"2025-12-22T17:34:47","date_gmt":"2025-12-22T14:34:47","guid":{"rendered":"https:\/\/nbg.eu\/product\/torba-na-bron-sportowa\/"},"modified":"2026-04-15T14:35:43","modified_gmt":"2026-04-15T11:35:43","slug":"torba-na-bron-sportowa","status":"publish","type":"product","link":"https:\/\/nbg.eu\/pl\/produkt\/torba-na-bron-sportowa\/","title":{"rendered":"Eberlestock Torba na Strzelnicy Bang-Bang"},"content":{"rendered":"<h2>Torba strzelecka Bang-Bang<\/h2>\n<p>Torba Bang Bang\u2122 zosta\u0142a opracowana jako kompaktowa torba strzelecka, kt\u00f3ra ma pomie\u015bci\u0107 wszystkie niezb\u0119dne akcesoria i chroni\u0107 je przed wp\u0142ywem czynnik\u00f3w zewn\u0119trznych. Poliestrowa podstawa czyni t\u0119 torb\u0119 nieprzepuszczaln\u0105 dla mokrego gruntu, ska\u0142, zanieczyszcze\u0144 i py\u0142u powstaj\u0105cego na strzelnicy.<\/p>\n<p>G\u0142\u00f3wna komora posiada konfigurowalne, wy\u015bcie\u0142ane przegr\u00f3dki, kt\u00f3re pozwalaj\u0105 bezpiecznie i w uporz\u0105dkowany spos\u00f3b przechowywa\u0107 przedmioty medyczne, narz\u0119dzia, sprz\u0119t fotograficzny oraz inne wyposa\u017cenie strzeleckie. Dolna komora doskonale nadaje si\u0119 do przechowywania pistolet\u00f3w, narz\u0119dzi lub nawet kompaktowego karabinu.<\/p>\n<h2>Wymiary<\/h2>\n<p>Pojemno\u015b\u0107: 2062,5 c.i. \/ 33,80L<br \/>\nWaga: 4 funty<br \/>\nWymiary: 10,25 wys. x 21 szer. x 10 g\u0142\u0119b.<br \/>\nDolna komora: 21,5&#8243; d\u0142. x 9,5&#8243; szer. x 2&#8243; g\u0142\u0119b.<\/p>\n<h2>Funkcje<\/h2>\n<ul>\n<li>Poliestrowa dolna pow\u0142oka<\/li>\n<li>Wy\u015bcie\u0142ana, konfigurowalna komora g\u0142\u00f3wna<\/li>\n<li>Regulowany pasek naramienny<\/li>\n<li>Konfigurowalne przegr\u00f3dki organizacyjne<\/li>\n<li>Dolna komora do bezpiecznego przechowywania<\/li>\n<\/ul>\n","protected":false},"excerpt":{"rendered":"<p>Torba Zasi\u0119gowa Bang-Bang to kompaktowa, wytrzyma\u0142a torba z baz\u0105 poliw\u0119glanow\u0105 oraz konfigurowalne wn\u0119trze, maj\u0105ca na celu ochron\u0119 Twojego niezb\u0119dnego wyposa\u017cenia.<\/p>\n","protected":false},"featured_media":697582,"template":"","meta":{"_acf_changed":false},"product_brand":[15144],"product_cat":[12563],"product_tag":[],"class_list":{"0":"post-697545","1":"product","2":"type-product","3":"status-publish","4":"has-post-thumbnail","6":"product_brand-eberlestock","7":"product_cat-torby-strzeleckie","9":"first","10":"instock","11":"taxable","12":"shipping-taxable","13":"purchasable","14":"product-type-variable","15":"wvs-archive-product-wrapper"},"acf":[],"_links":{"self":[{"href":"https:\/\/nbg.eu\/pl\/wp-json\/wp\/v2\/product\/697545","targetHints":{"allow":["GET"]}}],"collection":[{"href":"https:\/\/nbg.eu\/pl\/wp-json\/wp\/v2\/product"}],"about":[{"href":"https:\/\/nbg.eu\/pl\/wp-json\/wp\/v2\/types\/product"}],"wp:featuredmedia":[{"embeddable":true,"href":"https:\/\/nbg.eu\/pl\/wp-json\/wp\/v2\/media\/697582"}],"wp:attachment":[{"href":"https:\/\/nbg.eu\/pl\/wp-json\/wp\/v2\/media?parent=697545"}],"wp:term":[{"taxonomy":"product_brand","embeddable":true,"href":"https:\/\/nbg.eu\/pl\/wp-json\/wp\/v2\/product_brand?post=697545"},{"taxonomy":"product_cat","embeddable":true,"href":"https:\/\/nbg.eu\/pl\/wp-json\/wp\/v2\/product_cat?post=697545"},{"taxonomy":"product_tag","embeddable":true,"href":"https:\/\/nbg.eu\/pl\/wp-json\/wp\/v2\/product_tag?post=697545"}],"curies":[{"name":"wp","href":"https:\/\/api.w.org\/{rel}","templated":true}]}}