{"id":697998,"date":"2025-12-22T17:41:31","date_gmt":"2025-12-22T14:41:31","guid":{"rendered":"https:\/\/nbg.eu\/product\/plecak-upranger\/"},"modified":"2026-01-07T13:14:44","modified_gmt":"2026-01-07T10:14:44","slug":"plecak-upranger","status":"publish","type":"product","link":"https:\/\/nbg.eu\/pl\/produkt\/plecak-upranger\/","title":{"rendered":"Plecak UpRanger"},"content":{"rendered":"<h2>Plecak UpRanger: Zrewolucjonizuj sw\u00f3j sprz\u0119t do 3-Gun i na zewn\u0105trz<\/h2>\n<p>Inspirowany potrzebami czempiona 3-Gunnera, plecak UpRanger\u2122 zmienia gr\u0119. Zaprojektowany tak, aby mo\u017cna by\u0142o go upu\u015bci\u0107 na jego trwa\u0142\u0105 zewn\u0119trzn\u0105 obudow\u0119 z poliw\u0119glanu, plecak mo\u017cna otworzy\u0107 od strony uprz\u0119\u017cy, aby szybko uzyska\u0107 dost\u0119p do swojego sprz\u0119tu bez zb\u0119dnego zu\u017cycia lub zabrudzenia. Niezale\u017cnie od tego, czy u\u017cywasz go na strzelnicy, jako odpornej na uszkodzenia torby na aparat, czy na inne przygody na \u015bwie\u017cym powietrzu, UpRanger ma pojemno\u015b\u0107 i funkcje, aby sprosta\u0107 temu wszystkiemu.<\/p>\n<p>Maj\u0105c pojemno\u015b\u0107 3260 cali sze\u015bciennych (53,4 L) i wa\u017c\u0105c zaledwie 6,45 funta, UpRanger jest wysoce wydajnym, a jednocze\u015bnie lekkim plecakiem. Jego wy\u015bcie\u0142ana, regulowana uprz\u0105\u017c na ramiona zapewnia wygodny spos\u00f3b noszenia, a konfigurowane przegr\u00f3dki pozwalaj\u0105 dostosowa\u0107 uk\u0142ad wn\u0119trza do twoich konkretnych potrzeb. Dla dodatkowej ochrony plecak jest kompatybilny z nasz\u0105 du\u017c\u0105 odwracaln\u0105 pokrowiec przeciwdeszczowy, aby chroni\u0107 tw\u00f3j sprz\u0119t w niesprzyjaj\u0105cej pogodzie.<\/p>\n<p>Dla optymalnego zestawu 3-Gun, po\u0142\u0105cz UpRanger z naszymi karabinkowymi pokrowcami Sidewinder, aby uzyska\u0107 kompleksowe rozwi\u0105zanie, kt\u00f3re zapewni bezpiecze\u0144stwo i \u0142atwy dost\u0119p do broni palnej. Zdejmowane panele boczne zapewniaj\u0105 dodatkow\u0105 uniwersalno\u015b\u0107, pozwalaj\u0105c ci skonfigurowa\u0107 plecak wed\u0142ug twoich indywidualnych wymaga\u0144.<\/p>\n<p>Podnie\u015b sw\u00f3j poziom organizacji sprz\u0119tu outdoorowego dzi\u0119ki innowacyjnemu plecakowi UpRanger, zaprojektowanemu, aby usprawni\u0107 twoje dzia\u0142ania i utrzyma\u0107 tw\u00f3j niezb\u0119dny sprz\u0119t w porz\u0105dku i ochroniony.<\/p>\n","protected":false},"excerpt":{"rendered":"<p>Wszechstronny pakiet 3-Gun z poliw\u0119glanow\u0105 podstaw\u0105 dla szybkiego, bezpy\u0142owego dost\u0119pu.<\/p>\n","protected":false},"featured_media":696442,"template":"","meta":{"_acf_changed":false},"product_brand":[15144],"product_cat":[12567],"product_tag":[],"class_list":{"0":"post-697998","1":"product","2":"type-product","3":"status-publish","4":"has-post-thumbnail","6":"product_brand-eberlestock","7":"product_cat-plecaki","9":"first","10":"instock","11":"taxable","12":"shipping-taxable","13":"purchasable","14":"product-type-variable","15":"wvs-archive-product-wrapper"},"acf":[],"_links":{"self":[{"href":"https:\/\/nbg.eu\/pl\/wp-json\/wp\/v2\/product\/697998","targetHints":{"allow":["GET"]}}],"collection":[{"href":"https:\/\/nbg.eu\/pl\/wp-json\/wp\/v2\/product"}],"about":[{"href":"https:\/\/nbg.eu\/pl\/wp-json\/wp\/v2\/types\/product"}],"wp:featuredmedia":[{"embeddable":true,"href":"https:\/\/nbg.eu\/pl\/wp-json\/wp\/v2\/media\/696442"}],"wp:attachment":[{"href":"https:\/\/nbg.eu\/pl\/wp-json\/wp\/v2\/media?parent=697998"}],"wp:term":[{"taxonomy":"product_brand","embeddable":true,"href":"https:\/\/nbg.eu\/pl\/wp-json\/wp\/v2\/product_brand?post=697998"},{"taxonomy":"product_cat","embeddable":true,"href":"https:\/\/nbg.eu\/pl\/wp-json\/wp\/v2\/product_cat?post=697998"},{"taxonomy":"product_tag","embeddable":true,"href":"https:\/\/nbg.eu\/pl\/wp-json\/wp\/v2\/product_tag?post=697998"}],"curies":[{"name":"wp","href":"https:\/\/api.w.org\/{rel}","templated":true}]}}