{"id":698316,"date":"2025-12-22T17:45:44","date_gmt":"2025-12-22T14:45:44","guid":{"rendered":"https:\/\/nbg.eu\/product\/mata-do-strzelania\/"},"modified":"2026-04-15T14:35:39","modified_gmt":"2026-04-15T11:35:39","slug":"mata-do-strzelania","status":"publish","type":"product","link":"https:\/\/nbg.eu\/pl\/produkt\/mata-do-strzelania\/","title":{"rendered":"Eberlestock Mata Strzelecka Dirt Nap"},"content":{"rendered":"<h2>Mata strzelecka Dirt Nap: zoptymalizowana pod k\u0105tem wygody i wygody strzelania w pozycji le\u017c\u0105cej<\/h2>\n<p>Mata strzelecka Dirt Nap jest starannie zaprojektowana i priorytetowo traktowana pod k\u0105tem pozycji strzeleckiej le\u017c\u0105cej. Wzbogaca Twoje wyprawy dzi\u0119ki wy\u017cszemu komfortowi i praktyczno\u015bci, czyni\u0105c j\u0105 niezb\u0119dnym dodatkiem do Twojego zestawu na dzie\u0144 na strzelnicy.<\/p>\n<p>Dirt Nap posiada indywidualnie wy\u015bcie\u0142ane kom\u00f3rki, kt\u00f3re tworz\u0105 naturalne fa\u0142dy, umo\u017cliwiaj\u0105c \u0142atwe sk\u0142adanie i kompaktowe przechowywanie. Z pe\u0142nym wy\u015bcie\u0142aniem w g\u00f3rnej po\u0142owie i rozci\u0105gaj\u0105cym si\u0119 w d\u00f3\u0142 \u015brodka dolnej po\u0142owy, zapewnia maksymalny komfort dok\u0142adnie tam, gdzie jest to najbardziej potrzebne.<\/p>\n<p>Mierz\u0105c 94&#8243; d\u0142. x 34&#8243; szer. i sk\u0142adaj\u0105c si\u0119 do kompaktowych 12&#8243; x 17&#8243;, mata strzelecka Dirt Nap wa\u017cy zaledwie 4 funty 13 uncji. Jej trwa\u0142a konstrukcja z powlekanych PVC nylonowych 600D, powlekane PVC spodnie i wygodny uchwyt do przenoszenia czyni\u0105 j\u0105 wytrzyma\u0142ym i praktycznym wyborem dla ka\u017cdego strzelca.<\/p>\n<p>Klapka do przechowywania z paskami 20 mm i klamrami zapewnia, \u017ce Tw\u00f3j Dirt Nap pozostanie bezpiecznie na miejscu, a przemy\u015blane funkcje projektowe sprawiaj\u0105, \u017ce jest on niezb\u0119dnym elementem wyposa\u017cenia na Twoj\u0105 nast\u0119pn\u0105 wizyt\u0119 na strzelnicy.<\/p>\n","protected":false},"excerpt":{"rendered":"<p>Mata strzelecka Dirt Nap &#8211; zaprojektowana przez specjalist\u00f3w do strzelania z pozycji le\u017c\u0105cej, zapewniaj\u0105ca wysoki poziom komfortu i praktyczno\u015bci.<\/p>\n","protected":false},"featured_media":698520,"template":"","meta":{"_acf_changed":false},"product_brand":[15144],"product_cat":[12631],"product_tag":[],"class_list":{"0":"post-698316","1":"product","2":"type-product","3":"status-publish","4":"has-post-thumbnail","6":"product_brand-eberlestock","7":"product_cat-wyposazenie","9":"first","10":"instock","11":"taxable","12":"shipping-taxable","13":"purchasable","14":"product-type-variable","15":"wvs-archive-product-wrapper"},"acf":[],"_links":{"self":[{"href":"https:\/\/nbg.eu\/pl\/wp-json\/wp\/v2\/product\/698316","targetHints":{"allow":["GET"]}}],"collection":[{"href":"https:\/\/nbg.eu\/pl\/wp-json\/wp\/v2\/product"}],"about":[{"href":"https:\/\/nbg.eu\/pl\/wp-json\/wp\/v2\/types\/product"}],"wp:featuredmedia":[{"embeddable":true,"href":"https:\/\/nbg.eu\/pl\/wp-json\/wp\/v2\/media\/698520"}],"wp:attachment":[{"href":"https:\/\/nbg.eu\/pl\/wp-json\/wp\/v2\/media?parent=698316"}],"wp:term":[{"taxonomy":"product_brand","embeddable":true,"href":"https:\/\/nbg.eu\/pl\/wp-json\/wp\/v2\/product_brand?post=698316"},{"taxonomy":"product_cat","embeddable":true,"href":"https:\/\/nbg.eu\/pl\/wp-json\/wp\/v2\/product_cat?post=698316"},{"taxonomy":"product_tag","embeddable":true,"href":"https:\/\/nbg.eu\/pl\/wp-json\/wp\/v2\/product_tag?post=698316"}],"curies":[{"name":"wp","href":"https:\/\/api.w.org\/{rel}","templated":true}]}}