{"id":699102,"date":"2025-12-22T17:57:48","date_gmt":"2025-12-22T14:57:48","guid":{"rendered":"https:\/\/nbg.eu\/product\/zestaw-rewolwerowca-ii\/"},"modified":"2026-04-15T14:35:32","modified_gmt":"2026-04-15T11:35:32","slug":"zestaw-rewolwerowca-ii","status":"publish","type":"product","link":"https:\/\/nbg.eu\/pl\/produkt\/zestaw-rewolwerowca-ii\/","title":{"rendered":"Eberlestock Plecak G2 Gunslinger II"},"content":{"rendered":"<h2>Gunslinger II\u2122 Taktyczny Plecak<\/h2>\n<p>Gunslinger II\u2122 to \u015bredniej wielko\u015bci taktyczny plecak z pe\u0142nowymiarow\u0105 kieszeni\u0105 na bro\u0144, aby lepiej pomie\u015bci\u0107 bro\u0144 z wi\u0119kszymi przekrojami poprzecznymi lub grubsz\u0105 optyk\u0105. Szeroka kiesze\u0144 na bro\u0144 pozwala r\u00f3wnie\u017c, aby s\u0142u\u017cy\u0142a jako doskona\u0142a komora na laptop lub wojskowe radio. Nawet po z\u0142o\u017ceniu kieszeni na bro\u0144, zmie\u015bci si\u0119 w niej wi\u0119kszo\u015b\u0107 karabink\u00f3w o kr\u00f3tkich lufach. Gunslinger II ma pojemno\u015b\u0107 2100 cali sze\u015bciennych i jest standardowo wyposa\u017cony w nasz rurowy system ramy Intex-II\u2122, w pe\u0142ni regulowane szelki i wy\u015bcie\u0142any pas biodrowy.<\/p>\n<h2>Wymiary<\/h2>\n<p>Pojemno\u015b\u0107 plecaka: 2 100 cali sze\u015bciennych \/ 34,41 l<br \/>\nPojemno\u015b\u0107 kieszeni na bro\u0144: 600 cali sze\u015bciennych<br \/>\n-Ca\u0142kowita pojemno\u015b\u0107: 44 litry \/ 2 700 cali sze\u015bciennych<br \/>\n-Waga: 6 funt\u00f3w i 8 uncji<br \/>\n-Wymiary g\u0142\u00f3wnej komory: 22&#8243; wys. x 10&#8243; szer. x 8&#8243; g\u0142\u0119b.<br \/>\n-Wymiary kieszeni na bro\u0144: 34&#8243; d\u0142ug. x 10&#8243; szer. x 3&#8243; g\u0142\u0119b., z otworem o obwodzie 26&#8243;. Pokrywa GSTC pozwala na zamkni\u0119te przenoszenie broni do 60&#8243; d\u0142ugo\u015bci.<br \/>\n-Rzeczywista waga: 6,5 funta (z GSTC).<\/p>\n<h2>Funkcje<\/h2>\n<p>Kiesze\u0144 na g\u00f3rnej klapie<br \/>\n-Panel \u0142adowny<br \/>\n-Kieszenie na butelki z wod\u0105<br \/>\n-Zintegrowana kiesze\u0144 na bro\u0144<br \/>\n-Paski kompresyjne Grapple<br \/>\n-Otwieranie na sznurek na g\u00f3rze i zamek b\u0142yskawiczny z przodu<br \/>\n-Rurowa rama Intex II<\/p>\n","protected":false},"excerpt":{"rendered":"<p>Gunslinger II\u2122 to \u015bredniej wielko\u015bci taktyczny plecak z pe\u0142noszeroko\u015bciow\u0105 pochw\u0105, lepiej dostosowan\u0105 do broni o wi\u0119kszych przekrojach lub z obiektywami o du\u017cych gabarytach.<\/p>\n","protected":false},"featured_media":699175,"template":"","meta":{"_acf_changed":false},"product_brand":[15144],"product_cat":[12567],"product_tag":[],"class_list":{"0":"post-699102","1":"product","2":"type-product","3":"status-publish","4":"has-post-thumbnail","6":"product_brand-eberlestock","7":"product_cat-plecaki","9":"first","10":"instock","11":"taxable","12":"shipping-taxable","13":"purchasable","14":"product-type-variable","15":"wvs-archive-product-wrapper"},"acf":[],"_links":{"self":[{"href":"https:\/\/nbg.eu\/pl\/wp-json\/wp\/v2\/product\/699102","targetHints":{"allow":["GET"]}}],"collection":[{"href":"https:\/\/nbg.eu\/pl\/wp-json\/wp\/v2\/product"}],"about":[{"href":"https:\/\/nbg.eu\/pl\/wp-json\/wp\/v2\/types\/product"}],"wp:featuredmedia":[{"embeddable":true,"href":"https:\/\/nbg.eu\/pl\/wp-json\/wp\/v2\/media\/699175"}],"wp:attachment":[{"href":"https:\/\/nbg.eu\/pl\/wp-json\/wp\/v2\/media?parent=699102"}],"wp:term":[{"taxonomy":"product_brand","embeddable":true,"href":"https:\/\/nbg.eu\/pl\/wp-json\/wp\/v2\/product_brand?post=699102"},{"taxonomy":"product_cat","embeddable":true,"href":"https:\/\/nbg.eu\/pl\/wp-json\/wp\/v2\/product_cat?post=699102"},{"taxonomy":"product_tag","embeddable":true,"href":"https:\/\/nbg.eu\/pl\/wp-json\/wp\/v2\/product_tag?post=699102"}],"curies":[{"name":"wp","href":"https:\/\/api.w.org\/{rel}","templated":true}]}}