{"id":699640,"date":"2025-12-22T18:02:07","date_gmt":"2025-12-22T15:02:07","guid":{"rendered":"https:\/\/nbg.eu\/product\/plandeka-przeciwdeszczowa-bino\/"},"modified":"2026-04-15T14:35:29","modified_gmt":"2026-04-15T11:35:29","slug":"plandeka-przeciwdeszczowa-bino","status":"publish","type":"product","link":"https:\/\/nbg.eu\/pl\/produkt\/plandeka-przeciwdeszczowa-bino\/","title":{"rendered":"Eberlestock Os\u0142ona Przeciwdeszczowa na Lornetk\u0119 Recon"},"content":{"rendered":"<h2>Bino Rain Fly: Kompaktna i lekka ochrona dla Twoich optycznych urz\u0105dze\u0144<\/h2>\n<p>Bino Rain Fly to wszechstronny i kompaktowy produkt do utrzymywania Twoich lornetek w sucho\u015bci i ochronie przed czynnikami zewn\u0119trznymi. Zaprojektowany do pe\u0142nej integracji z uprz\u0119\u017c\u0105 Recon Bino Harness, ten p\u0142aszcz przeciwdeszczowy oferuje niezawodne zabezpieczenie i wygod\u0119.<\/p>\n<p>Wykonany z trwa\u0142ych, lekkich materia\u0142\u00f3w, Bino Rain Fly mie\u015bci si\u0119 w do\u0142\u0105czonej os\u0142onie, co u\u0142atwia przenoszenie i dost\u0119p, gdy jest potrzebny. Pasek 10mm Hangar pozwala bezpiecznie przymocowa\u0107 p\u0142aszcz przeciwdeszczowy do sprz\u0119tu, zapewniaj\u0105c ochron\u0119 Twoich lornetek przed deszczem, \u015bniegiem i innymi warunkami atmosferycznymi.<\/p>\n<p>Dzi\u0119ki swojej pe\u0142nej konstrukcji, Bino Rain Fly ca\u0142kowicie otacza uprz\u0105\u017c Recon Bino Harness, zapewniaj\u0105c kompleksow\u0105 ochron\u0119 Twoich urz\u0105dze\u0144 optycznych. Mo\u017cesz skupi\u0107 si\u0119 na swoich przygodach na \u015bwie\u017cym powietrzu, nie martwi\u0105c si\u0119, \u017ce czynniki atmosferyczne zak\u0142\u00f3c\u0105 Twoje doznania wizualne.<\/p>\n<p>Niezale\u017cnie od tego, czy obserwujesz ptaki, polujesz, czy eksplorujesz wielk\u0105 przyrodz\u0119, Bino Rain Fly jest niezb\u0119dnym akcesorium, aby utrzyma\u0107 Twoje lornetki w sucho\u015bci i doskona\u0142ym stanie. Kompaktowy, lekki i \u0142atwy w u\u017cyciu, to idealny towarzysz ka\u017cdego entuzjasty outdoor&#8217;u.<\/p>\n","protected":false},"excerpt":{"rendered":"<p>Kompaktna, lekka moskitiera chroni\u0105ca twoj\u0105 uprz\u0105\u017c do lornetek Recon.<\/p>\n","protected":false},"featured_media":700082,"template":"","meta":{"_acf_changed":false},"product_brand":[15144],"product_cat":[15228],"product_tag":[],"class_list":{"0":"post-699640","1":"product","2":"type-product","3":"status-publish","4":"has-post-thumbnail","6":"product_brand-eberlestock","7":"product_cat-binocular-harnesses-pl","9":"first","10":"instock","11":"taxable","12":"shipping-taxable","13":"purchasable","14":"product-type-variable","15":"wvs-archive-product-wrapper"},"acf":[],"_links":{"self":[{"href":"https:\/\/nbg.eu\/pl\/wp-json\/wp\/v2\/product\/699640","targetHints":{"allow":["GET"]}}],"collection":[{"href":"https:\/\/nbg.eu\/pl\/wp-json\/wp\/v2\/product"}],"about":[{"href":"https:\/\/nbg.eu\/pl\/wp-json\/wp\/v2\/types\/product"}],"wp:featuredmedia":[{"embeddable":true,"href":"https:\/\/nbg.eu\/pl\/wp-json\/wp\/v2\/media\/700082"}],"wp:attachment":[{"href":"https:\/\/nbg.eu\/pl\/wp-json\/wp\/v2\/media?parent=699640"}],"wp:term":[{"taxonomy":"product_brand","embeddable":true,"href":"https:\/\/nbg.eu\/pl\/wp-json\/wp\/v2\/product_brand?post=699640"},{"taxonomy":"product_cat","embeddable":true,"href":"https:\/\/nbg.eu\/pl\/wp-json\/wp\/v2\/product_cat?post=699640"},{"taxonomy":"product_tag","embeddable":true,"href":"https:\/\/nbg.eu\/pl\/wp-json\/wp\/v2\/product_tag?post=699640"}],"curies":[{"name":"wp","href":"https:\/\/api.w.org\/{rel}","templated":true}]}}