{"id":700392,"date":"2025-12-22T18:10:47","date_gmt":"2025-12-22T15:10:47","guid":{"rendered":"https:\/\/nbg.eu\/product\/panel-molle\/"},"modified":"2026-04-15T14:35:26","modified_gmt":"2026-04-15T11:35:26","slug":"panel-molle","status":"publish","type":"product","link":"https:\/\/nbg.eu\/pl\/produkt\/panel-molle\/","title":{"rendered":"Eberlestock Panel MOLLE Recon"},"content":{"rendered":"<h2>Panel MOLLE Recon &#8211; Uniwersalne akcesorium do uprz\u0119\u017cy na lornetki<\/h2>\n<p>Panel MOLLE Recon to proste, ale uniwersalne uzupe\u0142nienie zestawu uprz\u0119\u017cy na lornetki. Zapewnia wygodny spos\u00f3b monta\u017cu r\u00f3\u017cnych kieszeni, takich jak Recon Bearspray Pouch lub Recon Rangefinder Pouch, poziomo pod kieszeni\u0105 na lornetk\u0119. Ten panel s\u0142u\u017cy r\u00f3wnie\u017c jako bezpieczna platforma dla kompatybilnych z MOLLE kabury na bro\u0144, umo\u017cliwiaj\u0105c bezpieczne i wygodne noszenie pistoletu na uprz\u0119\u017cy na lornetki.<\/p>\n<p>Mierz\u0105c 6 cali szeroko\u015bci i 3,25 cala wysoko\u015bci, panel MOLLE Recon oferuje kompaktowy i w\u0105ski design, kt\u00f3ry nie dodaje niepotrzebnej obj\u0119to\u015bci do wyposa\u017cenia. Jego konstrukcja kompatybilna z MOLLE zapewnia zgodno\u015b\u0107 z szerok\u0105 gam\u0105 akcesori\u00f3w, daj\u0105c Ci elastyczno\u015b\u0107 w dostosowaniu zestawu do Twoich konkretnych potrzeb.<\/p>\n","protected":false},"excerpt":{"rendered":"<p>Uniwersalny panel MOLLE do mocowania kieszeni i noszenia pistoletu na uprz\u0119\u017cy na lornetki.<\/p>\n","protected":false},"featured_media":700460,"template":"","meta":{"_acf_changed":false},"product_brand":[15144],"product_cat":[12621],"product_tag":[],"class_list":{"0":"post-700392","1":"product","2":"type-product","3":"status-publish","4":"has-post-thumbnail","6":"product_brand-eberlestock","7":"product_cat-ladownice","9":"first","10":"instock","11":"taxable","12":"shipping-taxable","13":"purchasable","14":"product-type-variable","15":"wvs-archive-product-wrapper"},"acf":[],"_links":{"self":[{"href":"https:\/\/nbg.eu\/pl\/wp-json\/wp\/v2\/product\/700392","targetHints":{"allow":["GET"]}}],"collection":[{"href":"https:\/\/nbg.eu\/pl\/wp-json\/wp\/v2\/product"}],"about":[{"href":"https:\/\/nbg.eu\/pl\/wp-json\/wp\/v2\/types\/product"}],"wp:featuredmedia":[{"embeddable":true,"href":"https:\/\/nbg.eu\/pl\/wp-json\/wp\/v2\/media\/700460"}],"wp:attachment":[{"href":"https:\/\/nbg.eu\/pl\/wp-json\/wp\/v2\/media?parent=700392"}],"wp:term":[{"taxonomy":"product_brand","embeddable":true,"href":"https:\/\/nbg.eu\/pl\/wp-json\/wp\/v2\/product_brand?post=700392"},{"taxonomy":"product_cat","embeddable":true,"href":"https:\/\/nbg.eu\/pl\/wp-json\/wp\/v2\/product_cat?post=700392"},{"taxonomy":"product_tag","embeddable":true,"href":"https:\/\/nbg.eu\/pl\/wp-json\/wp\/v2\/product_tag?post=700392"}],"curies":[{"name":"wp","href":"https:\/\/api.w.org\/{rel}","templated":true}]}}