{"id":700813,"date":"2025-12-22T18:16:35","date_gmt":"2025-12-22T15:16:35","guid":{"rendered":"https:\/\/nbg.eu\/product\/etui-na-miernik-zasiegu\/"},"modified":"2026-04-15T14:35:22","modified_gmt":"2026-04-15T11:35:22","slug":"etui-na-miernik-zasiegu","status":"publish","type":"product","link":"https:\/\/nbg.eu\/pl\/produkt\/etui-na-miernik-zasiegu\/","title":{"rendered":"Eberlestock Pokrowiec na Dalmierz Recon"},"content":{"rendered":"<h2>Torba na dalmierz Recon: Ochrona Twojego sprz\u0119tu, poprawa precyzji<\/h2>\n<p>Podnie\u015b poziom Twoich przyg\u00f3d outdoorowych z torb\u0105 na dalmierz Recon, zaprojektowan\u0105 do zabezpieczania Twojego niezb\u0119dnego wyposa\u017cenia dalmierza. Wykonana z wnikliw\u0105 dba\u0142o\u015bci\u0105 o szczeg\u00f3\u0142y, ta torba oferuje niezr\u00f3wnan\u0105 ochron\u0119 i wygod\u0119, zapewniaj\u0105c bezpiecze\u0144stwo Twojego sprz\u0119tu i \u0142atw\u0105 dost\u0119pno\u015b\u0107.<\/p>\n<p>Dzi\u0119ki magnetycznemu przedniemu zamkni\u0119ciu, torba na dalmierz Recon chroni przed kurzem i zanieczyszczeniami, zachowuj\u0105c nienaruszon\u0105 kondycj\u0119 szk\u0142a Twojego dalmierza. Przywi\u0105zanie linki sprz\u0119towej pozwala Ci \u0142atwo od\u0142o\u017cy\u0107 urz\u0105dzenie bez obaw o uszkodzenie lub zgub\u0119, pozostawiaj\u0105c Twoje r\u0119ce wolne do wa\u017cniejszych zada\u0144.<\/p>\n<p>O wymiarach 1,75&#8243; G x 3,25&#8243; S x 5&#8243; W, torba na dalmierz Recon p\u0142ynnie integruje si\u0119 z Twoim sprz\u0119tem outdoorowym, zapewniaj\u0105c dyskretne i zoptymalizowane rozwi\u0105zanie do przechowywania. Niezale\u017cnie od tego, czy jeste\u015b zaprawionym my\u015bliwym, oddanym turyst\u0105 czy zapalonym strzelcem, ta uniwersalna torba jest idealnym towarzyszem do ochrony Twojego cennego wyposa\u017cenia dalmierza.<\/p>\n<p>Podnie\u015b swoje prze\u017cycia outdoorowe z torb\u0105 na dalmierz Recon, najlepszym akcesorium dla wymagaj\u0105cego odkrywcy, kt\u00f3ry oczekuje najlepszej ochrony i wygody sprz\u0119tu.<\/p>\n","protected":false},"excerpt":{"rendered":"<p>Torba na dalmierz Recon chroni Twoje urz\u0105dzenie za pomoc\u0105 magnetycznego wieczka i sznurkowej linki do bezpiecznego i wygodnego noszenia.<\/p>\n","protected":false},"featured_media":700865,"template":"","meta":{"_acf_changed":false},"product_brand":[15144],"product_cat":[12621],"product_tag":[],"class_list":{"0":"post-700813","1":"product","2":"type-product","3":"status-publish","4":"has-post-thumbnail","6":"product_brand-eberlestock","7":"product_cat-ladownice","9":"first","10":"instock","11":"taxable","12":"shipping-taxable","13":"purchasable","14":"product-type-variable","15":"wvs-archive-product-wrapper"},"acf":[],"_links":{"self":[{"href":"https:\/\/nbg.eu\/pl\/wp-json\/wp\/v2\/product\/700813","targetHints":{"allow":["GET"]}}],"collection":[{"href":"https:\/\/nbg.eu\/pl\/wp-json\/wp\/v2\/product"}],"about":[{"href":"https:\/\/nbg.eu\/pl\/wp-json\/wp\/v2\/types\/product"}],"wp:featuredmedia":[{"embeddable":true,"href":"https:\/\/nbg.eu\/pl\/wp-json\/wp\/v2\/media\/700865"}],"wp:attachment":[{"href":"https:\/\/nbg.eu\/pl\/wp-json\/wp\/v2\/media?parent=700813"}],"wp:term":[{"taxonomy":"product_brand","embeddable":true,"href":"https:\/\/nbg.eu\/pl\/wp-json\/wp\/v2\/product_brand?post=700813"},{"taxonomy":"product_cat","embeddable":true,"href":"https:\/\/nbg.eu\/pl\/wp-json\/wp\/v2\/product_cat?post=700813"},{"taxonomy":"product_tag","embeddable":true,"href":"https:\/\/nbg.eu\/pl\/wp-json\/wp\/v2\/product_tag?post=700813"}],"curies":[{"name":"wp","href":"https:\/\/api.w.org\/{rel}","templated":true}]}}