{"id":701137,"date":"2025-12-22T18:40:25","date_gmt":"2025-12-22T15:40:25","guid":{"rendered":"https:\/\/nbg.eu\/product\/szybka-sprawa\/"},"modified":"2026-04-15T14:35:19","modified_gmt":"2026-04-15T11:35:19","slug":"szybka-sprawa","status":"publish","type":"product","link":"https:\/\/nbg.eu\/pl\/produkt\/szybka-sprawa\/","title":{"rendered":"Eberlestock Pokrowiec Recon Quickcase"},"content":{"rendered":"<h2>Quickcase: Twoja kompaktowa towarzyszka przetrwania<\/h2>\n<p>Quickcase to wszechstronna, zamykana na zamek kiesze\u0144, zaprojektowana do bezproblemowego mocowania na szelkach Recon Modular Bino Harness. Ten kompaktowy akcesorium zapewnia idealne rozwi\u0105zanie do przechowywania i zabezpieczania Twoich niezb\u0119dnych narz\u0119dzi przetrwania, gwarantuj\u0105c, \u017ce zawsze b\u0119dziesz przygotowany na niespodziewane sytuacje.<\/p>\n<p>O optymalnych rozmiarach, Quickcase oferuje wystarczaj\u0105c\u0105 przestrze\u0144 na ma\u0142y zestaw przetrwania, czyni\u0105c go niezast\u0105pionym towarzyszem, gdyby\u015b kiedykolwiek zosta\u0142 oddzielony od swojego g\u0142\u00f3wnego plecaka. Jej wytrzyma\u0142a konstrukcja i bezpieczny zamek b\u0142yskawiczny chroni\u0105 Twoje kluczowe przedmioty, zapewniaj\u0105c \u0142atwy dost\u0119p, gdy najbardziej ich potrzebujesz.<\/p>\n<p>Ale przydatno\u015b\u0107 Quickcase wykracza poza samo przygotowanie do przetrwania. U\u017cywaj jej jako wygodnej kieszeni do przechowywania ma\u0142ych przedmiot\u00f3w, zachowuj\u0105c je uporz\u0105dkowane i w zasi\u0119gu r\u0119ki podczas podr\u00f3\u017cy. Niezale\u017cnie od tego, czy w\u0119drujesz, biwakujesz, czy uprawiasz inn\u0105 aktywno\u015b\u0107 na \u015bwie\u017cym powietrzu, ten wszechstronny akcesorium stanie si\u0119 nieocenion\u0105 cz\u0119\u015bci\u0105 Twojego wyposa\u017cenia.<\/p>\n<p>Zaprojektowany do bezproblemowej integracji z szelkami Recon Modular Bino Harness, Quickcase mocuje si\u0119 bezpiecznie na rzep na tylnej stronie szelek. Ta integracja pozwala Ci utrzymywa\u0107 Twoje podstawowe przedmioty blisko siebie, uwalniaj\u0105c miejsce w Twoim g\u0142\u00f3wnym plecaku i zapewniaj\u0105c, \u017ce masz wszystko, czego potrzebujesz, w zasi\u0119gu r\u0119ki.<\/p>\n","protected":false},"excerpt":{"rendered":"<p>Ma\u0142a kiesze\u0144 na suwak, kt\u00f3ra mocuje si\u0119 do uprz\u0119\u017cy modularnej Recon Modular Bino do przechowywania zestawu przetrwania lub drobnych przedmiot\u00f3w.<\/p>\n","protected":false},"featured_media":701201,"template":"","meta":{"_acf_changed":false},"product_brand":[15144],"product_cat":[12621],"product_tag":[],"class_list":{"0":"post-701137","1":"product","2":"type-product","3":"status-publish","4":"has-post-thumbnail","6":"product_brand-eberlestock","7":"product_cat-ladownice","9":"first","10":"instock","11":"taxable","12":"shipping-taxable","13":"purchasable","14":"product-type-variable","15":"wvs-archive-product-wrapper"},"acf":[],"_links":{"self":[{"href":"https:\/\/nbg.eu\/pl\/wp-json\/wp\/v2\/product\/701137","targetHints":{"allow":["GET"]}}],"collection":[{"href":"https:\/\/nbg.eu\/pl\/wp-json\/wp\/v2\/product"}],"about":[{"href":"https:\/\/nbg.eu\/pl\/wp-json\/wp\/v2\/types\/product"}],"wp:featuredmedia":[{"embeddable":true,"href":"https:\/\/nbg.eu\/pl\/wp-json\/wp\/v2\/media\/701201"}],"wp:attachment":[{"href":"https:\/\/nbg.eu\/pl\/wp-json\/wp\/v2\/media?parent=701137"}],"wp:term":[{"taxonomy":"product_brand","embeddable":true,"href":"https:\/\/nbg.eu\/pl\/wp-json\/wp\/v2\/product_brand?post=701137"},{"taxonomy":"product_cat","embeddable":true,"href":"https:\/\/nbg.eu\/pl\/wp-json\/wp\/v2\/product_cat?post=701137"},{"taxonomy":"product_tag","embeddable":true,"href":"https:\/\/nbg.eu\/pl\/wp-json\/wp\/v2\/product_tag?post=701137"}],"curies":[{"name":"wp","href":"https:\/\/api.w.org\/{rel}","templated":true}]}}