{"id":701813,"date":"2025-12-23T11:39:12","date_gmt":"2025-12-23T08:39:12","guid":{"rendered":"https:\/\/nbg.eu\/product\/ogrzewacz-do-rak\/"},"modified":"2026-04-15T14:35:15","modified_gmt":"2026-04-15T11:35:15","slug":"ogrzewacz-do-rak","status":"publish","type":"product","link":"https:\/\/nbg.eu\/pl\/produkt\/ogrzewacz-do-rak\/","title":{"rendered":"Eberlestock Ogrzewacz do R\u0105k Recon"},"content":{"rendered":"<h2>Podgrzewacz d\u0142oni Recon: Prosta ciep\u0142ota na przygody na \u015bwie\u017cym powietrzu<\/h2>\n<p>Utrzymywanie ciep\u0142a d\u0142oni bez utraty zr\u0119czno\u015bci nigdy nie by\u0142o \u0142atwiejsze dzi\u0119ki podgrzewaczowi d\u0142oni Recon. Ten innowacyjny dodatek jest wygodnie mocowany do szelek na lornetki Recon Modular Bino Harness, umo\u017cliwiaj\u0105c zachowanie optymalnej pozycji d\u0142oni, zar\u00f3wno podczas siedzenia, jak i stania. Podgrzewacz d\u0142oni Recon eliminuje potrzeb\u0119 noszenia grubych r\u0119kawiczek, dzi\u0119ki czemu mo\u017cesz nadal wykonywa\u0107 drobne czynno\u015bci bez trudu.<\/p>\n<p>Dla wi\u0119kszej wygody, podgrzewacz d\u0142oni Recon posiada przedni\u0105 kiesze\u0144 na zamek b\u0142yskawiczny, w kt\u00f3rej mo\u017cna przechowywa\u0107 dodatkowe ogrzewalcze powietrzne do d\u0142oni. Umo\u017cliwia to korzystanie z podgrzewacza niezale\u017cnie od szelek na lornetki Recon Modular Bino Harness, zapewniaj\u0105c niezawodne \u017ar\u00f3d\u0142o ciep\u0142a niezale\u017cnie od aktywno\u015bci lub \u015brodowiska. Do\u0142\u0105czony pasek na tali\u0119 zapewnia bezpieczne i wygodne dopasowanie, utrzymuj\u0105c d\u0142onie w idealnej pozycji dla maksymalnej wydajno\u015bci i komfortu.<\/p>\n<p>Czy to obserwacja ptak\u00f3w, polowanie, czy po prostu relaks na \u015bwie\u017cym powietrzu, podgrzewacz d\u0142oni Recon jest doskona\u0142ym towarzyszem, kt\u00f3ry utrzyma Twoje d\u0142onie w cieple i zapewni sprawno\u015b\u0107 palc\u00f3w. Do\u015bwiadcz najwy\u017cszego komfortu i wygody na zewn\u0105trz dzi\u0119ki tej wszechstronnej i innowacyjnej akcesoriom.<\/p>\n","protected":false},"excerpt":{"rendered":"<p>Podgrzewacz d\u0142oni Recon utrzymuje d\u0142onie w cieple bez r\u0119kawiczek, mocuje si\u0119 do uprz\u0119\u017cy Recon.<\/p>\n","protected":false},"featured_media":701868,"template":"","meta":{"_acf_changed":false},"product_brand":[15144],"product_cat":[12631],"product_tag":[],"class_list":{"0":"post-701813","1":"product","2":"type-product","3":"status-publish","4":"has-post-thumbnail","6":"product_brand-eberlestock","7":"product_cat-wyposazenie","9":"first","10":"instock","11":"taxable","12":"shipping-taxable","13":"purchasable","14":"product-type-variable","15":"wvs-archive-product-wrapper"},"acf":[],"_links":{"self":[{"href":"https:\/\/nbg.eu\/pl\/wp-json\/wp\/v2\/product\/701813","targetHints":{"allow":["GET"]}}],"collection":[{"href":"https:\/\/nbg.eu\/pl\/wp-json\/wp\/v2\/product"}],"about":[{"href":"https:\/\/nbg.eu\/pl\/wp-json\/wp\/v2\/types\/product"}],"wp:featuredmedia":[{"embeddable":true,"href":"https:\/\/nbg.eu\/pl\/wp-json\/wp\/v2\/media\/701868"}],"wp:attachment":[{"href":"https:\/\/nbg.eu\/pl\/wp-json\/wp\/v2\/media?parent=701813"}],"wp:term":[{"taxonomy":"product_brand","embeddable":true,"href":"https:\/\/nbg.eu\/pl\/wp-json\/wp\/v2\/product_brand?post=701813"},{"taxonomy":"product_cat","embeddable":true,"href":"https:\/\/nbg.eu\/pl\/wp-json\/wp\/v2\/product_cat?post=701813"},{"taxonomy":"product_tag","embeddable":true,"href":"https:\/\/nbg.eu\/pl\/wp-json\/wp\/v2\/product_tag?post=701813"}],"curies":[{"name":"wp","href":"https:\/\/api.w.org\/{rel}","templated":true}]}}