{"id":702948,"date":"2025-12-23T11:50:14","date_gmt":"2025-12-23T08:50:14","guid":{"rendered":"https:\/\/nbg.eu\/product\/bravo-modularny-worek-na-lornetki-maly\/"},"modified":"2026-04-15T14:35:08","modified_gmt":"2026-04-15T11:35:08","slug":"bravo-modularny-worek-na-lornetki-maly","status":"publish","type":"product","link":"https:\/\/nbg.eu\/pl\/produkt\/bravo-modularny-worek-na-lornetki-maly\/","title":{"rendered":"Eberlestock Plecak na Lornetk\u0119 Bravo Modular, Small"},"content":{"rendered":"<h2>Bravo Modularny Plecak na Lornetk\u0119 &#8211; Ma\u0142y: Wszechstronna i Bezpieczna Przechowywanie Lornetek<\/h2>\n<p>Zaprojektowany z my\u015bl\u0105 o modularno\u015bci, BRAVO MODULARNY PLECAK NA LORNETEK jest zbudowany na platformie kamizelki taktycznej, kt\u00f3ra dostosowuje si\u0119 do Twoich potrzeb dzi\u0119ki serii akcesori\u00f3w dodatkowych. Posiada magnetyczny prz\u00f3d z mo\u017cliwo\u015bci\u0105 szybkiego otworzenia kieszeni na lornetek, przestronn\u0105 przedni\u0105 kiesze\u0144 na zamek b\u0142yskawiczny oraz boczne kieszenie ze \u015bci\u0105gaczem. Wewn\u0119trzne smycze na lornetek utrzymuj\u0105 je w bezpiecznej pozycji, podczas gdy niskoprofilowe skrzyd\u0142a kompatybilne z systemem MOLLE i tylny panel pozwalaj\u0105 na bezproblemowe przymocowanie dodatkowych kieszeni i akcesori\u00f3w.<\/p>\n<p>Wykonany z trwa\u0142ego nylonu 500D Ripstop i tkaniny N140D, Bravo Modularny Plecak na Lornetek &#8211; Ma\u0142y oferuje lekkie i solidne rozwi\u0105zanie dla pasjonat\u00f3w przyrody, my\u015bliwych oraz operator\u00f3w taktycznych.<\/p>\n<p>Kluczowe funkcje obejmuj\u0105 zapi\u0119cie bez magnesu dla szybkiego dost\u0119pu, kompatybilno\u015b\u0107 z o\u015bmioma dost\u0119pnymi akcesoriami, du\u017c\u0105 przedni\u0105 kiesze\u0144 na zamek, podw\u00f3jne boczne kieszenie z \u015bci\u0105gaczem, regulowany szelki na prz\u00f3d, a tak\u017ce niskoprofilowe skrzyd\u0142a kompatybilne z systemem MOLLE do dostosowywania zestawu sprz\u0119tu. Niezale\u017cnie od tego, czy birdwatchujesz, wspinasz si\u0119, czy anga\u017cujesz si\u0119 w dzia\u0142ania taktyczne, Bravo Modularny Plecak na Lornetek &#8211; Ma\u0142y oferuje wszechstronne i bezpieczne rozwi\u0105zanie do przechowywania Twoich lornetek.<\/p>\n","protected":false},"excerpt":{"rendered":"<p>Modu\u0142owy plecak na lornetk\u0119 z zapi\u0119ciem bez magazynka, skrzyd\u0142ami kompatybilnymi z systemem MOLLE i regulowanym uprz\u0119\u017c\u0105.<\/p>\n","protected":false},"featured_media":703014,"template":"","meta":{"_acf_changed":false},"product_brand":[15144],"product_cat":[15228],"product_tag":[],"class_list":{"0":"post-702948","1":"product","2":"type-product","3":"status-publish","4":"has-post-thumbnail","6":"product_brand-eberlestock","7":"product_cat-binocular-harnesses-pl","9":"first","10":"instock","11":"taxable","12":"shipping-taxable","13":"purchasable","14":"product-type-variable","15":"wvs-archive-product-wrapper"},"acf":[],"_links":{"self":[{"href":"https:\/\/nbg.eu\/pl\/wp-json\/wp\/v2\/product\/702948","targetHints":{"allow":["GET"]}}],"collection":[{"href":"https:\/\/nbg.eu\/pl\/wp-json\/wp\/v2\/product"}],"about":[{"href":"https:\/\/nbg.eu\/pl\/wp-json\/wp\/v2\/types\/product"}],"wp:featuredmedia":[{"embeddable":true,"href":"https:\/\/nbg.eu\/pl\/wp-json\/wp\/v2\/media\/703014"}],"wp:attachment":[{"href":"https:\/\/nbg.eu\/pl\/wp-json\/wp\/v2\/media?parent=702948"}],"wp:term":[{"taxonomy":"product_brand","embeddable":true,"href":"https:\/\/nbg.eu\/pl\/wp-json\/wp\/v2\/product_brand?post=702948"},{"taxonomy":"product_cat","embeddable":true,"href":"https:\/\/nbg.eu\/pl\/wp-json\/wp\/v2\/product_cat?post=702948"},{"taxonomy":"product_tag","embeddable":true,"href":"https:\/\/nbg.eu\/pl\/wp-json\/wp\/v2\/product_tag?post=702948"}],"curies":[{"name":"wp","href":"https:\/\/api.w.org\/{rel}","templated":true}]}}