{"id":703299,"date":"2025-12-23T12:02:01","date_gmt":"2025-12-23T09:02:01","guid":{"rendered":"https:\/\/nbg.eu\/product\/torba-bando-xl\/"},"modified":"2026-04-15T14:35:04","modified_gmt":"2026-04-15T11:35:04","slug":"torba-bando-xl","status":"publish","type":"product","link":"https:\/\/nbg.eu\/pl\/produkt\/torba-bando-xl\/","title":{"rendered":"Eberlestock Torba Bando XL"},"content":{"rendered":"<h2>Torba Bando Bag-XL: Wszechstronne i wygodne przenoszenie codziennej eksploatacji<\/h2>\n<p>Torba Bando Bag-XL to lekki i wygodny spos\u00f3b na przenoszenie przedmiot\u00f3w codziennej eksploatacji (EDC). Tylna kiesze\u0144 z pe\u0142nym zamkiem w torbie Bando Bag-XL ma wymiary 6&#8243;h x 11&#8243;w x 3&#8243;d, co jest wystarczaj\u0105co du\u017ce, aby zabezpieczy\u0107 wi\u0119kszo\u015b\u0107 pistolet\u00f3w pe\u0142nowymiarowych i mniejsz\u0105 bro\u0144 paln\u0105. G\u0142\u00f3wna komora posiada wewn\u0119trzn\u0105 zamykan\u0105 na suwak siatkow\u0105 kiesze\u0144 oraz dwie kieszenie z klapk\u0105 na dodatkow\u0105 organizacj\u0119, podczas gdy ma\u0142a zamykana na suwak przednia kiesze\u0144 jest idealna na klucze, przewody lub inne drobne przedmioty.<\/p>\n<p>Regulowany pas biodrowy w torbie Bando Bag-XL umo\u017cliwia dopasowanie do indywidualnych potrzeb, o d\u0142ugo\u015bci od 31,5&#8243; do 44&#8243;. Torba Bando Bag-XL b\u0119dzie r\u00f3wnie\u017c wyposa\u017cona w zintegrowan\u0105 kiesze\u0144 na tourniquet pod g\u00f3rn\u0105 klap\u0105 g\u0142\u00f3wnej komory, zapewniaj\u0105c \u0142atwy dost\u0119p do tego niezb\u0119dnego sprz\u0119tu ratowniczego.<\/p>\n<h2>Kluczowe funkcje:<\/h2>\n<ul>\n<li>-Tylna kiesze\u0144 z pe\u0142nym zamkiem (6&#8243;h x 11&#8243;w x 3&#8243;d) do przechowywania broni<\/li>\n<li>-Wewn\u0119trzna zamykana na suwak kiesze\u0144 siatkowa i dwie kieszenie z klapk\u0105 do organizacji<\/li>\n<li>-Ma\u0142a przednia kiesze\u0144 na suwak na klucze, przewody i inne drobne przedmioty<\/li>\n<li>-Regulowany pas biodrowy (31,5&#8243;-44&#8243;)<\/li>\n<li>-Zintegrowana kiesze\u0144 na tourniquet<\/li>\n<\/ul>\n","protected":false},"excerpt":{"rendered":"<p>Lekka, pe\u0142nozipowa torba EDC z kieszeni\u0105 o wymiarach 6&#8243;w x 11&#8243;sz x 3&#8243;g na standardow\u0105 bro\u0144.<\/p>\n","protected":false},"featured_media":703438,"template":"","meta":{"_acf_changed":false},"product_brand":[15144],"product_cat":[12563],"product_tag":[],"class_list":{"0":"post-703299","1":"product","2":"type-product","3":"status-publish","4":"has-post-thumbnail","6":"product_brand-eberlestock","7":"product_cat-torby-strzeleckie","9":"first","10":"instock","11":"taxable","12":"shipping-taxable","13":"purchasable","14":"product-type-variable","15":"wvs-archive-product-wrapper"},"acf":[],"_links":{"self":[{"href":"https:\/\/nbg.eu\/pl\/wp-json\/wp\/v2\/product\/703299","targetHints":{"allow":["GET"]}}],"collection":[{"href":"https:\/\/nbg.eu\/pl\/wp-json\/wp\/v2\/product"}],"about":[{"href":"https:\/\/nbg.eu\/pl\/wp-json\/wp\/v2\/types\/product"}],"wp:featuredmedia":[{"embeddable":true,"href":"https:\/\/nbg.eu\/pl\/wp-json\/wp\/v2\/media\/703438"}],"wp:attachment":[{"href":"https:\/\/nbg.eu\/pl\/wp-json\/wp\/v2\/media?parent=703299"}],"wp:term":[{"taxonomy":"product_brand","embeddable":true,"href":"https:\/\/nbg.eu\/pl\/wp-json\/wp\/v2\/product_brand?post=703299"},{"taxonomy":"product_cat","embeddable":true,"href":"https:\/\/nbg.eu\/pl\/wp-json\/wp\/v2\/product_cat?post=703299"},{"taxonomy":"product_tag","embeddable":true,"href":"https:\/\/nbg.eu\/pl\/wp-json\/wp\/v2\/product_tag?post=703299"}],"curies":[{"name":"wp","href":"https:\/\/api.w.org\/{rel}","templated":true}]}}