{"id":704042,"date":"2025-12-23T12:03:47","date_gmt":"2025-12-23T09:03:47","guid":{"rendered":"https:\/\/nbg.eu\/product\/torba-bando\/"},"modified":"2026-04-15T14:35:01","modified_gmt":"2026-04-15T11:35:01","slug":"torba-bando","status":"publish","type":"product","link":"https:\/\/nbg.eu\/pl\/produkt\/torba-bando\/","title":{"rendered":"Eberlestock Torba Bando"},"content":{"rendered":"<h2>Torba Bando: Wygodny i lekki przeno\u015bny EDC<\/h2>\n<p>Torba Bando to lekki i wygodny spos\u00f3b na przenoszenie przedmiot\u00f3w EDC. Tylna kiesze\u0144 na pe\u0142ny suwak torby Bando ma wymiary 5,5&#8243;w x 9,5&#8243;sz x 1&#8243;g, wystarczaj\u0105co du\u017ca, aby pomie\u015bci\u0107 wi\u0119kszo\u015b\u0107 pistolet\u00f3w podkompaktowych i kompaktowych, takich jak Glock-19 i podobne. G\u0142\u00f3wna przegroda posiada wewn\u0119trzn\u0105 kiesze\u0144 z siatki na zamek, a tak\u017ce dwie kieszenie na drobne przedmioty. Ma\u0142a kiesze\u0144 na zamek z przodu jest idealna na klucze, przewody lub inne ma\u0142e przedmioty. D\u0142ugo\u015b\u0107 paska biodrowego jest regulowana w zakresie od 31,5&#8243; do 44&#8243;.<\/p>\n<h2>Kluczowe funkcje<\/h2>\n<ul>\n<li>Kiesze\u0144 na pe\u0142ny suwak z ty\u0142u<\/li>\n<li>Wewn\u0119trzna kiesze\u0144 na zamek z siatki<\/li>\n<li>Dwie wewn\u0119trzne kieszenie na drobiazgi<\/li>\n<li>Ma\u0142a kiesze\u0144 z przodu na zamek<\/li>\n<li>Regulowany pasek biodrowy (31,5&#8243;-44&#8243;)<\/li>\n<li>Zintegrowane miejsce na wygodne noszenie opaski uciskowej<\/li>\n<\/ul>\n","protected":false},"excerpt":{"rendered":"<p>Torba Bando to lekki i wygodny spos\u00f3b na transport przedmiot\u00f3w EDC. Pasuje do wi\u0119kszo\u015bci kompaktowych i pe\u0142nowymiarowych pistolet\u00f3w.<\/p>\n","protected":false},"featured_media":704066,"template":"","meta":{"_acf_changed":false},"product_brand":[15144],"product_cat":[12563],"product_tag":[],"class_list":{"0":"post-704042","1":"product","2":"type-product","3":"status-publish","4":"has-post-thumbnail","6":"product_brand-eberlestock","7":"product_cat-torby-strzeleckie","9":"first","10":"instock","11":"taxable","12":"shipping-taxable","13":"purchasable","14":"product-type-variable","15":"wvs-archive-product-wrapper"},"acf":[],"_links":{"self":[{"href":"https:\/\/nbg.eu\/pl\/wp-json\/wp\/v2\/product\/704042","targetHints":{"allow":["GET"]}}],"collection":[{"href":"https:\/\/nbg.eu\/pl\/wp-json\/wp\/v2\/product"}],"about":[{"href":"https:\/\/nbg.eu\/pl\/wp-json\/wp\/v2\/types\/product"}],"wp:featuredmedia":[{"embeddable":true,"href":"https:\/\/nbg.eu\/pl\/wp-json\/wp\/v2\/media\/704066"}],"wp:attachment":[{"href":"https:\/\/nbg.eu\/pl\/wp-json\/wp\/v2\/media?parent=704042"}],"wp:term":[{"taxonomy":"product_brand","embeddable":true,"href":"https:\/\/nbg.eu\/pl\/wp-json\/wp\/v2\/product_brand?post=704042"},{"taxonomy":"product_cat","embeddable":true,"href":"https:\/\/nbg.eu\/pl\/wp-json\/wp\/v2\/product_cat?post=704042"},{"taxonomy":"product_tag","embeddable":true,"href":"https:\/\/nbg.eu\/pl\/wp-json\/wp\/v2\/product_tag?post=704042"}],"curies":[{"name":"wp","href":"https:\/\/api.w.org\/{rel}","templated":true}]}}