{"id":704252,"date":"2025-12-23T12:08:03","date_gmt":"2025-12-23T09:08:03","guid":{"rendered":"https:\/\/nbg.eu\/product\/bandycka-paczka\/"},"modified":"2026-04-24T15:10:25","modified_gmt":"2026-04-24T12:10:25","slug":"bandycka-paczka","status":"publish","type":"product","link":"https:\/\/nbg.eu\/pl\/produkt\/bandycka-paczka\/","title":{"rendered":"Eberlestock Bandit Plecak"},"content":{"rendered":"<h2>Bandit Pack &#8211; Uniwersalny towarzysz na ca\u0142odniowe przygody<\/h2>\n<p>Najbardziej wszechstronny plecak w naszej kolekcji na co dzie\u0144, Bandit\u2122 jest stworzony z my\u015bl\u0105 o ca\u0142odniowych polowaniach i w\u0119dr\u00f3wkach. Przedni panel u\u017cytkowy posiada laserowo wycinane mocowanie MOLLE, umo\u017cliwiaj\u0105c pod\u0142\u0105czenie kompatybilnych akcesori\u00f3w i kieszeni oraz noszenie kurtki lub sprz\u0119tu do szybkiego dost\u0119pu. Boczne kieszenie rozci\u0105gliwe mog\u0105 pomie\u015bci\u0107 butelki na wod\u0119 oraz d\u0142u\u017csze elementy, takie jak statyw, luneta obserwacyjna czy kije trekkingowe.<\/p>\n<p>Paski panelu u\u017cytkowego b\u0119d\u0105 mocno zabezpiecza\u0107 sprz\u0119t po bokach lub pomog\u0105 skompresowa\u0107 cz\u0119\u015bciowo wype\u0142niony plecak. Wewn\u0105trz g\u00f3rnej pokrywy znajdziesz organizery na drobne przedmioty, takie jak zamykana na zamek kiesze\u0144 siatkowa i kiesze\u0144 na magazyn.<\/p>\n<p>Kompatybilny z naszym Standardowym pasem biodrowym, kt\u00f3ry pomaga w rozk\u0142adaniu ci\u0119\u017caru przy ci\u0119\u017cszych \u0142adunkach.<\/p>\n<h2>Wymiary<\/h2>\n<p>Pojemno\u015b\u0107: 835 c.i. \/ 13,68 l<br \/>\nWaga: 2,50 funta<br \/>\nWymiary: 18,25 wys. x 7 szer. x 6,5 g\u0142\u0119b.<\/p>\n<h2>Funkcje<\/h2>\n<p>Laserowo wycinany panel MOLLE na przodzie do mocowania zewn\u0119trznego wyposa\u017cenia<br \/>\nG\u00f3rna pokrywa organizacyjna z kieszeni\u0105 siateczkow\u0105 na akcesoria<br \/>\nRegulowany uprz\u0105\u017c na ramiona<br \/>\nMiejsce na regulowany pas biodrowy do przenoszenia dodatkowego ci\u0119\u017caru<br \/>\nG\u0142\u00f3wna komora otwierana od g\u00f3ry do do\u0142u, umo\u017cliwiaj\u0105c pe\u0142ny dost\u0119p<br \/>\nWewn\u0119trzne mocowanie na 2 l lub 3 l zbiorniki na wod\u0119 Source\u00ae<\/p>\n","protected":false},"excerpt":{"rendered":"<p>Najbardziej wszechstronny plecak w naszej kolekcji codziennego noszenia, Bandit\u2122 zosta\u0142 zaprojektowany z my\u015bl\u0105 o ca\u0142odniowych polowaniach i w\u0119dr\u00f3wkach. Zewn\u0119trzny panel u\u017cytkowy posiada laserowo wycinane zapinki MOLLE, umo\u017cliwiaj\u0105ce przymocowanie kompatybilnych akcesori\u00f3w i kieszonek oraz noszenie kurtki lub sprz\u0119tu do szybkiego dost\u0119pu. Boczne kieszenie rozci\u0105gliwe mog\u0105 pomie\u015bci\u0107 butelki z wod\u0105 oraz d\u0142u\u017csze przedmioty, takie jak statyw, luneta obserwacyjna lub kije trekkingowe.<\/p>\n","protected":false},"featured_media":704290,"template":"","meta":{"_acf_changed":false},"product_brand":[15144],"product_cat":[12567],"product_tag":[],"class_list":{"0":"post-704252","1":"product","2":"type-product","3":"status-publish","4":"has-post-thumbnail","6":"product_brand-eberlestock","7":"product_cat-plecaki","9":"first","10":"instock","11":"taxable","12":"shipping-taxable","13":"purchasable","14":"product-type-variable","15":"wvs-archive-product-wrapper"},"acf":[],"_links":{"self":[{"href":"https:\/\/nbg.eu\/pl\/wp-json\/wp\/v2\/product\/704252","targetHints":{"allow":["GET"]}}],"collection":[{"href":"https:\/\/nbg.eu\/pl\/wp-json\/wp\/v2\/product"}],"about":[{"href":"https:\/\/nbg.eu\/pl\/wp-json\/wp\/v2\/types\/product"}],"wp:featuredmedia":[{"embeddable":true,"href":"https:\/\/nbg.eu\/pl\/wp-json\/wp\/v2\/media\/704290"}],"wp:attachment":[{"href":"https:\/\/nbg.eu\/pl\/wp-json\/wp\/v2\/media?parent=704252"}],"wp:term":[{"taxonomy":"product_brand","embeddable":true,"href":"https:\/\/nbg.eu\/pl\/wp-json\/wp\/v2\/product_brand?post=704252"},{"taxonomy":"product_cat","embeddable":true,"href":"https:\/\/nbg.eu\/pl\/wp-json\/wp\/v2\/product_cat?post=704252"},{"taxonomy":"product_tag","embeddable":true,"href":"https:\/\/nbg.eu\/pl\/wp-json\/wp\/v2\/product_tag?post=704252"}],"curies":[{"name":"wp","href":"https:\/\/api.w.org\/{rel}","templated":true}]}}