{"id":704615,"date":"2025-12-23T12:15:29","date_gmt":"2025-12-23T09:15:29","guid":{"rendered":"https:\/\/nbg.eu\/product\/switchblade-pack\/"},"modified":"2026-04-15T14:34:57","modified_gmt":"2026-04-15T11:34:57","slug":"switchblade-pack","status":"publish","type":"product","link":"https:\/\/nbg.eu\/pl\/produkt\/switchblade-pack\/","title":{"rendered":"Eberlestock Plecak Switchblade"},"content":{"rendered":"<h2>Switchblade Pack: Maksymalna przestrze\u0144 i dyskretne przenoszenie<\/h2>\n<p>Plecak Switchblade\u2122 jest zaprojektowany, aby zachowa\u0107 niski profil, jednocze\u015bnie oferuj\u0105c maksymaln\u0105 przestrze\u0144 i organizacj\u0119. Otw\u00f3rz kiesze\u0144 g\u00f3rnej pokrywy, aby uzyska\u0107 dost\u0119p do dw\u00f3ch kieszeni na magazynki i innych ma\u0142ych element\u00f3w organizacyjnych. W \u015brodku znajdziesz przegrodzenie na dokument idealny na iPad, laptop lub nawet kr\u00f3tkolufow\u0105 bro\u0144 paln\u0105.<\/p>\n<p>Prz\u00f3d plecaka posiada du\u017c\u0105 kiesze\u0144 do szybkiego dost\u0119pu do wa\u017cnych rzeczy. Po obu stronach znajduj\u0105 si\u0119 pary kieszeni na uchwyt kubka ze sznurkiem, a tak\u017ce p\u0142aska kiesze\u0144 z zamkiem bocznym. Plecak posiada r\u00f3wnie\u017c ukryt\u0105, magnetycznie otwieran\u0105, szybko dost\u0119pn\u0105 kiesze\u0144 na bro\u0144 do dyskretnego ukrytego noszenia.<\/p>\n<p>Z ca\u0142kowit\u0105 obj\u0119to\u015bci\u0105 1 785 cali sze\u015bciennych (29,3 l) i wag\u0105 zaledwie 3,60 funta, Switchblade\u2122 oferuje obszern\u0105 przestrze\u0144 i mobilno\u015b\u0107. Wymiary g\u0142\u00f3wnej torby wynosz\u0105 20,5 x 12 x 8 cali, czyni\u0105c j\u0105 wszechstronnym wyborem do codziennego u\u017cytku lub dzia\u0142a\u0144 taktycznych.<\/p>\n<p>Kluczowe funkcje obejmuj\u0105 rzadko spotykane magnetyczne otwieranie do szybkiego dost\u0119pu do kieszeni na bro\u0144 do ukrytego noszenia, p\u0119tle-rzepy PALS do mocowania akcesori\u00f3w z mocowaniem MOLLE lub rzepem, a tak\u017ce wewn\u0119trzne kieszenie na pojemnik na wod\u0119, magazynki i organizery na drobne przedmioty. Odpinane szelki i kompatybilno\u015b\u0107 z pasem biodrowym dodaj\u0105 plecakowi mo\u017cliwo\u015bci dostosowywania.<\/p>\n<p>Switchblade\u2122 ma r\u00f3wnie\u017c nowe siateczki MOLLE-10, kt\u00f3re oferuj\u0105 60% mniejsz\u0105 mas\u0119 w por\u00f3wnaniu ze standardow\u0105 siateczk\u0105 MOLLE 25 mm, a tak\u017ce ambiwalentn\u0105 ukryt\u0105 kabur\u0119 nadaj\u0105c\u0105 si\u0119 do wi\u0119kszo\u015bci pistolet\u00f3w, w tym automat\u00f3w pe\u0142nowymiarowych. W celu ochrony przed warunkami atmosferycznymi nale\u017cy u\u017cy\u0107 naszej Ma\u0142ej Odwracalnej Os\u0142ony Przeciwdeszczowej.<\/p>\n","protected":false},"excerpt":{"rendered":"<p>Switchblade\u2122 ma niski profil, z maksymaln\u0105 przestrzeni\u0105 i organizacj\u0105. Otw\u00f3rz g\u00f3rn\u0105 kiesze\u0144 i znajdziesz dwie kieszenie na magazyny oraz inne ma\u0142e elementy organizacyjne. W \u015brodku znajdziesz przegrod\u0119 na dokument dla iPada, laptopa lub nawet kr\u00f3tkiej lufy karabinu. Prz\u00f3d plecaka posiada du\u017c\u0105 kiesze\u0144 do szybkiego dost\u0119pu do wa\u017cnych przedmiot\u00f3w. Z ka\u017cdej strony znajduj\u0105 si\u0119 kieszenie na sznurkowe uchwyty na kubek oraz p\u0142aska kiesze\u0144 na boku na zamek b\u0142yskawiczny. Plecak posiada r\u00f3wnie\u017c ukryt\u0105, magnetycznie otwieran\u0105, szybko dost\u0119pn\u0105 kiesze\u0144 na ukrywan\u0105 bro\u0144.<\/p>\n","protected":false},"featured_media":704706,"template":"","meta":{"_acf_changed":false},"product_brand":[15144],"product_cat":[12567],"product_tag":[],"class_list":{"0":"post-704615","1":"product","2":"type-product","3":"status-publish","4":"has-post-thumbnail","6":"product_brand-eberlestock","7":"product_cat-plecaki","9":"first","10":"instock","11":"taxable","12":"shipping-taxable","13":"purchasable","14":"product-type-variable","15":"wvs-archive-product-wrapper"},"acf":[],"_links":{"self":[{"href":"https:\/\/nbg.eu\/pl\/wp-json\/wp\/v2\/product\/704615","targetHints":{"allow":["GET"]}}],"collection":[{"href":"https:\/\/nbg.eu\/pl\/wp-json\/wp\/v2\/product"}],"about":[{"href":"https:\/\/nbg.eu\/pl\/wp-json\/wp\/v2\/types\/product"}],"wp:featuredmedia":[{"embeddable":true,"href":"https:\/\/nbg.eu\/pl\/wp-json\/wp\/v2\/media\/704706"}],"wp:attachment":[{"href":"https:\/\/nbg.eu\/pl\/wp-json\/wp\/v2\/media?parent=704615"}],"wp:term":[{"taxonomy":"product_brand","embeddable":true,"href":"https:\/\/nbg.eu\/pl\/wp-json\/wp\/v2\/product_brand?post=704615"},{"taxonomy":"product_cat","embeddable":true,"href":"https:\/\/nbg.eu\/pl\/wp-json\/wp\/v2\/product_cat?post=704615"},{"taxonomy":"product_tag","embeddable":true,"href":"https:\/\/nbg.eu\/pl\/wp-json\/wp\/v2\/product_tag?post=704615"}],"curies":[{"name":"wp","href":"https:\/\/api.w.org\/{rel}","templated":true}]}}