{"id":71034,"date":"2024-01-21T15:18:33","date_gmt":"2024-01-21T15:18:33","guid":{"rendered":"https:\/\/nbg.eu\/product\/surefire-123a-batteries\/"},"modified":"2026-05-13T16:02:20","modified_gmt":"2026-05-13T13:02:20","slug":"surefire-123a-batteries","status":"publish","type":"product","link":"https:\/\/nbg.eu\/pl\/produkt\/surefire-123a-batteries\/","title":{"rendered":"SureFire 123A BATTERIES"},"content":{"rendered":"<div class=\"product-description\">\n<h2>SureFire SF72-BB (Bateria 123A)<\/h2>\n<p>Bateria litowa 123A firmy SureFire. W por\u00f3wnaniu do baterii alkalicznych, oferuje:<\/p>\n<ul>\n<li>10-letni okres przechowywania<\/li>\n<li>Napi\u0119cie 3V i pojemno\u015b\u0107 1550 mAh<\/li>\n<li>Lekka konstrukcja &#8211; 17 gram\u00f3w<\/li>\n<li>Przeznaczona do latarek SureFire<\/li>\n<\/ul>\n<p>Baterie SureFire s\u0105 gotowe do u\u017cycia w ka\u017cdej chwili. Zapewniaj\u0105 moc i trwa\u0142o\u015b\u0107 w r\u00f3\u017cnych zastosowaniach.<\/p>\n<\/div>\n","protected":false},"excerpt":{"rendered":"<p>Wysokowydajne baterie litowe 123A. 10-letni okres przydatno\u015bci, 3V, 1550mAh.<\/p>\n","protected":false},"featured_media":71035,"template":"","meta":{"_acf_changed":false},"product_brand":[11876],"product_cat":[12634,12608,12554,12585],"product_tag":[],"class_list":{"0":"post-71034","1":"product","2":"type-product","3":"status-publish","4":"has-post-thumbnail","6":"product_brand-surefire","7":"product_cat-baterie","8":"product_cat-edc","9":"product_cat-latarki","10":"product_cat-latarki-edc","12":"first","13":"instock","14":"taxable","15":"shipping-taxable","16":"purchasable","17":"product-type-simple"},"acf":[],"_links":{"self":[{"href":"https:\/\/nbg.eu\/pl\/wp-json\/wp\/v2\/product\/71034","targetHints":{"allow":["GET"]}}],"collection":[{"href":"https:\/\/nbg.eu\/pl\/wp-json\/wp\/v2\/product"}],"about":[{"href":"https:\/\/nbg.eu\/pl\/wp-json\/wp\/v2\/types\/product"}],"wp:featuredmedia":[{"embeddable":true,"href":"https:\/\/nbg.eu\/pl\/wp-json\/wp\/v2\/media\/71035"}],"wp:attachment":[{"href":"https:\/\/nbg.eu\/pl\/wp-json\/wp\/v2\/media?parent=71034"}],"wp:term":[{"taxonomy":"product_brand","embeddable":true,"href":"https:\/\/nbg.eu\/pl\/wp-json\/wp\/v2\/product_brand?post=71034"},{"taxonomy":"product_cat","embeddable":true,"href":"https:\/\/nbg.eu\/pl\/wp-json\/wp\/v2\/product_cat?post=71034"},{"taxonomy":"product_tag","embeddable":true,"href":"https:\/\/nbg.eu\/pl\/wp-json\/wp\/v2\/product_tag?post=71034"}],"curies":[{"name":"wp","href":"https:\/\/api.w.org\/{rel}","templated":true}]}}