{"id":719775,"date":"2026-01-26T13:11:03","date_gmt":"2026-01-26T10:11:03","guid":{"rendered":"https:\/\/nbg.eu\/product\/meski-szczyt-orange-14c28n\/"},"modified":"2026-05-13T16:03:01","modified_gmt":"2026-05-13T13:03:01","slug":"meski-szczyt-orange-14c28n","status":"publish","type":"product","link":"https:\/\/nbg.eu\/pl\/produkt\/meski-szczyt-orange-14c28n\/","title":{"rendered":"M\u0119ski szczyt ORANGE 14C28N"},"content":{"rendered":"<h2>M\u0119ski sk\u0142adany n\u00f3\u017c PEAK ORANGE 14C28N<\/h2>\n<p>Sk\u0142adany n\u00f3\u017c PEAK ORANGE 14C28N firmy Manly jest wyposa\u017cony w odwracaj\u0105cy si\u0119 klips, co umo\u017cliwia u\u017cytkowanie zar\u00f3wno dla os\u00f3b prawo-, jak i lewor\u0119cznych. Solidny mechanizm blokuj\u0105cy Backlock zapewnia bezpieczne i niezawodne dzia\u0142anie.<\/p>\n<p>Wykonany z precyzj\u0105, n\u00f3\u017c PEAK ORANGE 14C28N posiada ostrze ze stali 14C28N o d\u0142ugo\u015bci 9,4 cm oraz wytrzyma\u0142\u0105 r\u0105czk\u0119 z G10, gwarantuj\u0105c\u0105 wygodny i niezawodny chwyt. Ca\u0142kowita d\u0142ugo\u015b\u0107 22 cm sprawia, \u017ce n\u00f3\u017c jest uniwersalny i nadaje si\u0119 do r\u00f3\u017cnorodnych zada\u0144. Wa\u017c\u0105cy 115 g, dobrze wywa\u017cony i \u0142atwy w manewrowaniu.<\/p>\n<p>Mechanizm otwierania Nail Nick umo\u017cliwia \u0142atwe otwieranie jedn\u0105 r\u0119k\u0105, a blokada Backlock utrzymuje ostrze we w\u0142a\u015bciwej pozycji podczas u\u017cytkowania. Elegancki pomara\u0144czowy kolor PEAK ORANGE 14C28N dodaje stylu do codziennego noszenia.<\/p>\n","protected":false},"excerpt":{"rendered":"<p>Odwracalny klips, ambiwalentny. Zamkni\u0119cie typu backlock. PEAK ORANGE 14C28N.<\/p>\n","protected":false},"featured_media":719824,"template":"","meta":{"_acf_changed":false},"product_brand":[15091],"product_cat":[15386,15364],"product_tag":[],"class_list":{"0":"post-719775","1":"product","2":"type-product","3":"status-publish","4":"has-post-thumbnail","6":"product_brand-manly-knives","7":"product_cat-folding-knives-pl","8":"product_cat-knives-pl","10":"first","11":"outofstock","12":"taxable","13":"shipping-taxable","14":"purchasable","15":"product-type-simple"},"acf":[],"_links":{"self":[{"href":"https:\/\/nbg.eu\/pl\/wp-json\/wp\/v2\/product\/719775","targetHints":{"allow":["GET"]}}],"collection":[{"href":"https:\/\/nbg.eu\/pl\/wp-json\/wp\/v2\/product"}],"about":[{"href":"https:\/\/nbg.eu\/pl\/wp-json\/wp\/v2\/types\/product"}],"wp:featuredmedia":[{"embeddable":true,"href":"https:\/\/nbg.eu\/pl\/wp-json\/wp\/v2\/media\/719824"}],"wp:attachment":[{"href":"https:\/\/nbg.eu\/pl\/wp-json\/wp\/v2\/media?parent=719775"}],"wp:term":[{"taxonomy":"product_brand","embeddable":true,"href":"https:\/\/nbg.eu\/pl\/wp-json\/wp\/v2\/product_brand?post=719775"},{"taxonomy":"product_cat","embeddable":true,"href":"https:\/\/nbg.eu\/pl\/wp-json\/wp\/v2\/product_cat?post=719775"},{"taxonomy":"product_tag","embeddable":true,"href":"https:\/\/nbg.eu\/pl\/wp-json\/wp\/v2\/product_tag?post=719775"}],"curies":[{"name":"wp","href":"https:\/\/api.w.org\/{rel}","templated":true}]}}