{"id":720222,"date":"2025-05-21T16:04:06","date_gmt":"2025-05-21T13:04:06","guid":{"rendered":"https:\/\/nbg.eu\/product\/magazynek-kmr-l-02-orca-kal-40-sw-18-nab\/"},"modified":"2026-04-16T18:22:14","modified_gmt":"2026-04-16T15:22:14","slug":"magazynek-kmr-l-02-orca-kal-40-sw-18-nab","status":"publish","type":"product","link":"https:\/\/nbg.eu\/pl\/produkt\/magazynek-kmr-l-02-orca-kal-40-sw-18-nab\/","title":{"rendered":"KMR Magazynek L-02 ORCA .40 S&amp;W 18 Nab."},"content":{"rendered":"<h2>MAGAZYN KMR L-02 ORCA &#8211; Zwi\u0119ksz swoj\u0105 si\u0142\u0119 ognia<\/h2>\n<p>Przedstawiamy magazynek KMR L-02 ORCA, magazynek wysokiej pojemno\u015bci zaprojektowany, aby podnie\u015b\u0107 Twoje do\u015bwiadczenie strzeleckie. Zaprojektowany do naboju .40 S&amp;W, ten magazynek mo\u017ce pomie\u015bci\u0107 a\u017c 18 naboi, zapewniaj\u0105c Ci wi\u0119ksz\u0105 si\u0142\u0119 ognia i zmniejszaj\u0105c cz\u0119stotliwo\u015b\u0107 prze\u0142adowywania.<\/p>\n<p>Wykonany z precyzj\u0105 i dba\u0142o\u015bci\u0105 o szczeg\u00f3\u0142y, magazynek jest niezb\u0119dnym akcesorium dla strzelc\u00f3w, kt\u00f3rzy wymagaj\u0105 najlepszej jako\u015bci. Jego solidna konstrukcja zapewnia niezawodne dzia\u0142anie, nawet w najbardziej wymagaj\u0105cych warunkach.<\/p>\n<p>Dzi\u0119ki smuk\u0142emu i ergonomicznemu designowi, MAGAZYNEK KMR L-02 ORCA integruje si\u0119 idealnie z Twoj\u0105 broni\u0105, zapewniaj\u0105c wygodny i bezpieczny chwyt. Jego zwi\u0119kszona pojemno\u015b\u0107 pozwala Ci pozosta\u0107 w akcji d\u0142u\u017cej, zmniejszaj\u0105c potrzeb\u0119 cz\u0119stej wymiany magazynk\u00f3w i maksymalizuj\u0105c Twoj\u0105 taktyczn\u0105 przewag\u0119.<\/p>\n<p>Do\u015bwiadcz mocy i wszechstronno\u015bci MAGAZYNKA KMR L-02 ORCA, najwy\u017cszej klasy magazynka wysokiej pojemno\u015bci do Twojej broni .40 S&amp;W.<\/p>\n<p>Ref: 1152-02403-0001.<\/p>\n","protected":false},"excerpt":{"rendered":"<p>Magazynek KMR L-02 ORCA, kal. 40 S&amp;W, 18 naboi, magazynek du\u017cej pojemno\u015bci dla zwi\u0119kszonej mocy ognia.<\/p>\n","protected":false},"featured_media":365276,"template":"","meta":{"_acf_changed":false},"product_brand":[11510],"product_cat":[12569,12573],"product_tag":[],"class_list":{"0":"post-720222","1":"product","2":"type-product","3":"status-publish","4":"has-post-thumbnail","6":"product_brand-kmr-precision","7":"product_cat-czesci-do-pistoletu","8":"product_cat-czesci-kmr","10":"first","11":"instock","12":"taxable","13":"shipping-taxable","14":"product-type-simple"},"acf":[],"_links":{"self":[{"href":"https:\/\/nbg.eu\/pl\/wp-json\/wp\/v2\/product\/720222","targetHints":{"allow":["GET"]}}],"collection":[{"href":"https:\/\/nbg.eu\/pl\/wp-json\/wp\/v2\/product"}],"about":[{"href":"https:\/\/nbg.eu\/pl\/wp-json\/wp\/v2\/types\/product"}],"wp:featuredmedia":[{"embeddable":true,"href":"https:\/\/nbg.eu\/pl\/wp-json\/wp\/v2\/media\/365276"}],"wp:attachment":[{"href":"https:\/\/nbg.eu\/pl\/wp-json\/wp\/v2\/media?parent=720222"}],"wp:term":[{"taxonomy":"product_brand","embeddable":true,"href":"https:\/\/nbg.eu\/pl\/wp-json\/wp\/v2\/product_brand?post=720222"},{"taxonomy":"product_cat","embeddable":true,"href":"https:\/\/nbg.eu\/pl\/wp-json\/wp\/v2\/product_cat?post=720222"},{"taxonomy":"product_tag","embeddable":true,"href":"https:\/\/nbg.eu\/pl\/wp-json\/wp\/v2\/product_tag?post=720222"}],"curies":[{"name":"wp","href":"https:\/\/api.w.org\/{rel}","templated":true}]}}