{"id":720270,"date":"2025-03-04T21:36:59","date_gmt":"2025-03-04T18:36:59","guid":{"rendered":"https:\/\/nbg.eu\/product\/reczne-ustawienie-bezpieczenstwa-kmr-27-plaskie-leworeczne\/"},"modified":"2026-04-16T18:22:39","modified_gmt":"2026-04-16T15:22:39","slug":"reczne-ustawienie-bezpieczenstwa-kmr-27-plaskie-leworeczne","status":"publish","type":"product","link":"https:\/\/nbg.eu\/pl\/produkt\/reczne-ustawienie-bezpieczenstwa-kmr-27-plaskie-leworeczne\/","title":{"rendered":"KMR R\u0119czny Zestaw Bezpiecznika 27 P\u0142aski, Lewor\u0119czny"},"content":{"rendered":"<h2>R\u0118CZNY ZESTAW BEZPIECZE\u0143STWA KMR 27 P\u0141ASKI, LEWOR\u0118CZNY<\/h2>\n<p>R\u0119czny zestaw bezpiecze\u0144stwa KMR 27 P\u0141ASKI, LEWOR\u0118CZNY to wysokiej jako\u015bci urz\u0105dzenie zabezpieczaj\u0105ce przeznaczone dla u\u017cytkownik\u00f3w lewor\u0119cznych. Ten zestaw charakteryzuje si\u0119 p\u0142askim profilem dla zgrabnego i dyskretnego wygl\u0105du oraz \u0142atwej obs\u0142ugi. Wykonany z precyzyjnym wykonaniem, zestaw bezpiecze\u0144stwa zapewnia niezawodn\u0105 ochron\u0119 przed przypadkowym wystrza\u0142em, zwi\u0119kszaj\u0105c og\u00f3lne bezpiecze\u0144stwo broni palnej.<\/p>\n<p>Zaprojektowany do p\u0142ynnego integrowania si\u0119 z szerok\u0105 gam\u0105 broni palnej, R\u0119czny zestaw bezpiecze\u0144stwa KMR 27 P\u0141ASKI, LEWOR\u0118CZNY jest wszechstronnym i niezawodnym rozwi\u0105zaniem bezpiecze\u0144stwa. Jego p\u0142aski profil minimalizuje ryzyko zapl\u0105tania lub zak\u0142\u00f3ce\u0144, zapewniaj\u0105c p\u0142ynne i niewpadaj\u0105ce w oko do\u015bwiadczenie u\u017cytkownika. Niezale\u017cnie od tego, czy jeste\u015b do\u015bwiadczonym strzelcem, czy pocz\u0105tkuj\u0105cym, ten zestaw bezpiecze\u0144stwa jest niezb\u0119dnym dodatkiem do twoich akcesori\u00f3w do broni palnej.<\/p>\n","protected":false},"excerpt":{"rendered":"<p>R\u0119czny zestaw bezpiecze\u0144stwa KMR 27, p\u0142aski, lewor\u0119czny design dla niezawodnego dzia\u0142ania.<\/p>\n","protected":false},"featured_media":236775,"template":"","meta":{"_acf_changed":false},"product_brand":[11510],"product_cat":[12573],"product_tag":[],"class_list":{"0":"post-720270","1":"product","2":"type-product","3":"status-publish","4":"has-post-thumbnail","6":"product_brand-kmr-precision","7":"product_cat-czesci-kmr","9":"first","10":"instock","11":"taxable","12":"shipping-taxable","13":"purchasable","14":"product-type-simple"},"acf":[],"_links":{"self":[{"href":"https:\/\/nbg.eu\/pl\/wp-json\/wp\/v2\/product\/720270","targetHints":{"allow":["GET"]}}],"collection":[{"href":"https:\/\/nbg.eu\/pl\/wp-json\/wp\/v2\/product"}],"about":[{"href":"https:\/\/nbg.eu\/pl\/wp-json\/wp\/v2\/types\/product"}],"wp:featuredmedia":[{"embeddable":true,"href":"https:\/\/nbg.eu\/pl\/wp-json\/wp\/v2\/media\/236775"}],"wp:attachment":[{"href":"https:\/\/nbg.eu\/pl\/wp-json\/wp\/v2\/media?parent=720270"}],"wp:term":[{"taxonomy":"product_brand","embeddable":true,"href":"https:\/\/nbg.eu\/pl\/wp-json\/wp\/v2\/product_brand?post=720270"},{"taxonomy":"product_cat","embeddable":true,"href":"https:\/\/nbg.eu\/pl\/wp-json\/wp\/v2\/product_cat?post=720270"},{"taxonomy":"product_tag","embeddable":true,"href":"https:\/\/nbg.eu\/pl\/wp-json\/wp\/v2\/product_tag?post=720270"}],"curies":[{"name":"wp","href":"https:\/\/api.w.org\/{rel}","templated":true}]}}