{"id":720873,"date":"2024-08-18T12:16:47","date_gmt":"2024-08-18T09:16:47","guid":{"rendered":"https:\/\/nbg.eu\/product\/spust-iglicy-kmr-l\/"},"modified":"2026-05-13T16:02:00","modified_gmt":"2026-05-13T13:02:00","slug":"spust-iglicy-kmr-l","status":"publish","type":"product","link":"https:\/\/nbg.eu\/pl\/produkt\/spust-iglicy-kmr-l\/","title":{"rendered":"KMR Iglica L"},"content":{"rendered":"<h2>Ko\u0142ek spustowy KMR L: Niezawodny wyb\u00f3r dla strzelc\u00f3w precyzyjnych<\/h2>\n<p>Przedstawiamy ko\u0142ek spustowy KMR L, komponent klasy premium zaprojektowany dla powa\u017cnych strzelc\u00f3w. Wykonany z dba\u0142o\u015bci\u0105 o precyzj\u0119 i szczeg\u00f3\u0142y, ten ko\u0142ek spustowy jest dost\u0119pny w r\u00f3\u017cnych modelach, aby sprosta\u0107 Twoim konkretnym potrzebom.<\/p>\n<p>Zaprojektowany z my\u015bl\u0105 o trwa\u0142o\u015bci, ko\u0142ek spustowy KMR L cechuje si\u0119 solidn\u0105 konstrukcj\u0105, kt\u00f3ra wytrzyma wymagania cz\u0119stego u\u017cytkowania. Jego bezproblemowa integracja zapewnia p\u0142ynny i niezawodny spust, umo\u017cliwiaj\u0105c Ci oddawanie dok\u0142adnych strza\u0142\u00f3w z pewno\u015bci\u0105. Zaprojektowany, aby wsp\u00f3\u0142pracowa\u0107 z Twoj\u0105 broni\u0105, ten ko\u0142ek spustowy to idealna aktualizacja dla tych, kt\u00f3rzy chc\u0105 poprawi\u0107 swoje do\u015bwiadczenie ze strzelaniem.<\/p>\n<p>Uaktualnij swoj\u0105 bro\u0144 ju\u017c dzi\u015b i podnie\u015b swoje umiej\u0119tno\u015bci strzeleckie na nowy poziom.<\/p>\n","protected":false},"excerpt":{"rendered":"<p>Ko\u0142ek spustowy KMR L: Wszechstronny ko\u0142ek spustowy do broni palnej z serii KMR L.<\/p>\n","protected":false},"featured_media":30326,"template":"","meta":{"_acf_changed":false},"product_brand":[11510],"product_cat":[12573,14775],"product_tag":[],"class_list":{"0":"post-720873","1":"product","2":"type-product","3":"status-publish","4":"has-post-thumbnail","6":"product_brand-kmr-precision","7":"product_cat-czesci-kmr","8":"product_cat-iglice","10":"first","11":"outofstock","12":"taxable","13":"shipping-taxable","14":"product-type-simple"},"acf":[],"_links":{"self":[{"href":"https:\/\/nbg.eu\/pl\/wp-json\/wp\/v2\/product\/720873","targetHints":{"allow":["GET"]}}],"collection":[{"href":"https:\/\/nbg.eu\/pl\/wp-json\/wp\/v2\/product"}],"about":[{"href":"https:\/\/nbg.eu\/pl\/wp-json\/wp\/v2\/types\/product"}],"wp:featuredmedia":[{"embeddable":true,"href":"https:\/\/nbg.eu\/pl\/wp-json\/wp\/v2\/media\/30326"}],"wp:attachment":[{"href":"https:\/\/nbg.eu\/pl\/wp-json\/wp\/v2\/media?parent=720873"}],"wp:term":[{"taxonomy":"product_brand","embeddable":true,"href":"https:\/\/nbg.eu\/pl\/wp-json\/wp\/v2\/product_brand?post=720873"},{"taxonomy":"product_cat","embeddable":true,"href":"https:\/\/nbg.eu\/pl\/wp-json\/wp\/v2\/product_cat?post=720873"},{"taxonomy":"product_tag","embeddable":true,"href":"https:\/\/nbg.eu\/pl\/wp-json\/wp\/v2\/product_tag?post=720873"}],"curies":[{"name":"wp","href":"https:\/\/api.w.org\/{rel}","templated":true}]}}