{"id":721226,"date":"2024-08-18T11:07:42","date_gmt":"2024-08-18T08:07:42","guid":{"rendered":"https:\/\/nbg.eu\/product\/sruba-chwytakowa-m35-torx-kmr\/"},"modified":"2026-04-16T18:26:25","modified_gmt":"2026-04-16T15:26:25","slug":"sruba-chwytakowa-m35-torx-kmr","status":"publish","type":"product","link":"https:\/\/nbg.eu\/pl\/produkt\/sruba-chwytakowa-m35-torx-kmr\/","title":{"rendered":"KMR \u015aruba Ok\u0142adzin M3.5 Torx"},"content":{"rendered":"<h2>\u015aruba dociskowa M3,5 Torx KMR<\/h2>\n<p>Wykonana z precyzj\u0105 i dba\u0142o\u015bci\u0105 o szczeg\u00f3\u0142y, ta \u015bruba dociskowa zapewnia bezpieczny i niezawodny chwyt, poprawiaj\u0105c og\u00f3ln\u0105 wydajno\u015b\u0107 i funkcjonalno\u015b\u0107 twojego karabinu KMR. Cechuj\u0105c si\u0119 konstrukcj\u0105 Torx, zapewnia ona bezpieczne i sta\u0142e po\u0142\u0105czenie, zapobiegaj\u0105c niepo\u017c\u0105danemu rozlu\u017anianiu lub przesuwaniu podczas u\u017cytkowania.<\/p>\n<p>Niezale\u017cnie od tego, czy jeste\u015b do\u015bwiadczonym strzelcem, czy entuzjast\u0105 taktyki, ten akcesorium jest niezb\u0119dny do utrzymania integralno\u015bci i niezawodno\u015bci twojego karabinu KMR. Podnie\u015b swoje do\u015bwiadczenie strzeleckie dzi\u0119ki temu niezb\u0119dnemu elementowi, zaprojektowanemu do bezproblemowej integracji z twoim preferowanym modelem KMR.<\/p>\n<p>Dla karabin\u00f3w KMR:<\/p>\n<p>KMR L-02 EMIQ<\/p>\n<p>KMR L-02 EMIQ (OR)<\/p>\n<p>KMR L-02 ORCA OD 2024<\/p>\n<p>KMR L-02 ORCA DO 2023<\/p>\n<p>KMR L-02 SPECTRA OD 2024<\/p>\n<p>KMR L-02 SPECTRA DO 2023<\/p>\n<p>KMR L-02 UMBRA (OR) SR<\/p>\n<p>KMR S-01 LANCE (OR)<\/p>\n<p>KMR S-02 OD 2024<\/p>\n<p>KMR S-02 DO 2023<\/p>\n<p>KMR W-02 CUDA (OR)<\/p>\n<p>KMR W-02 UMBRA<\/p>\n<p>KMR W-02 UMBRA (OR)<\/p>\n","protected":false},"excerpt":{"rendered":"<p>\u015aruba chwytna M3,5 Torx KMR do modeli kompatybilnych KMR.<\/p>\n","protected":false},"featured_media":25296,"template":"","meta":{"_acf_changed":false},"product_brand":[11510],"product_cat":[12573,14882],"product_tag":[],"class_list":{"0":"post-721226","1":"product","2":"type-product","3":"status-publish","4":"has-post-thumbnail","6":"product_brand-kmr-precision","7":"product_cat-czesci-kmr","8":"product_cat-pistol-grips-pl","10":"first","11":"instock","12":"taxable","13":"shipping-taxable","14":"product-type-simple"},"acf":[],"_links":{"self":[{"href":"https:\/\/nbg.eu\/pl\/wp-json\/wp\/v2\/product\/721226","targetHints":{"allow":["GET"]}}],"collection":[{"href":"https:\/\/nbg.eu\/pl\/wp-json\/wp\/v2\/product"}],"about":[{"href":"https:\/\/nbg.eu\/pl\/wp-json\/wp\/v2\/types\/product"}],"wp:featuredmedia":[{"embeddable":true,"href":"https:\/\/nbg.eu\/pl\/wp-json\/wp\/v2\/media\/25296"}],"wp:attachment":[{"href":"https:\/\/nbg.eu\/pl\/wp-json\/wp\/v2\/media?parent=721226"}],"wp:term":[{"taxonomy":"product_brand","embeddable":true,"href":"https:\/\/nbg.eu\/pl\/wp-json\/wp\/v2\/product_brand?post=721226"},{"taxonomy":"product_cat","embeddable":true,"href":"https:\/\/nbg.eu\/pl\/wp-json\/wp\/v2\/product_cat?post=721226"},{"taxonomy":"product_tag","embeddable":true,"href":"https:\/\/nbg.eu\/pl\/wp-json\/wp\/v2\/product_tag?post=721226"}],"curies":[{"name":"wp","href":"https:\/\/api.w.org\/{rel}","templated":true}]}}