{"id":721315,"date":"2026-01-19T18:48:08","date_gmt":"2026-01-19T15:48:08","guid":{"rendered":"https:\/\/nbg.eu\/product\/rh-crocy-gizmo-adapter\/"},"modified":"2026-02-27T16:25:53","modified_gmt":"2026-02-27T13:25:53","slug":"rh-crocy-gizmo-adapter","status":"publish","type":"product","link":"https:\/\/nbg.eu\/pl\/produkt\/rh-crocy-gizmo-adapter\/","title":{"rendered":"RH Crocy Gizmo adapter"},"content":{"rendered":"<h2>RH Crocy Gizmo adapter<\/h2>\n<p>Crocy Gizmo to element \u0142\u0105cz\u0105cy zaprojektowany dla systemu kabur RH Crocy AIWB. Umo\u017cliwia zamocowanie \u0142adownicy bezpo\u015brednio do kabury w celu uzyskania pe\u0142nej konfiguracji noszenia AIWB.<\/p>\n<h3>Kluczowe cechy:<\/h3>\n<ul>\n<li>\u0141\u0105czy \u0142adownic\u0119 Crocy z kabur\u0105 Crocy AIWB<\/li>\n<li>Konstrukcja z Kydexu zapewniaj\u0105ca trwa\u0142o\u015b\u0107<\/li>\n<li>Umo\u017cliwia modu\u0142ow\u0105 konfiguracj\u0119 AIWB<\/li>\n<li>Lekki i niski profil<\/li>\n<\/ul>\n","protected":false},"excerpt":{"rendered":"<p>RH Crocy Gizmo: Element \u0142\u0105cz\u0105cy do mocowania \u0142adownicy do kabury Crocy AIWB.<\/p>\n","protected":false},"featured_media":721316,"template":"","meta":{"_acf_changed":false},"product_brand":[11641],"product_cat":[12604],"product_tag":[],"class_list":{"0":"post-721315","1":"product","2":"type-product","3":"status-publish","4":"has-post-thumbnail","6":"product_brand-rh-holsters","7":"product_cat-akcesoria-do-kabur","9":"first","10":"instock","11":"taxable","12":"shipping-taxable","13":"purchasable","14":"product-type-simple"},"acf":[],"_links":{"self":[{"href":"https:\/\/nbg.eu\/pl\/wp-json\/wp\/v2\/product\/721315","targetHints":{"allow":["GET"]}}],"collection":[{"href":"https:\/\/nbg.eu\/pl\/wp-json\/wp\/v2\/product"}],"about":[{"href":"https:\/\/nbg.eu\/pl\/wp-json\/wp\/v2\/types\/product"}],"wp:featuredmedia":[{"embeddable":true,"href":"https:\/\/nbg.eu\/pl\/wp-json\/wp\/v2\/media\/721316"}],"wp:attachment":[{"href":"https:\/\/nbg.eu\/pl\/wp-json\/wp\/v2\/media?parent=721315"}],"wp:term":[{"taxonomy":"product_brand","embeddable":true,"href":"https:\/\/nbg.eu\/pl\/wp-json\/wp\/v2\/product_brand?post=721315"},{"taxonomy":"product_cat","embeddable":true,"href":"https:\/\/nbg.eu\/pl\/wp-json\/wp\/v2\/product_cat?post=721315"},{"taxonomy":"product_tag","embeddable":true,"href":"https:\/\/nbg.eu\/pl\/wp-json\/wp\/v2\/product_tag?post=721315"}],"curies":[{"name":"wp","href":"https:\/\/api.w.org\/{rel}","templated":true}]}}