{"id":722519,"date":"2026-03-06T17:29:34","date_gmt":"2026-03-06T14:29:34","guid":{"rendered":"https:\/\/nbg.eu\/product\/eberlestock-cirrus-ultralight-worek-wodoszczelny-dry-earth\/"},"modified":"2026-04-15T14:34:48","modified_gmt":"2026-04-15T11:34:48","slug":"eberlestock-cirrus-ultralight-worek-wodoszczelny-dry-earth","status":"publish","type":"product","link":"https:\/\/nbg.eu\/pl\/produkt\/eberlestock-cirrus-ultralight-worek-wodoszczelny-dry-earth\/","title":{"rendered":"Eberlestock Worek Wodoszczelny Cirrus Ultralight, Dry Earth"},"content":{"rendered":"<h2>Eberlestock Cirrus ultralekki worek wodoszczelny<\/h2>\n<p>Seria ultralekkich work\u00f3w wodoszczelnych Cirrus zapewnia niezawodn\u0105 wodoszczeln\u0105 ochron\u0119 sprz\u0119tu w lekkim, kompaktowym formacie. Niezale\u017cnie od tego, czy organizujesz zawarto\u015b\u0107 plecaka na wielodniowe polowanie, czy chronisz wra\u017cliw\u0105 elektronik\u0119 podczas przeprawy przez rzek\u0119, worki Cirrus zapewniaj\u0105 niezawodne dzia\u0142anie bez zb\u0119dnej wagi.<\/p>\n<h3>Wodoszczelna konstrukcja z nawijaniem<\/h3>\n<p>Ka\u017cdy worek posiada nawijane zamkni\u0119cie z prost\u0105 p\u0119tl\u0105 D dla dodatkowego bezpiecze\u0144stwa, zapewniaj\u0105ce wodoszczelne uszczelnienie przed deszczem, \u015bniegiem i zanurzeniem. Ultralekka konstrukcja dodaje minimaln\u0105 wag\u0119 do \u0142adunku, jednocze\u015bnie zapewniaj\u0105c powa\u017cn\u0105 ochron\u0119.<\/p>\n<h3>Prosta organizacja<\/h3>\n<p>Kontrastowe czarne etykiety rozmiar\u00f3w nadrukowane na ka\u017cdym worku umo\u017cliwiaj\u0105 szybk\u0105 identyfikacj\u0119 przy u\u017cyciu kilku rozmiar\u00f3w jednocze\u015bnie. U\u017cywaj ich do segregowania ubra\u0144, \u017cywno\u015bci, elektroniki, optyki i innego sprz\u0119tu bez grzebania w plecaku.<\/p>\n<h3>Dost\u0119pne rozmiary<\/h3>\n<ul>\n<li><strong>5-Liter<\/strong> \u2014 Idealny na ma\u0142\u0105 elektronik\u0119, apteczk\u0119 lub przek\u0105ski<\/li>\n<li><strong>10-Liter<\/strong> \u2014 \u015awietny na dzienny komplet ubra\u0144 lub akcesoria optyczne<\/li>\n<li><strong>20-Liter<\/strong> \u2014 Mie\u015bci pe\u0142n\u0105 zmian\u0119 ubra\u0144 lub wk\u0142adk\u0119 do \u015bpiwora<\/li>\n<li><strong>35-Liter<\/strong> \u2014 Wystarczaj\u0105co du\u017cy na \u015bpiwor lub kompletny zestaw sprz\u0119tu<\/li>\n<\/ul>\n<table>\n<thead>\n<tr>\n<th>Specyfikacja<\/th>\n<th>Szczeg\u00f3\u0142<\/th>\n<\/tr>\n<\/thead>\n<tbody>\n<tr>\n<td>Zamkni\u0119cie<\/td>\n<td>Roll-top with D-loop<\/td>\n<\/tr>\n<tr>\n<td>Materia\u0142<\/td>\n<td>Ultralight waterproof nylon<\/td>\n<\/tr>\n<tr>\n<td>Dost\u0119pne rozmiary<\/td>\n<td>5L, 10L, 20L, 35L<\/td>\n<\/tr>\n<tr>\n<td>Kolor<\/td>\n<td>Dry Earth<\/td>\n<\/tr>\n<\/tbody>\n<\/table>\n","protected":false},"excerpt":{"rendered":"<p>Worek wodoszczelny Eberlestock Cirrus Ultralight utrzymuje sprz\u0119t w sucho\u015bci, czysto\u015bci i chroni przed \u017cywio\u0142ami. Z zamkni\u0119ciem zwijano-rolkowym z p\u0119tl\u0105 D i kontrastowymi etykietami rozmiaru do \u0142atwej identyfikacji przy u\u017cyciu wielu work\u00f3w.<\/p>\n","protected":false},"featured_media":722520,"template":"","meta":{"_acf_changed":false},"product_brand":[15144],"product_cat":[12631],"product_tag":[],"class_list":{"0":"post-722519","1":"product","2":"type-product","3":"status-publish","4":"has-post-thumbnail","6":"product_brand-eberlestock","7":"product_cat-wyposazenie","9":"first","10":"instock","11":"taxable","12":"shipping-taxable","13":"purchasable","14":"product-type-variable","15":"wvs-archive-product-wrapper"},"acf":[],"_links":{"self":[{"href":"https:\/\/nbg.eu\/pl\/wp-json\/wp\/v2\/product\/722519","targetHints":{"allow":["GET"]}}],"collection":[{"href":"https:\/\/nbg.eu\/pl\/wp-json\/wp\/v2\/product"}],"about":[{"href":"https:\/\/nbg.eu\/pl\/wp-json\/wp\/v2\/types\/product"}],"wp:featuredmedia":[{"embeddable":true,"href":"https:\/\/nbg.eu\/pl\/wp-json\/wp\/v2\/media\/722520"}],"wp:attachment":[{"href":"https:\/\/nbg.eu\/pl\/wp-json\/wp\/v2\/media?parent=722519"}],"wp:term":[{"taxonomy":"product_brand","embeddable":true,"href":"https:\/\/nbg.eu\/pl\/wp-json\/wp\/v2\/product_brand?post=722519"},{"taxonomy":"product_cat","embeddable":true,"href":"https:\/\/nbg.eu\/pl\/wp-json\/wp\/v2\/product_cat?post=722519"},{"taxonomy":"product_tag","embeddable":true,"href":"https:\/\/nbg.eu\/pl\/wp-json\/wp\/v2\/product_tag?post=722519"}],"curies":[{"name":"wp","href":"https:\/\/api.w.org\/{rel}","templated":true}]}}