{"id":724167,"date":"2026-03-10T16:14:33","date_gmt":"2026-03-10T13:14:33","guid":{"rendered":"https:\/\/nbg.eu\/product\/area-419-can-koozie-nakladka-clip-on-do-noktowizji\/"},"modified":"2026-03-10T17:17:35","modified_gmt":"2026-03-10T14:17:35","slug":"area-419-can-koozie-nakladka-clip-on-do-noktowizji","status":"publish","type":"product","link":"https:\/\/nbg.eu\/pl\/produkt\/area-419-can-koozie-nakladka-clip-on-do-noktowizji\/","title":{"rendered":"Area 419 Can Koozie \/ Nak\u0142adka Clip-on do Noktowizji"},"content":{"rendered":"<h2>Area 419 Can Koozie \/ Clip-on Os\u0142ona Noktowizyjna<\/h2>\n<p>Zaprojektowana przez Area 419, ta neoprenowa os\u0142ona ma taktyczne zastosowanie: zatrza\u015bnij j\u0105 na ko\u0144c\u00f3wce obiektywu, aby wype\u0142ni\u0107 szczelin\u0119 mi\u0119dzy lunet\u0105 a urz\u0105dzeniem clip-on do noktowizji, blokuj\u0105c kurz i \u015bwiat\u0142o paso\u017cytnicze.<\/p>\n<h3>Clip-on Os\u0142ona Noktowizyjna<\/h3>\n<p>Os\u0142ona rozci\u0105ga si\u0119 na obiektywie lunety i zapewnia szczelny, \u015bwiat\u0142oszczelny most dla urz\u0105dzenia NV clip-on \u2014 eliminuj\u0105c szczelin\u0119, przez kt\u00f3r\u0105 wnika \u015bwiat\u0142o otoczenia i kurz. Strzelcy u\u017cywaj\u0105 jej r\u00f3wnie\u017c jako skutecznej os\u0142ony przeciws\u0142onecznej eliminuj\u0105cej odblaski obiektywu, bez ta\u015bm Velcro czy niepor\u0119cznych akcesori\u00f3w.<\/p>\n<h3>Specyfikacja<\/h3>\n<table>\n<tbody>\n<tr>\n<td><strong>Materia\u0142<\/strong><\/td>\n<td>Neoprene<\/td>\n<\/tr>\n<tr>\n<td><strong>Waga<\/strong><\/td>\n<td>0.1 lbs<\/td>\n<\/tr>\n<tr>\n<td><strong>Wymiary<\/strong><\/td>\n<td>2 x 2 x 0.5 in<\/td>\n<\/tr>\n<tr>\n<td><strong>Wyprodukowano w<\/strong><\/td>\n<td>USA<\/td>\n<\/tr>\n<\/tbody>\n<\/table>\n","protected":false},"excerpt":{"rendered":"<p>Neoprenowa os\u0142ona clip-on zaprojektowana do wype\u0142nienia szczeliny mi\u0119dzy obiektywem lunety a urz\u0105dzeniem clip-on do noktowizji. Blokuje kurz, \u015bwiat\u0142o paso\u017cytnicze i eliminuje odblaski obiektywu. S\u0142u\u017cy r\u00f3wnie\u017c jako skuteczna os\u0142ona przeciws\u0142oneczna do strzelania dziennego.<\/p>\n","protected":false},"featured_media":724168,"template":"","meta":{"_acf_changed":false},"product_brand":[11047],"product_cat":[12599,12631],"product_tag":[],"class_list":{"0":"post-724167","1":"product","2":"type-product","3":"status-publish","4":"has-post-thumbnail","6":"product_brand-area-419","7":"product_cat-akcesoria-celownicze","8":"product_cat-wyposazenie","10":"first","11":"instock","12":"taxable","13":"shipping-taxable","14":"purchasable","15":"product-type-simple"},"acf":[],"_links":{"self":[{"href":"https:\/\/nbg.eu\/pl\/wp-json\/wp\/v2\/product\/724167","targetHints":{"allow":["GET"]}}],"collection":[{"href":"https:\/\/nbg.eu\/pl\/wp-json\/wp\/v2\/product"}],"about":[{"href":"https:\/\/nbg.eu\/pl\/wp-json\/wp\/v2\/types\/product"}],"wp:featuredmedia":[{"embeddable":true,"href":"https:\/\/nbg.eu\/pl\/wp-json\/wp\/v2\/media\/724168"}],"wp:attachment":[{"href":"https:\/\/nbg.eu\/pl\/wp-json\/wp\/v2\/media?parent=724167"}],"wp:term":[{"taxonomy":"product_brand","embeddable":true,"href":"https:\/\/nbg.eu\/pl\/wp-json\/wp\/v2\/product_brand?post=724167"},{"taxonomy":"product_cat","embeddable":true,"href":"https:\/\/nbg.eu\/pl\/wp-json\/wp\/v2\/product_cat?post=724167"},{"taxonomy":"product_tag","embeddable":true,"href":"https:\/\/nbg.eu\/pl\/wp-json\/wp\/v2\/product_tag?post=724167"}],"curies":[{"name":"wp","href":"https:\/\/api.w.org\/{rel}","templated":true}]}}