{"id":732515,"date":"2026-02-06T17:03:24","date_gmt":"2026-02-06T14:03:24","guid":{"rendered":"https:\/\/nbg.eu\/product\/microtech-ultratech-ex-zbp-bayonet-signature-series-stonewash-full-serrated\/"},"modified":"2026-03-30T15:22:06","modified_gmt":"2026-03-30T12:22:06","slug":"microtech-ultratech-ex-zbp-bayonet-signature-series-stonewash-full-serrated","status":"publish","type":"product","link":"https:\/\/nbg.eu\/pl\/produkt\/microtech-ultratech-ex-zbp-bayonet-signature-series-stonewash-full-serrated\/","title":{"rendered":"Seria bagnet\u00f3w Microtech Ultratech EX-ZBP Signature Stonewash z pe\u0142nym z\u0105bkowaniem"},"content":{"rendered":"<h2>Przegl\u0105d<\/h2>\n<p>Seria Microtech Ultratech EX-ZBP Bayonet Signature reprezentuje szczyt in\u017cynierii automatycznych no\u017cy OTF. Ten model z serii Signature \u0142\u0105czy w sobie rewolucyjn\u0105 technologi\u0119 Zero Blade Play (ZBP) z charakterystycznym, w pe\u0142ni z\u0105bkowanym ostrzem bagnetowym z wyko\u0144czeniem stonewash, wykonanym ze stali Bohler M390MK. System ZBP praktycznie eliminuje ca\u0142y ruch ostrza po roz\u0142o\u017ceniu, zapewniaj\u0105c wra\u017cenie zamkni\u0119tego otwarcia, kt\u00f3re mo\u017ce konkurowa\u0107 z ostrzem sta\u0142ym. Pe\u0142ne z\u0105bki zapewniaj\u0105 agresywn\u0105 si\u0142\u0119 ci\u0119cia twardych materia\u0142\u00f3w, a unikalny profil bagnetowy zapewnia wyj\u0105tkow\u0105 zdolno\u015b\u0107 przebijania.<\/p>\n<h3>Technologia Zero Blade Play (ZBP)<\/h3>\n<p>Ultratech EX-ZBP zawiera zaawansowany system Zero Blade Play firmy Microtech, kt\u00f3ry praktycznie eliminuje wszelki ruch ostrza po roz\u0142o\u017ceniu, zapewniaj\u0105c ostrze, kt\u00f3re sprawia wra\u017cenie tak solidnego jak ostrze sta\u0142e. To osi\u0105gni\u0119cie in\u017cynieryjne wyznacza z\u0142oty standard precyzji OTF.<\/p>\n<h3>Ostrze bagnetowe Signature Series<\/h3>\n<p>Wyj\u0105tkowy profil ostrza bagnetowego zapewnia unikalne po\u0142\u0105czenie mo\u017cliwo\u015bci przek\u0142uwania i wydajno\u015bci krojenia. W pe\u0142ni z\u0105bkowana kraw\u0119d\u017a zapewnia agresywn\u0105 si\u0142\u0119 ci\u0119cia materia\u0142\u00f3w w\u0142\u00f3knistych, lin, ta\u015bm i pas\u00f3w bezpiecze\u0144stwa.<\/p>\n<h3>M390MK Super Stal<\/h3>\n<p>Bohler M390MK to autorski wariant legendarnej stali M390, produkowany wy\u0142\u0105cznie dla firmy Microtech. Zapewnia wyj\u0105tkow\u0105 r\u00f3wnowag\u0119 twardo\u015bci (60\u201362 HRC), trwa\u0142o\u015bci kraw\u0119dzi, wytrzyma\u0142o\u015bci i odporno\u015bci na korozj\u0119.<\/p>\n<h3>Komponenty premium<\/h3>\n<ul>\n<li>Ostrze bagnetowe Bohler M390MK z wyko\u0144czeniem typu stonewash<\/li>\n<li>Aluminiowy uchwyt klasy lotniczej 6061-T6<\/li>\n<li>System wdra\u017cania Zero Blade Play (ZBP)<\/li>\n<li>Oznaczenie i oznaczenia serii Signature<\/li>\n<li>Frezowany tytanowy klips kieszonkowy z ceramicznymi kulkami<\/li>\n<li>Zbijak do szk\u0142a ze stali nierdzewnej<\/li>\n<li>W ca\u0142ym obiekcie elementy Torx<\/li>\n<\/ul>\n<h3>Specyfikacje<\/h3>\n<table class=\"shop_attributes\">\n<tr>\n<td><strong>Typ<\/strong><\/td>\n<td>Automatyczny z przodu<\/td>\n<\/tr>\n<tr>\n<td><strong>D\u0142ugo\u015b\u0107 ostrza<\/strong><\/td>\n<td>3,50&#8243;<\/td>\n<\/tr>\n<tr>\n<td><strong>D\u0142ugo\u015b\u0107 ca\u0142kowita<\/strong><\/td>\n<td>8,50&#8243;<\/td>\n<\/tr>\n<tr>\n<td><strong>D\u0142ugo\u015b\u0107 r\u0105czki<\/strong><\/td>\n<td>5,00&#8243;<\/td>\n<\/tr>\n<tr>\n<td><strong>Ostrze ze stali<\/strong><\/td>\n<td>Bohler M390MK<\/td>\n<\/tr>\n<tr>\n<td><strong>Materia\u0142 uchwytu<\/strong><\/td>\n<td>Aluminium 6061-T6<\/td>\n<\/tr>\n<tr>\n<td><strong>Waga<\/strong><\/td>\n<td>3,50 uncji<\/td>\n<\/tr>\n<tr>\n<td><strong>Klip kieszonkowy<\/strong><\/td>\n<td>Frezowany tytan z ceramicznym zatrzaskiem<\/td>\n<\/tr>\n<tr>\n<td><strong>Sprz\u0119t<\/strong><\/td>\n<td>\u015aruby Torx<\/td>\n<\/tr>\n<tr>\n<td><strong>T\u0142uczek do szk\u0142a<\/strong><\/td>\n<td>Stal nierdzewna<\/td>\n<\/tr>\n<tr>\n<td><strong>Kraj pochodzenia<\/strong><\/td>\n<td>USA<\/td>\n<\/tr>\n<tr>\n<td><strong>Kolor uchwytu<\/strong><\/td>\n<td>Czarny<\/td>\n<\/tr>\n<tr>\n<td><strong>Wyko\u0144czenie ostrza<\/strong><\/td>\n<td>Stonewash<\/td>\n<\/tr>\n<tr>\n<td><strong>Styl ostrza<\/strong><\/td>\n<td>Bajon<\/td>\n<\/tr>\n<tr>\n<td><strong>Typ kraw\u0119dzi<\/strong><\/td>\n<td>Pe\u0142ne z\u0105bkowanie<\/td>\n<\/tr>\n<tr>\n<td><strong>Seria<\/strong><\/td>\n<td>Seria podpis\u00f3w<\/td>\n<\/tr>\n<\/tbody>\n","protected":false},"excerpt":{"rendered":"<p>Seria bagnet\u00f3w Ultratech EX-ZBP Signature to elitarny automat OTF z technologi\u0105 Zero Blade Play firmy Microtech i w pe\u0142ni z\u0105bkowanym ostrzem bagnetowym typu stonewash wykonanym ze stali M390MK. Oznaczenie serii Signature. Ostrze 3,50\u2033, og\u00f3lnie 8,50\u2033.<\/p>\n","protected":false},"featured_media":732516,"template":"","meta":{"_acf_changed":false},"product_brand":[15535],"product_cat":[15364,16004],"product_tag":[],"class_list":{"0":"post-732515","1":"product","2":"type-product","3":"status-publish","4":"has-post-thumbnail","6":"product_brand-microtech","7":"product_cat-knives-pl","8":"product_cat-otf-knives-pl","10":"first","11":"outofstock","12":"taxable","13":"shipping-taxable","14":"purchasable","15":"product-type-simple"},"acf":[],"_links":{"self":[{"href":"https:\/\/nbg.eu\/pl\/wp-json\/wp\/v2\/product\/732515","targetHints":{"allow":["GET"]}}],"collection":[{"href":"https:\/\/nbg.eu\/pl\/wp-json\/wp\/v2\/product"}],"about":[{"href":"https:\/\/nbg.eu\/pl\/wp-json\/wp\/v2\/types\/product"}],"wp:featuredmedia":[{"embeddable":true,"href":"https:\/\/nbg.eu\/pl\/wp-json\/wp\/v2\/media\/732516"}],"wp:attachment":[{"href":"https:\/\/nbg.eu\/pl\/wp-json\/wp\/v2\/media?parent=732515"}],"wp:term":[{"taxonomy":"product_brand","embeddable":true,"href":"https:\/\/nbg.eu\/pl\/wp-json\/wp\/v2\/product_brand?post=732515"},{"taxonomy":"product_cat","embeddable":true,"href":"https:\/\/nbg.eu\/pl\/wp-json\/wp\/v2\/product_cat?post=732515"},{"taxonomy":"product_tag","embeddable":true,"href":"https:\/\/nbg.eu\/pl\/wp-json\/wp\/v2\/product_tag?post=732515"}],"curies":[{"name":"wp","href":"https:\/\/api.w.org\/{rel}","templated":true}]}}