{"id":732551,"date":"2026-03-13T17:31:48","date_gmt":"2026-03-13T14:31:48","guid":{"rendered":"https:\/\/nbg.eu\/product\/microtech-l-u-d-t-t-e-gen-iii-apocalyptic-partial-serrated-natural-clear\/"},"modified":"2026-03-16T12:55:10","modified_gmt":"2026-03-16T09:55:10","slug":"microtech-l-u-d-t-t-e-gen-iii-apocalyptic-partial-serrated-natural-clear","status":"publish","type":"product","link":"https:\/\/nbg.eu\/pl\/produkt\/microtech-l-u-d-t-t-e-gen-iii-apocalyptic-partial-serrated-natural-clear\/","title":{"rendered":"Microtech L.U.D.T. T\/E Gen III Apocalyptic Cz\u0119\u015bciowo z\u0105bkowany Natural Clear"},"content":{"rendered":"<h2>Przegl\u0105d<\/h2>\n<p>Microtech L.U.D.T. Gen III to pot\u0119\u017cny, automatyczny folder, kt\u00f3ry przywo\u0142uje klasyczny styl UDT z rewolucyjnymi aktualizacjami formy i funkcji. Ten wariant Natural Clear posiada ostrze tanto z wyko\u0144czeniem apokaliptycznym i cz\u0119\u015bciowo z\u0105bkowan\u0105 kraw\u0119dzi\u0105, wykute ze stali Bohler M390MK. Wersja Gen III przywraca wypustki r\u0119koje\u015bci z ta\u015bm\u0105 trakcyjn\u0105 3M dla optymalnego chwytu, opiera si\u0119 na 24 \u0142o\u017cyskach z w\u0119glika krzemionki, zapewniaj\u0105c najp\u0142ynniejsz\u0105 prac\u0119 w swojej klasie, i wykorzystuje typowe \u015bruby Torx dla \u0142atwej konserwacji w terenie.<\/p>\n<h3>24 \u0142o\u017cyska z w\u0119glika krzemionki<\/h3>\n<p>System akcji LUDT Gen III opiera si\u0119 na 24 precyzyjnych \u0142o\u017cyskach z w\u0119glika krzemionki, zapewniaj\u0105c najp\u0142ynniejsz\u0105 i najbardziej wyrafinowan\u0105 automatyczn\u0105 akcj\u0119 sk\u0142adan\u0105, jak\u0105 kiedykolwiek wyprodukowa\u0142 Microtech. System \u0142o\u017cysk praktycznie eliminuje tarcie, zapewniaj\u0105c b\u0142yskawiczne wdro\u017cenie.<\/p>\n<h3>Wk\u0142adki z ta\u015bm\u0105 trakcyjn\u0105 3M<\/h3>\n<p>Powr\u00f3t wk\u0142adek r\u0119koje\u015bci w Gen III wykorzystuje ta\u015bm\u0119 trakcyjn\u0105 3M klasy przemys\u0142owej, zapewniaj\u0105c\u0105 wyj\u0105tkow\u0105 przyczepno\u015b\u0107 w mokrych, zaolejonych warunkach lub w r\u0119kawicach bez zwi\u0119kszania obj\u0119to\u015bci profilu r\u0119koje\u015bci.<\/p>\n<h3>Wodoodporna konstrukcja<\/h3>\n<p>Zbudowany specjalnie do trudnych warunk\u00f3w, LUDT Gen III ma uszczelnion\u0105 konstrukcj\u0119, kt\u00f3ra jest odporna na wnikanie wilgoci, dzi\u0119ki czemu jest niezawodny w deszczu, \u015bniegu i \u015brodowiskach morskich.<\/p>\n<h3>Komponenty premium<\/h3>\n<ul>\n<li>Ostrze tanto Bohler M390MK<\/li>\n<li>Aluminiowa r\u0119koje\u015b\u0107 6061-T6 ze wstawkami z ta\u015bmy trakcyjnej 3M<\/li>\n<li>24-system \u0142o\u017cyskowy z w\u0119glika krzemionki<\/li>\n<li>Wysuwany klips do kieszeni<\/li>\n<li>Zwyk\u0142e okucie Torx u\u0142atwiaj\u0105ce konserwacj\u0119<\/li>\n<li>Wodoodporna konstrukcja<\/li>\n<\/ul>\n<h3>Specyfikacje<\/h3>\n<table class=\"shop_attributes\">\n<tr>\n<td><strong>Typ<\/strong><\/td>\n<td>Folder automatyczny<\/td>\n<\/tr>\n<tr>\n<td><strong>D\u0142ugo\u015b\u0107 ostrza<\/strong><\/td>\n<td>3,50&#8243;<\/td>\n<\/tr>\n<tr>\n<td><strong>D\u0142ugo\u015b\u0107 ca\u0142kowita<\/strong><\/td>\n<td>8,00&#8243;<\/td>\n<\/tr>\n<tr>\n<td><strong>D\u0142ugo\u015b\u0107 r\u0105czki<\/strong><\/td>\n<td>4,50&#8243;<\/td>\n<\/tr>\n<tr>\n<td><strong>Ostrze ze stali<\/strong><\/td>\n<td>Bohler M390MK<\/td>\n<\/tr>\n<tr>\n<td><strong>Materia\u0142 uchwytu<\/strong><\/td>\n<td>Aluminium 6061-T6 z wstawkami z ta\u015bmy trakcyjnej 3M<\/td>\n<\/tr>\n<tr>\n<td><strong>Waga<\/strong><\/td>\n<td>3,60 uncji<\/td>\n<\/tr>\n<tr>\n<td><strong>Klip kieszonkowy<\/strong><\/td>\n<td>Noszenie z wywrotk\u0105<\/td>\n<\/tr>\n<tr>\n<td><strong>\u0141o\u017cyska<\/strong><\/td>\n<td>24 W\u0119glik krzemionki<\/td>\n<\/tr>\n<tr>\n<td><strong>Kraj pochodzenia<\/strong><\/td>\n<td>USA<\/td>\n<\/tr>\n<tr>\n<td><strong>Kolor uchwytu<\/strong><\/td>\n<td>Naturalny przezroczysty<\/td>\n<\/tr>\n<tr>\n<td><strong>Wyko\u0144czenie ostrza<\/strong><\/td>\n<td>Apokaliptyczny<\/td>\n<\/tr>\n<tr>\n<td><strong>Typ kraw\u0119dzi<\/strong><\/td>\n<td>Cz\u0119\u015bciowo z\u0105bkowane<\/td>\n<\/tr>\n<\/tbody>\n","protected":false},"excerpt":{"rendered":"<p>L.U.D.T. Automatyczny folder Gen III w kolorze Natural Clear z wyko\u0144czeniem Apocalyptic, cz\u0119\u015bciowo z\u0105bkowanym ostrzem typu tanto M390MK. Zawiera 24 \u0142o\u017cyska z w\u0119glika krzemionki i wk\u0142adki z ta\u015bmy trakcyjnej 3M. Ostrze 3,50\u2033, og\u00f3lnie 8,00\u2033.<\/p>\n","protected":false},"featured_media":732552,"template":"","meta":{"_acf_changed":false},"product_brand":[15535],"product_cat":[15386,15364],"product_tag":[],"class_list":{"0":"post-732551","1":"product","2":"type-product","3":"status-publish","4":"has-post-thumbnail","6":"product_brand-microtech","7":"product_cat-folding-knives-pl","8":"product_cat-knives-pl","10":"first","11":"instock","12":"taxable","13":"shipping-taxable","14":"purchasable","15":"product-type-simple"},"acf":[],"_links":{"self":[{"href":"https:\/\/nbg.eu\/pl\/wp-json\/wp\/v2\/product\/732551","targetHints":{"allow":["GET"]}}],"collection":[{"href":"https:\/\/nbg.eu\/pl\/wp-json\/wp\/v2\/product"}],"about":[{"href":"https:\/\/nbg.eu\/pl\/wp-json\/wp\/v2\/types\/product"}],"wp:featuredmedia":[{"embeddable":true,"href":"https:\/\/nbg.eu\/pl\/wp-json\/wp\/v2\/media\/732552"}],"wp:attachment":[{"href":"https:\/\/nbg.eu\/pl\/wp-json\/wp\/v2\/media?parent=732551"}],"wp:term":[{"taxonomy":"product_brand","embeddable":true,"href":"https:\/\/nbg.eu\/pl\/wp-json\/wp\/v2\/product_brand?post=732551"},{"taxonomy":"product_cat","embeddable":true,"href":"https:\/\/nbg.eu\/pl\/wp-json\/wp\/v2\/product_cat?post=732551"},{"taxonomy":"product_tag","embeddable":true,"href":"https:\/\/nbg.eu\/pl\/wp-json\/wp\/v2\/product_tag?post=732551"}],"curies":[{"name":"wp","href":"https:\/\/api.w.org\/{rel}","templated":true}]}}