{"id":732571,"date":"2026-03-13T17:32:22","date_gmt":"2026-03-13T14:32:22","guid":{"rendered":"https:\/\/nbg.eu\/product\/microtech-scarab-ii-gen-iii-t-e-dlc-shadow-signature-series\/"},"modified":"2026-03-30T15:41:49","modified_gmt":"2026-03-30T12:41:49","slug":"microtech-scarab-ii-gen-iii-t-e-dlc-shadow-signature-series","status":"publish","type":"product","link":"https:\/\/nbg.eu\/pl\/produkt\/microtech-scarab-ii-gen-iii-t-e-dlc-shadow-signature-series\/","title":{"rendered":"Seria Microtech Scarab II Gen III T\/E DLC Shadow Signature"},"content":{"rendered":"<h2>Przegl\u0105d<\/h2>\n<p>Microtech Scarab II Gen III to najwi\u0119kszy n\u00f3\u017c OTF o podw\u00f3jnym dzia\u0142aniu w aktualnej ofercie Microtech, wyposa\u017cony w najszersze dost\u0119pne ostrze i imponuj\u0105c\u0105 d\u0142ugo\u015b\u0107 ca\u0142kowit\u0105 9,70 cala. Ten wariant Black DLC Shadow posiada ostrze tanto ze stali Bohler M390MK powlekane DLC. Rewolucyjny dwupaliwowy uk\u0142ad nap\u0119dowy nap\u0119dza ostrze z si\u0142\u0105 wystarczaj\u0105c\u0105 do niezawodnego wysuni\u0119cia nawet pod wod\u0105, a wyprofilowany uchwyt z teksturowanymi wstawkami zapewnia bezpieczny i wygodny chwyt do d\u0142ugotrwa\u0142ego u\u017cytkowania.<\/p>\n<h3>Najwi\u0119kszy OTF o podw\u00f3jnym dzia\u0142aniu<\/h3>\n<p>Wa\u017c\u0105c oko\u0142o 5,9 uncji i z prawie 4-calowym ostrzem, Scarab II ma w\u0142adz\u0119. Szeroki profil ostrza typu tanto zapewnia wyj\u0105tkow\u0105 wydajno\u015b\u0107 ci\u0119cia i wytrzyma\u0142o\u015b\u0107 ko\u0144c\u00f3wki w przypadku wymagaj\u0105cych zada\u0144.<\/p>\n<h3>Nap\u0119d dwupaliwowy<\/h3>\n<p>Konstrukcja z podw\u00f3jn\u0105 spr\u0119\u017cyn\u0105 wytwarza wystarczaj\u0105c\u0105 si\u0142\u0119, aby niezawodnie wysun\u0105\u0107 ostrze nawet zanurzone w wodzie, co czyni Scarab II jednym z najbardziej niezawodnych no\u017cy OTF, jakie kiedykolwiek wyprodukowano.<\/p>\n<h3>Projekt port\u00f3w z ty\u0142u<\/h3>\n<p>Przemy\u015blanie zaprojektowane tylne otwory umo\u017cliwiaj\u0105 \u0142atwe otwieranie no\u017ca nawet w trudnych warunkach, a wyci\u0119cia w ostrzu i kolbie zapewniaj\u0105 przep\u0142yw.<\/p>\n<h3>Komponenty premium<\/h3>\n<ul>\n<li>Szerokie ostrze typu tanto Bohler M390MK<\/li>\n<li>Wyprofilowany uchwyt z aluminium 6061-T6<\/li>\n<li>Nap\u0119d dwupaliwowy z mo\u017cliwo\u015bci\u0105 zastosowania pod wod\u0105<\/li>\n<li>Teksturowane wstawki zapewniaj\u0105ce lepsz\u0105 przyczepno\u015b\u0107<\/li>\n<li>Porty z ty\u0142u zapewniaj\u0105ce niezawodne dzia\u0142anie<\/li>\n<li>Przep\u0142ywowy kr\u00f3j z reliefowymi naci\u0119ciami<\/li>\n<li>Elementy i klips kieszeniowy z pow\u0142ok\u0105 DLC<\/li>\n<li>G\u0142\u0119boko wygrawerowane logo Scarab Signature Series<\/li>\n<\/ul>\n<h3>Specyfikacje<\/h3>\n<table class=\"shop_attributes\">\n<tr>\n<td><strong>Typ<\/strong><\/td>\n<td>Automatyczny z przodu<\/td>\n<\/tr>\n<tr>\n<td><strong>D\u0142ugo\u015b\u0107 ostrza<\/strong><\/td>\n<td>3,95 cala<\/td>\n<\/tr>\n<tr>\n<td><strong>D\u0142ugo\u015b\u0107 ca\u0142kowita<\/strong><\/td>\n<td>9,70 cala<\/td>\n<\/tr>\n<tr>\n<td><strong>Ostrze ze stali<\/strong><\/td>\n<td>Bohler M390MK (powlekany DLC)<\/td>\n<\/tr>\n<tr>\n<td><strong>Materia\u0142 uchwytu<\/strong><\/td>\n<td>Aluminium 6061-T6 (czarny cie\u0144 DLC)<\/td>\n<\/tr>\n<tr>\n<td><strong>Waga<\/strong><\/td>\n<td>~5,9 uncji<\/td>\n<\/tr>\n<tr>\n<td><strong>Styl ostrza<\/strong><\/td>\n<td>Tanto (T\/E)<\/td>\n<\/tr>\n<tr>\n<td><strong>Wyko\u0144czenie ostrza<\/strong><\/td>\n<td>Cie\u0144 DLC<\/td>\n<\/tr>\n<tr>\n<td><strong>Sprz\u0119t<\/strong><\/td>\n<td>Powlekane DLC<\/td>\n<\/tr>\n<tr>\n<td><strong>Typ kraw\u0119dzi<\/strong><\/td>\n<td>Zwyk\u0142y<\/td>\n<\/tr>\n<tr>\n<td><strong>Seria<\/strong><\/td>\n<td>Seria podpis\u00f3w<\/td>\n<\/tr>\n<tr>\n<td><strong>Kraj pochodzenia<\/strong><\/td>\n<td>USA<\/td>\n<\/tr>\n<\/tbody>\n","protected":false},"excerpt":{"rendered":"<p>Scarab II Gen III Signature Series z pe\u0142nym wyko\u0144czeniem DLC Shadow \u2013 ostrze M390MK tanto z pow\u0142ok\u0105 DLC, osprz\u0119t DLC i czarna aluminiowa r\u0119koje\u015b\u0107. Najwi\u0119kszy OTF firmy Microtech. Ostrze 3,95\u2033, og\u00f3lnie 9,70\u2033.<\/p>\n","protected":false},"featured_media":732572,"template":"","meta":{"_acf_changed":false},"product_brand":[15535],"product_cat":[15364,16004],"product_tag":[],"class_list":{"0":"post-732571","1":"product","2":"type-product","3":"status-publish","4":"has-post-thumbnail","6":"product_brand-microtech","7":"product_cat-knives-pl","8":"product_cat-otf-knives-pl","10":"first","11":"outofstock","12":"taxable","13":"shipping-taxable","14":"purchasable","15":"product-type-simple"},"acf":[],"_links":{"self":[{"href":"https:\/\/nbg.eu\/pl\/wp-json\/wp\/v2\/product\/732571","targetHints":{"allow":["GET"]}}],"collection":[{"href":"https:\/\/nbg.eu\/pl\/wp-json\/wp\/v2\/product"}],"about":[{"href":"https:\/\/nbg.eu\/pl\/wp-json\/wp\/v2\/types\/product"}],"wp:featuredmedia":[{"embeddable":true,"href":"https:\/\/nbg.eu\/pl\/wp-json\/wp\/v2\/media\/732572"}],"wp:attachment":[{"href":"https:\/\/nbg.eu\/pl\/wp-json\/wp\/v2\/media?parent=732571"}],"wp:term":[{"taxonomy":"product_brand","embeddable":true,"href":"https:\/\/nbg.eu\/pl\/wp-json\/wp\/v2\/product_brand?post=732571"},{"taxonomy":"product_cat","embeddable":true,"href":"https:\/\/nbg.eu\/pl\/wp-json\/wp\/v2\/product_cat?post=732571"},{"taxonomy":"product_tag","embeddable":true,"href":"https:\/\/nbg.eu\/pl\/wp-json\/wp\/v2\/product_tag?post=732571"}],"curies":[{"name":"wp","href":"https:\/\/api.w.org\/{rel}","templated":true}]}}