{"id":732583,"date":"2026-03-13T17:32:39","date_gmt":"2026-03-13T14:32:39","guid":{"rendered":"https:\/\/nbg.eu\/product\/microtech-socom-elite-t-e-full-serrated-tan\/"},"modified":"2026-03-16T12:56:04","modified_gmt":"2026-03-16T09:56:04","slug":"microtech-socom-elite-t-e-full-serrated-tan","status":"publish","type":"product","link":"https:\/\/nbg.eu\/pl\/produkt\/microtech-socom-elite-t-e-full-serrated-tan\/","title":{"rendered":"Microtech Socom Elite T\/E Pe\u0142na z\u0105bkowana opalenizna"},"content":{"rendered":"<h2>Przegl\u0105d<\/h2>\n<p>Microtech Socom Elite pozostaje jednym z najpopularniejszych taktycznych no\u017cy sk\u0142adanych od czasu jego powstania w 1996 roku, a ten wariant z kraw\u0119dzi\u0105 Tanto kontynuuje t\u0119 tradycj\u0119. Wyposa\u017cony w czarne ostrze DLC M390 z ca\u0142kowicie z\u0105bkowan\u0105 kraw\u0119dzi\u0105, ergonomiczny uchwyt Socom Elite naturalnie dopasowuje si\u0119 do d\u0142oni, a zintegrowany zbijak do szk\u0142a i du\u017cy ko\u0142ek pod kciuk zapewniaj\u0105 praktyczn\u0105 u\u017cyteczno\u015b\u0107 i \u0142atw\u0105 obs\u0142ug\u0119 jedn\u0105 r\u0119k\u0105, nawet w r\u0119kawiczkach.<\/p>\n<h3>Sprawdzony projekt taktyczny<\/h3>\n<p>Od 1996 roku Socom Elite jest udoskonalany na podstawie dziesi\u0119cioleci do\u015bwiadcze\u0144 ze \u015bwiata rzeczywistego, otrzymywanych od wojska, organ\u00f3w \u015bcigania i u\u017cytkownik\u00f3w cywilnych. Geometria r\u0119koje\u015bci zapewnia naturalny, pewny chwyt, kt\u00f3ry zmniejsza zm\u0119czenie podczas d\u0142ugotrwa\u0142ego u\u017cytkowania.<\/p>\n<h3>Zintegrowany rozbijacz szyb<\/h3>\n<p>Hartowany zbijak do szk\u0142a wbudowany w podstaw\u0119 r\u0119koje\u015bci umo\u017cliwia ucieczk\u0119 w sytuacjach awaryjnych, dzi\u0119ki czemu Socom Elite jest wszechstronnym narz\u0119dziem wykraczaj\u0105cym poza zadania zwi\u0105zane z ci\u0119ciem.<\/p>\n<h3>Obs\u0142uga mo\u017cliwa w r\u0119kawiczkach<\/h3>\n<p>Ponadwymiarowy ko\u0142ek pod kciuk i teksturowane wstawki na aluminiowych skalach r\u0119koje\u015bci zapewniaj\u0105 dobr\u0105 kontrol\u0119 i \u0142atwe zak\u0142adanie nawet w r\u0119kawicach taktycznych lub w mokrych warunkach.<\/p>\n<h3>Komponenty premium<\/h3>\n<ul>\n<li>Ostrze Bohler M390<\/li>\n<li>Aluminiowa r\u0119koje\u015b\u0107 6061-T6 z wk\u0142adkami zapewniaj\u0105cymi przyczepno\u015b\u0107<\/li>\n<li>Zintegrowany zbijak do szyb<\/li>\n<li>Du\u017cy ko\u0142ek pod kciuk umo\u017cliwiaj\u0105cy obs\u0142ug\u0119 w r\u0119kawiczkach<\/li>\n<li>Klip kieszonkowy<\/li>\n<\/ul>\n<h3>Specyfikacje<\/h3>\n<table class=\"shop_attributes\">\n<tr>\n<td><strong>Typ<\/strong><\/td>\n<td>Folder r\u0119czny<\/td>\n<\/tr>\n<tr>\n<td><strong>D\u0142ugo\u015b\u0107 ostrza<\/strong><\/td>\n<td>4,05&#8243;<\/td>\n<\/tr>\n<tr>\n<td><strong>D\u0142ugo\u015b\u0107 ca\u0142kowita<\/strong><\/td>\n<td>9,17&#8243;<\/td>\n<\/tr>\n<tr>\n<td><strong>Ostrze ze stali<\/strong><\/td>\n<td>Bohlera M390<\/td>\n<\/tr>\n<tr>\n<td><strong>Materia\u0142 uchwytu<\/strong><\/td>\n<td>6061-T6 Aluminium (br\u0105zowe)<\/td>\n<\/tr>\n<tr>\n<td><strong>Waga<\/strong><\/td>\n<td>~5,3 uncji<\/td>\n<\/tr>\n<tr>\n<td><strong>Styl ostrza<\/strong><\/td>\n<td>Tanto (T\/E)<\/td>\n<\/tr>\n<tr>\n<td><strong>Wyko\u0144czenie ostrza<\/strong><\/td>\n<td>Czarne DLC<\/td>\n<\/tr>\n<tr>\n<td><strong>Typ kraw\u0119dzi<\/strong><\/td>\n<td>Pe\u0142ne z\u0105bkowanie<\/td>\n<\/tr>\n<tr>\n<td><strong>Zablokuj<\/strong><\/td>\n<td>Blokada wk\u0142adki<\/td>\n<\/tr>\n<tr>\n<td><strong>T\u0142uczek do szk\u0142a<\/strong><\/td>\n<td>Zintegrowane<\/td>\n<\/tr>\n<tr>\n<td><strong>Kraj pochodzenia<\/strong><\/td>\n<td>USA<\/td>\n<\/tr>\n<\/tbody>\n","protected":false},"excerpt":{"rendered":"<p>Teczka Socom Elite w kolorze tan z czarnym, w pe\u0142ni z\u0105bkowanym ostrzem tanto M390 DLC. Agresywna wydajno\u015b\u0107 ci\u0119cia dzi\u0119ki kultowej ergonomii Socom i zintegrowanemu zbijakowi szk\u0142a. Ostrze 4,05\u2033, og\u00f3lnie 9,17\u2033.<\/p>\n","protected":false},"featured_media":732584,"template":"","meta":{"_acf_changed":false},"product_brand":[15535],"product_cat":[15386,15364],"product_tag":[],"class_list":{"0":"post-732583","1":"product","2":"type-product","3":"status-publish","4":"has-post-thumbnail","6":"product_brand-microtech","7":"product_cat-folding-knives-pl","8":"product_cat-knives-pl","10":"first","11":"instock","12":"taxable","13":"shipping-taxable","14":"purchasable","15":"product-type-simple"},"acf":[],"_links":{"self":[{"href":"https:\/\/nbg.eu\/pl\/wp-json\/wp\/v2\/product\/732583","targetHints":{"allow":["GET"]}}],"collection":[{"href":"https:\/\/nbg.eu\/pl\/wp-json\/wp\/v2\/product"}],"about":[{"href":"https:\/\/nbg.eu\/pl\/wp-json\/wp\/v2\/types\/product"}],"wp:featuredmedia":[{"embeddable":true,"href":"https:\/\/nbg.eu\/pl\/wp-json\/wp\/v2\/media\/732584"}],"wp:attachment":[{"href":"https:\/\/nbg.eu\/pl\/wp-json\/wp\/v2\/media?parent=732583"}],"wp:term":[{"taxonomy":"product_brand","embeddable":true,"href":"https:\/\/nbg.eu\/pl\/wp-json\/wp\/v2\/product_brand?post=732583"},{"taxonomy":"product_cat","embeddable":true,"href":"https:\/\/nbg.eu\/pl\/wp-json\/wp\/v2\/product_cat?post=732583"},{"taxonomy":"product_tag","embeddable":true,"href":"https:\/\/nbg.eu\/pl\/wp-json\/wp\/v2\/product_tag?post=732583"}],"curies":[{"name":"wp","href":"https:\/\/api.w.org\/{rel}","templated":true}]}}