{"id":732587,"date":"2026-03-13T17:32:48","date_gmt":"2026-03-13T14:32:48","guid":{"rendered":"https:\/\/nbg.eu\/product\/microtech-stitch-s-e-tactical-partial-serrated\/"},"modified":"2026-03-16T12:56:10","modified_gmt":"2026-03-16T09:56:10","slug":"microtech-stitch-s-e-tactical-partial-serrated","status":"publish","type":"product","link":"https:\/\/nbg.eu\/pl\/produkt\/microtech-stitch-s-e-tactical-partial-serrated\/","title":{"rendered":"Cz\u0119\u015bciowo z\u0105bkowane taktyczne Microtech Stitch S\/E"},"content":{"rendered":"<h2>Przegl\u0105d<\/h2>\n<p>\u015acieg Microtech to arcydzie\u0142o produkcyjne powsta\u0142e w wyniku wsp\u00f3\u0142pracy Marfione Custom Knives i Borka Blades. Ten wariant taktyczny wyposa\u017cony jest w cz\u0119\u015bciowo z\u0105bkowane ostrze typu spear point z pow\u0142ok\u0105 DLC, wykonane ze stali Bohler M390, umieszczone w mocno frezowanej i rade\u0142kowanej aluminiowej r\u0119koje\u015bci 6061-T6 z czarnym anodowanym wyko\u0144czeniem Mil-Spec Hardcoat. Przy wadze 6,3 uncji Stitch zapewnia znaczn\u0105 wysoko\u015b\u0107 i prezencj\u0119, a du\u017ca rampa na kciuk i kciuk zapewnia wiele opcji bezpiecznego chwytu dla precyzyjnej kontroli.<\/p>\n<h3>Wsp\u00f3\u0142praca Marfione x Borka<\/h3>\n<p>The Stitch reprezentuje realizacj\u0119 produkcyjn\u0105 niestandardowego no\u017ca, powsta\u0142ego we wsp\u00f3\u0142pracy dw\u00f3ch legendarnych tw\u00f3rc\u00f3w. Ka\u017cdy szczeg\u00f3\u0142, od charakterystycznego profilu ostrza po agresywne frezowanie r\u0119koje\u015bci, odzwierciedla dziesi\u0119ciolecia po\u0142\u0105czonego do\u015bwiadczenia w tworzeniu no\u017cy.<\/p>\n<h3>Konstrukcja z tward\u0105 pow\u0142ok\u0105 Mil-Spec<\/h3>\n<p>G\u0142\u0119boko frezowana aluminiowa r\u0119koje\u015b\u0107 zosta\u0142a anodowana metod\u0105 Mil-Spec Type III Hardcoat, co zapewnia wyj\u0105tkow\u0105 odporno\u015b\u0107 na zu\u017cycie i korozj\u0119. G\u0142\u0119boki wz\u00f3r rade\u0142kowania zapewnia bezpieczn\u0105 powierzchni\u0119 uchwytu bez konieczno\u015bci stosowania wk\u0142adek.<\/p>\n<h3>Wszechstronna geometria ostrza<\/h3>\n<p>Profil ostrza typu spear point ze znacznym wg\u0142\u0119bieniem na kciuk i kciukiem zapewnia wiele pozycji chwytu do r\u00f3\u017cnych zada\u0144 ci\u0119cia, od prac precyzyjnych po agresywne krojenie z cz\u0119\u015bciowo z\u0105bkowan\u0105 cz\u0119\u015bci\u0105.<\/p>\n<h3>Komponenty premium<\/h3>\n<ul>\n<li>Ostrze typu spear point Bohler M390 z pow\u0142ok\u0105 DLC<\/li>\n<li>Aluminiowa r\u0119koje\u015b\u0107 6061-T6 z anodowaniem Mil-Spec Hardcoat<\/li>\n<li>G\u0142\u0119bokie rade\u0142kowanie zapewnia pewny chwyt<\/li>\n<li>Aluminiowa podk\u0142adka dystansowa z przet\u0142oczeniami<\/li>\n<li>Wysuwany klips do kieszeni<\/li>\n<li>Automatyczne wdra\u017canie za pomoc\u0105 przycisku<\/li>\n<\/ul>\n<h3>Specyfikacje<\/h3>\n<table class=\"shop_attributes\">\n<tr>\n<td><strong>Typ<\/strong><\/td>\n<td>Automatyczny (OTS)<\/td>\n<\/tr>\n<tr>\n<td><strong>D\u0142ugo\u015b\u0107 ostrza<\/strong><\/td>\n<td>3,75&#8243;<\/td>\n<\/tr>\n<tr>\n<td><strong>D\u0142ugo\u015b\u0107 ca\u0142kowita<\/strong><\/td>\n<td>8,51&#8243;<\/td>\n<\/tr>\n<tr>\n<td><strong>D\u0142ugo\u015b\u0107 zamkni\u0119ta<\/strong><\/td>\n<td>5,00&#8243;<\/td>\n<\/tr>\n<tr>\n<td><strong>Grubo\u015b\u0107 ostrza<\/strong><\/td>\n<td>0,197&#8243;<\/td>\n<\/tr>\n<tr>\n<td><strong>Ostrze ze stali<\/strong><\/td>\n<td>Bohlera M390<\/td>\n<\/tr>\n<tr>\n<td><strong>Materia\u0142 uchwytu<\/strong><\/td>\n<td>Aluminium 6061-T6 (twarda pow\u0142oka Mil-Spec)<\/td>\n<\/tr>\n<tr>\n<td><strong>Grubo\u015b\u0107 uchwytu<\/strong><\/td>\n<td>0,62&#8243;<\/td>\n<\/tr>\n<tr>\n<td><strong>Waga<\/strong><\/td>\n<td>6,30 uncji<\/td>\n<\/tr>\n<tr>\n<td><strong>Styl ostrza<\/strong><\/td>\n<td>Spear Point (S\/E)<\/td>\n<\/tr>\n<tr>\n<td><strong>Wyko\u0144czenie ostrza<\/strong><\/td>\n<td>Czarne DLC<\/td>\n<\/tr>\n<tr>\n<td><strong>Typ kraw\u0119dzi<\/strong><\/td>\n<td>Cz\u0119\u015bciowo z\u0105bkowane<\/td>\n<\/tr>\n<tr>\n<td><strong>Kraj pochodzenia<\/strong><\/td>\n<td>USA<\/td>\n<\/tr>\n<\/tbody>\n","protected":false},"excerpt":{"rendered":"<p>Automatyczny n\u00f3\u017c do szycia z cz\u0119\u015bciowo z\u0105bkowanym ostrzem M390 typu spear point z pow\u0142ok\u0105 DLC. Wsp\u00f3\u0142praca Marfione Custom i Borka Blades. Rade\u0142kowana r\u0119koje\u015b\u0107 aluminiowa, ostrze 3,75 cala, ca\u0142kowita d\u0142ugo\u015b\u0107 8,51 cala, 6,3 uncji.<\/p>\n","protected":false},"featured_media":732588,"template":"","meta":{"_acf_changed":false},"product_brand":[15535],"product_cat":[15386,15364],"product_tag":[],"class_list":{"0":"post-732587","1":"product","2":"type-product","3":"status-publish","4":"has-post-thumbnail","6":"product_brand-microtech","7":"product_cat-folding-knives-pl","8":"product_cat-knives-pl","10":"first","11":"instock","12":"taxable","13":"shipping-taxable","14":"purchasable","15":"product-type-simple"},"acf":[],"_links":{"self":[{"href":"https:\/\/nbg.eu\/pl\/wp-json\/wp\/v2\/product\/732587","targetHints":{"allow":["GET"]}}],"collection":[{"href":"https:\/\/nbg.eu\/pl\/wp-json\/wp\/v2\/product"}],"about":[{"href":"https:\/\/nbg.eu\/pl\/wp-json\/wp\/v2\/types\/product"}],"wp:featuredmedia":[{"embeddable":true,"href":"https:\/\/nbg.eu\/pl\/wp-json\/wp\/v2\/media\/732588"}],"wp:attachment":[{"href":"https:\/\/nbg.eu\/pl\/wp-json\/wp\/v2\/media?parent=732587"}],"wp:term":[{"taxonomy":"product_brand","embeddable":true,"href":"https:\/\/nbg.eu\/pl\/wp-json\/wp\/v2\/product_brand?post=732587"},{"taxonomy":"product_cat","embeddable":true,"href":"https:\/\/nbg.eu\/pl\/wp-json\/wp\/v2\/product_cat?post=732587"},{"taxonomy":"product_tag","embeddable":true,"href":"https:\/\/nbg.eu\/pl\/wp-json\/wp\/v2\/product_tag?post=732587"}],"curies":[{"name":"wp","href":"https:\/\/api.w.org\/{rel}","templated":true}]}}