{"id":732599,"date":"2026-03-13T17:33:16","date_gmt":"2026-03-13T14:33:16","guid":{"rendered":"https:\/\/nbg.eu\/product\/microtech-dirac-delta-d-e-dlc-shadow-signature-series\/"},"modified":"2026-03-30T15:46:34","modified_gmt":"2026-03-30T12:46:34","slug":"microtech-dirac-delta-d-e-dlc-shadow-signature-series","status":"publish","type":"product","link":"https:\/\/nbg.eu\/pl\/produkt\/microtech-dirac-delta-d-e-dlc-shadow-signature-series\/","title":{"rendered":"Seria Microtech Dirac Delta D\/E DLC Shadow Signature"},"content":{"rendered":"<h2>Przegl\u0105d<\/h2>\n<p>Microtech Dirac Delta D\/E DLC Shadow to odmiana serii Signature innowacyjnego automatu OTF firmy Microtech o najwy\u017cszym ogniu. Wzorowany na pionierze Diracu, Delta ma t\u0119 sam\u0105 ergonomiczn\u0105 obudow\u0119 i innowacyjny mechanizm wewn\u0119trzny w bardziej solidnym rozmiarze, z t\u0105 edycj\u0105 Shadow z pe\u0142n\u0105 pow\u0142ok\u0105 DLC (Diamond-Like Carbon) na ostrzu sztyletu M390MK, aluminiowej r\u0119koje\u015bci, osprz\u0119cie i klipsie kieszeniowym. Charakterystyczny, umieszczony na g\u00f3rze przycisk wyzwalania umo\u017cliwia intuicyjne, obur\u0119czne rozk\u0142adanie i chowanie ostrza naturalnym ruchem kciuka.<\/p>\n<h3>Przycisk spustowy montowany u g\u00f3ry<\/h3>\n<p>W przeciwie\u0144stwie do no\u017cy OTF strzelaj\u0105cych z boku, przycisk Dirac Delta montowany na pokrywie umo\u017cliwia naturalne, intuicyjne naci\u015bni\u0119cie kciukiem w celu wysuni\u0119cia i wycofania ostrza. Konstrukcja umo\u017cliwia prawdziwie obur\u0119czn\u0105 obs\u0142ug\u0119 bez konieczno\u015bci zmiany po\u0142o\u017cenia d\u0142oni.<\/p>\n<h3>Ergonomiczna obudowa inspirowana technologi\u0105 HALO<\/h3>\n<p>Obudowa Dirac Delta ma zakrzywione linie inspirowane legendarnym Microtech HALO, tworz\u0105c charakterystyczne wyczucie d\u0142oni, kt\u00f3re odr\u00f3\u017cnia j\u0105 od tradycyjnych konstrukcji OTF o prostych bokach.<\/p>\n<h3>Wyko\u0144czenie cieniowe DLC<\/h3>\n<p>Pe\u0142na pow\u0142oka Diamond-Like Carbon na wszystkich powierzchniach zapewnia ekstremaln\u0105 twardo\u015b\u0107, odporno\u015b\u0107 na zu\u017cycie i eleganck\u0105, przyciemnion\u0105 estetyk\u0119. Wyko\u0144czenie DLC dodaje r\u00f3wnie\u017c warstw\u0119 ochrony przed korozj\u0105 poza ju\u017c odporn\u0105 stal\u0105 M390MK.<\/p>\n<h3>Komponenty premium<\/h3>\n<ul>\n<li>Obosieczne ostrze sztyletu Bohler M390MK z pow\u0142ok\u0105 DLC<\/li>\n<li>Aluminiowy uchwyt 6061-T6 z wyko\u0144czeniem DLC Shadow<\/li>\n<li>Elementy i klips kieszeniowy z pow\u0142ok\u0105 DLC<\/li>\n<li>Przycisk wyzwalania montowany u g\u00f3ry, umo\u017cliwiaj\u0105cy obs\u0142ug\u0119 obur\u0119czn\u0105<\/li>\n<li>Zintegrowany zbijak do szyb<\/li>\n<li>Oznaczenie serii podpisu<\/li>\n<\/ul>\n<h3>Specyfikacje<\/h3>\n<table class=\"shop_attributes\">\n<tr>\n<td><strong>Typ<\/strong><\/td>\n<td>Automatyczny z przodu<\/td>\n<\/tr>\n<tr>\n<td><strong>D\u0142ugo\u015b\u0107 ostrza<\/strong><\/td>\n<td>3,79 cala<\/td>\n<\/tr>\n<tr>\n<td><strong>D\u0142ugo\u015b\u0107 ca\u0142kowita<\/strong><\/td>\n<td>9,40&#8243;<\/td>\n<\/tr>\n<tr>\n<td><strong>D\u0142ugo\u015b\u0107 r\u0105czki<\/strong><\/td>\n<td>5,50&#8243;<\/td>\n<\/tr>\n<tr>\n<td><strong>Ostrze ze stali<\/strong><\/td>\n<td>Bohler M390MK (powlekany DLC)<\/td>\n<\/tr>\n<tr>\n<td><strong>Materia\u0142 uchwytu<\/strong><\/td>\n<td>Aluminium 6061-T6 (DLC Shadow)<\/td>\n<\/tr>\n<tr>\n<td><strong>Waga<\/strong><\/td>\n<td>4,60 uncji<\/td>\n<\/tr>\n<tr>\n<td><strong>Styl ostrza<\/strong><\/td>\n<td>Sztylet \/ Podw\u00f3jne ostrze (D\/E)<\/td>\n<\/tr>\n<tr>\n<td><strong>Wyko\u0144czenie ostrza<\/strong><\/td>\n<td>Cie\u0144 DLC<\/td>\n<\/tr>\n<tr>\n<td><strong>Sprz\u0119t<\/strong><\/td>\n<td>Powlekane DLC<\/td>\n<\/tr>\n<tr>\n<td><strong>Typ kraw\u0119dzi<\/strong><\/td>\n<td>Zwyk\u0142y<\/td>\n<\/tr>\n<tr>\n<td><strong>Seria<\/strong><\/td>\n<td>Seria podpis\u00f3w<\/td>\n<\/tr>\n<tr>\n<td><strong>Kraj pochodzenia<\/strong><\/td>\n<td>USA<\/td>\n<\/tr>\n<\/tbody>\n","protected":false},"excerpt":{"rendered":"<p>Dirac Delta Signature Series OTF automatyczny z pe\u0142nym wyko\u0144czeniem DLC Shadow \u2013 obosieczne ostrze sztyletu M390MK z pow\u0142ok\u0105 DLC i aluminiowa r\u0119koje\u015b\u0107 DLC. Przycisk spustowy montowany u g\u00f3ry. Ostrze 3,79\u2033, og\u00f3lnie 9,40\u2033, 4,6 uncji<\/p>\n","protected":false},"featured_media":732600,"template":"","meta":{"_acf_changed":false},"product_brand":[15535],"product_cat":[15364,16004],"product_tag":[],"class_list":{"0":"post-732599","1":"product","2":"type-product","3":"status-publish","4":"has-post-thumbnail","6":"product_brand-microtech","7":"product_cat-knives-pl","8":"product_cat-otf-knives-pl","10":"first","11":"outofstock","12":"taxable","13":"shipping-taxable","14":"purchasable","15":"product-type-simple"},"acf":[],"_links":{"self":[{"href":"https:\/\/nbg.eu\/pl\/wp-json\/wp\/v2\/product\/732599","targetHints":{"allow":["GET"]}}],"collection":[{"href":"https:\/\/nbg.eu\/pl\/wp-json\/wp\/v2\/product"}],"about":[{"href":"https:\/\/nbg.eu\/pl\/wp-json\/wp\/v2\/types\/product"}],"wp:featuredmedia":[{"embeddable":true,"href":"https:\/\/nbg.eu\/pl\/wp-json\/wp\/v2\/media\/732600"}],"wp:attachment":[{"href":"https:\/\/nbg.eu\/pl\/wp-json\/wp\/v2\/media?parent=732599"}],"wp:term":[{"taxonomy":"product_brand","embeddable":true,"href":"https:\/\/nbg.eu\/pl\/wp-json\/wp\/v2\/product_brand?post=732599"},{"taxonomy":"product_cat","embeddable":true,"href":"https:\/\/nbg.eu\/pl\/wp-json\/wp\/v2\/product_cat?post=732599"},{"taxonomy":"product_tag","embeddable":true,"href":"https:\/\/nbg.eu\/pl\/wp-json\/wp\/v2\/product_tag?post=732599"}],"curies":[{"name":"wp","href":"https:\/\/api.w.org\/{rel}","templated":true}]}}