{"id":732603,"date":"2026-03-13T17:33:20","date_gmt":"2026-03-13T14:33:20","guid":{"rendered":"https:\/\/nbg.eu\/product\/microtech-6-utility-knife-stonewash-titanium-bolster-black-g-10\/"},"modified":"2026-03-16T12:56:36","modified_gmt":"2026-03-16T09:56:36","slug":"microtech-6-utility-knife-stonewash-titanium-bolster-black-g-10","status":"publish","type":"product","link":"https:\/\/nbg.eu\/pl\/produkt\/microtech-6-utility-knife-stonewash-titanium-bolster-black-g-10\/","title":{"rendered":"N\u00f3\u017c uniwersalny Microtech 6&#8243; Stonewash Titanium Bolster Black G-10"},"content":{"rendered":"<h2>Przegl\u0105d<\/h2>\n<p>N\u00f3\u017c uniwersalny Microtech 6&#8243; zapewnia t\u0119 sam\u0105 bezkompromisow\u0105 jako\u015b\u0107 i precyzj\u0119 in\u017cynierii, jak\u0105 mo\u017cna znale\u017a\u0107 w no\u017cach taktycznych Microtech w \u015bwiecie kulinarnym. Ten n\u00f3\u017c uniwersalny wype\u0142nia luk\u0119 pomi\u0119dzy no\u017cem do obierania a no\u017cem szefa kuchni dzi\u0119ki smuk\u0142emu, ale wytrzyma\u0142emu 6-calowemu ostrzu M390MK, idealnemu do krojenia owoc\u00f3w, warzyw i wypiek\u00f3w, kt\u00f3re s\u0105 zbyt du\u017ce dla mniejszych no\u017cy. Wyko\u0144czenie typu stonewash zapewnia bezpieczn\u0105 dla \u017cywno\u015bci powierzchni\u0119 o niskim po\u0142ysku i doskona\u0142ej odporno\u015bci na korozj\u0119, a jednocze\u015bnie tytanowe wzmocnienia i czarna r\u0119koje\u015b\u0107 G-10 zapewniaj\u0105 profesjonalny chwyt, kt\u00f3ry pozostaje bezpieczny nawet po zamoczeniu.<\/p>\n<h3>N\u00f3\u017c kulinarny M390MK<\/h3>\n<p>Ta sama stal Bohler M390MK, kt\u00f3ra jest u\u017cywana w no\u017cach taktycznych firmy Microtech, zapewnia zachowanie ostrej jak brzytwa kraw\u0119dzi, wyj\u0105tkow\u0105 odporno\u015b\u0107 na korozj\u0119 i \u0142atwe ponowne naostrzenie przez lata profesjonalnego u\u017cytkowania w kuchni.<\/p>\n<h3>Tytanowa konstrukcja podparcia<\/h3>\n<p>\u015arutowane tytanowe wzmocnienia 6AL-4V zapewniaj\u0105 wygod\u0119 i wywa\u017cenie oraz naturalne przej\u015bcie pomi\u0119dzy r\u0119koje\u015bci\u0105 a ostrzem. Tytan praktycznie nie dodaje wagi, zapewniaj\u0105c jednocze\u015bnie wyj\u0105tkow\u0105 trwa\u0142o\u015b\u0107.<\/p>\n<h3>Wagi z uchwytem G-10<\/h3>\n<p>Czarne r\u0105czki z kompozytu G-10 s\u0105 odporne na wilgo\u0107, ciep\u0142o i chemikalia wyst\u0119puj\u0105ce w profesjonalnych kuchniach, zapewniaj\u0105c higieniczn\u0105 i trwa\u0142\u0105 powierzchni\u0119 uchwytu.<\/p>\n<h3>Komponenty premium<\/h3>\n<ul>\n<li>Ostrze Bohler M390MK o szlifie p\u0142askim i wyko\u0144czeniu typu stonewash<\/li>\n<li>Wsporniki z piaskowanego tytanu 6AL-4V<\/li>\n<li>Czarne skale z uchwytem G-10<\/li>\n<li>Konstrukcja odporna na korozj\u0119, bezpieczna dla \u017cywno\u015bci<\/li>\n<li>Do\u017cywotnia gwarancja<\/li>\n<\/ul>\n<h3>Specyfikacje<\/h3>\n<table class=\"shop_attributes\">\n<tr>\n<td><strong>Typ<\/strong><\/td>\n<td>Ostrze sta\u0142e (kulinarne)<\/td>\n<\/tr>\n<tr>\n<td><strong>D\u0142ugo\u015b\u0107 ostrza<\/strong><\/td>\n<td>6,00&#8243;<\/td>\n<\/tr>\n<tr>\n<td><strong>D\u0142ugo\u015b\u0107 ca\u0142kowita<\/strong><\/td>\n<td>10,54&#8243;<\/td>\n<\/tr>\n<tr>\n<td><strong>Ostrze ze stali<\/strong><\/td>\n<td>Bohler M390MK<\/td>\n<\/tr>\n<tr>\n<td><strong>Wyko\u0144czenie ostrza<\/strong><\/td>\n<td>Stonewash<\/td>\n<\/tr>\n<tr>\n<td><strong>Szlifowanie ostrza<\/strong><\/td>\n<td>P\u0142askie<\/td>\n<\/tr>\n<tr>\n<td><strong>Materia\u0142 uchwytu<\/strong><\/td>\n<td>Czarny G-10 z tytanowymi wzmocnieniami<\/td>\n<\/tr>\n<tr>\n<td><strong>Materia\u0142 wzmocnienia<\/strong><\/td>\n<td>\u015arutowany tytan 6AL-4V<\/td>\n<\/tr>\n<tr>\n<td><strong>Waga<\/strong><\/td>\n<td>4,54 uncji<\/td>\n<\/tr>\n<tr>\n<td><strong>Kraj pochodzenia<\/strong><\/td>\n<td>USA<\/td>\n<\/tr>\n<\/tbody>\n","protected":false},"excerpt":{"rendered":"<p>N\u00f3\u017c kulinarny Microtech 6\u2033 z ostrzem stonewash M390MK, tytanowymi wzmocnieniami i czarn\u0105 r\u0119koje\u015bci\u0105 G-10. Wype\u0142nia luk\u0119 pomi\u0119dzy obieraniem a no\u017cem szefa kuchni. Ostrze 6,00\u2033, og\u00f3lnie 10,54\u2033, 4,54 uncji.<\/p>\n","protected":false},"featured_media":732604,"template":"","meta":{"_acf_changed":false},"product_brand":[15535],"product_cat":[15867,15364],"product_tag":[],"class_list":{"0":"post-732603","1":"product","2":"type-product","3":"status-publish","4":"has-post-thumbnail","6":"product_brand-microtech","7":"product_cat-fixed-blade-knives-pl","8":"product_cat-knives-pl","10":"first","11":"outofstock","12":"taxable","13":"shipping-taxable","14":"purchasable","15":"product-type-simple"},"acf":[],"_links":{"self":[{"href":"https:\/\/nbg.eu\/pl\/wp-json\/wp\/v2\/product\/732603","targetHints":{"allow":["GET"]}}],"collection":[{"href":"https:\/\/nbg.eu\/pl\/wp-json\/wp\/v2\/product"}],"about":[{"href":"https:\/\/nbg.eu\/pl\/wp-json\/wp\/v2\/types\/product"}],"wp:featuredmedia":[{"embeddable":true,"href":"https:\/\/nbg.eu\/pl\/wp-json\/wp\/v2\/media\/732604"}],"wp:attachment":[{"href":"https:\/\/nbg.eu\/pl\/wp-json\/wp\/v2\/media?parent=732603"}],"wp:term":[{"taxonomy":"product_brand","embeddable":true,"href":"https:\/\/nbg.eu\/pl\/wp-json\/wp\/v2\/product_brand?post=732603"},{"taxonomy":"product_cat","embeddable":true,"href":"https:\/\/nbg.eu\/pl\/wp-json\/wp\/v2\/product_cat?post=732603"},{"taxonomy":"product_tag","embeddable":true,"href":"https:\/\/nbg.eu\/pl\/wp-json\/wp\/v2\/product_tag?post=732603"}],"curies":[{"name":"wp","href":"https:\/\/api.w.org\/{rel}","templated":true}]}}