{"id":74151,"date":"2024-10-18T22:52:52","date_gmt":"2024-10-18T19:52:52","guid":{"rendered":"https:\/\/nbg.eu\/product\/mag-release-button-kmr-black\/"},"modified":"2026-05-13T16:41:19","modified_gmt":"2026-05-13T13:41:19","slug":"mag-release-button-kmr-black","status":"publish","type":"product","link":"https:\/\/nbg.eu\/pl\/produkt\/mag-release-button-kmr-black\/","title":{"rendered":"KMR Przycisk Zwalniania Magazynka Standardowy Czarny"},"content":{"rendered":"<h2>Przycisk zwalniania magazynka KMR &#8211; Czarny<\/h2>\n<p>Przycisk zwalniania magazynka KMR jest niezb\u0119dnym akcesorium do Twoich system\u00f3w broni, zaprojektowany, aby zapewni\u0107 bezpieczny i niezawodny mechanizm zwalniania magazynka.<\/p>\n<p>Charakteryzuj\u0105cy si\u0119 eleganckim czarnym wyko\u0144czeniem, przycisk zwalniania magazynka KMR jest nie tylko funkcjonalny, ale tak\u017ce dodaje nutk\u0119 taktycznego szyku do Twojej broni. Wykonany z trwa\u0142ych materia\u0142\u00f3w, ten przycisk zapewnia p\u0142ynne i niezawodne zwalnianie magazynka za ka\u017cdym razem, umo\u017cliwiaj\u0105c szybkie prze\u0142adowanie i p\u0142ynn\u0105 zmian\u0119 mi\u0119dzy strza\u0142ami.<\/p>\n<p>Niezale\u017cnie od tego, czy jeste\u015b do\u015bwiadczonym strzelcem, czy dopiero zaczynasz, przycisk zwalniania magazynka KMR jest niezb\u0119dnym akcesorium, kt\u00f3re mo\u017ce poprawi\u0107 wydajno\u015b\u0107 i niezawodno\u015b\u0107 Twoich system\u00f3w broni. Dzi\u0119ki wszechstronnej kompatybilno\u015bci i solidnej konstrukcji, ten przycisk jest niezb\u0119dnikiem dla ka\u017cdego powa\u017cnego entuzjasty broni palnej.<\/p>\n<p>Dla broni KMR:<\/p>\n<p>KMR L-02 EMIQ<\/p>\n<p>KMR L-02 EMIQ (OR)<\/p>\n<p>KMR L-02 ORCA DO 2023<\/p>\n<p>KMR L-02 SPECTRA OD 2024<\/p>\n<p>KMR L-02 SPECTRA DO 2023<\/p>\n<p>KMR L-02 UMBRA OD 2024<\/p>\n<p>KMR L-02 UMBRA DO 2023<\/p>\n<p>KMR S-01 LANCE (OR)<\/p>\n<p>KMR S-02 DO 2023<\/p>\n<p>KMR W-02 CUDA OD 2024<\/p>\n<p>KMR W-02 CUDA DO 2023<\/p>\n<p>KMR W-02 UMBRA<\/p>\n<p>KMR W-02 UMBRA (OR)<\/p>\n<p>Numer referencyjny 0180-00801-0101<\/p>\n","protected":false},"excerpt":{"rendered":"<p>Przycisk zwalniania magazynka do broni KMR, dost\u0119pny w kolorze czarnym.<\/p>\n","protected":false},"featured_media":72247,"template":"","meta":{"_acf_changed":false},"product_brand":[11510],"product_cat":[12573],"product_tag":[],"class_list":{"0":"post-74151","1":"product","2":"type-product","3":"status-publish","4":"has-post-thumbnail","6":"product_brand-kmr-precision","7":"product_cat-czesci-kmr","9":"first","10":"instock","11":"taxable","12":"shipping-taxable","13":"purchasable","14":"product-type-simple"},"acf":[],"_links":{"self":[{"href":"https:\/\/nbg.eu\/pl\/wp-json\/wp\/v2\/product\/74151","targetHints":{"allow":["GET"]}}],"collection":[{"href":"https:\/\/nbg.eu\/pl\/wp-json\/wp\/v2\/product"}],"about":[{"href":"https:\/\/nbg.eu\/pl\/wp-json\/wp\/v2\/types\/product"}],"wp:featuredmedia":[{"embeddable":true,"href":"https:\/\/nbg.eu\/pl\/wp-json\/wp\/v2\/media\/72247"}],"wp:attachment":[{"href":"https:\/\/nbg.eu\/pl\/wp-json\/wp\/v2\/media?parent=74151"}],"wp:term":[{"taxonomy":"product_brand","embeddable":true,"href":"https:\/\/nbg.eu\/pl\/wp-json\/wp\/v2\/product_brand?post=74151"},{"taxonomy":"product_cat","embeddable":true,"href":"https:\/\/nbg.eu\/pl\/wp-json\/wp\/v2\/product_cat?post=74151"},{"taxonomy":"product_tag","embeddable":true,"href":"https:\/\/nbg.eu\/pl\/wp-json\/wp\/v2\/product_tag?post=74151"}],"curies":[{"name":"wp","href":"https:\/\/api.w.org\/{rel}","templated":true}]}}