{"id":74283,"date":"2024-10-20T13:20:59","date_gmt":"2024-10-20T10:20:59","guid":{"rendered":"https:\/\/nbg.eu\/product\/fully-adjustable-rear-sight-kmr\/"},"modified":"2026-05-13T16:03:05","modified_gmt":"2026-05-13T13:03:05","slug":"fully-adjustable-rear-sight-kmr","status":"publish","type":"product","link":"https:\/\/nbg.eu\/pl\/produkt\/fully-adjustable-rear-sight-kmr\/","title":{"rendered":"KMR W Pe\u0142ni Regulowany Celownik"},"content":{"rendered":"<div class=\"product-description\">\n<h2>W pe\u0142ni regulowana szczerbina do KMR<\/h2>\n<p>Szczerbina w pe\u0142ni regulowana przeznaczona dla modeli KMR i CZ. Ta szczerbina oferuje:<\/p>\n<ul>\n<li>Kompatybilno\u015b\u0107 z CZ SP01 Shadow 1 i CZ Shadow 2<\/li>\n<li>Wsp\u00f3\u0142pracuje z muszkami o wysoko\u015bci 7,5-8,0mm<\/li>\n<li>Precyzyjne regulacje<\/li>\n<li>Trwa\u0142a konstrukcja<\/li>\n<\/ul>\n<p>Uwaga: Ta szczerbina nie jest kompatybilna z modelami CZ 75 TS.<\/p>\n<p>Szczerbina w pe\u0142ni regulowana do pistoletu KMR lub CZ.<\/p>\n<\/div>\n","protected":false},"excerpt":{"rendered":"<p>Precyzyjna szczerbina do KMR i CZ.<\/p>\n","protected":false},"featured_media":73527,"template":"","meta":{"_acf_changed":false},"product_brand":[11510],"product_cat":[12573],"product_tag":[],"class_list":{"0":"post-74283","1":"product","2":"type-product","3":"status-publish","4":"has-post-thumbnail","6":"product_brand-kmr-precision","7":"product_cat-czesci-kmr","9":"first","10":"instock","11":"taxable","12":"shipping-taxable","13":"purchasable","14":"product-type-simple"},"acf":[],"_links":{"self":[{"href":"https:\/\/nbg.eu\/pl\/wp-json\/wp\/v2\/product\/74283","targetHints":{"allow":["GET"]}}],"collection":[{"href":"https:\/\/nbg.eu\/pl\/wp-json\/wp\/v2\/product"}],"about":[{"href":"https:\/\/nbg.eu\/pl\/wp-json\/wp\/v2\/types\/product"}],"wp:featuredmedia":[{"embeddable":true,"href":"https:\/\/nbg.eu\/pl\/wp-json\/wp\/v2\/media\/73527"}],"wp:attachment":[{"href":"https:\/\/nbg.eu\/pl\/wp-json\/wp\/v2\/media?parent=74283"}],"wp:term":[{"taxonomy":"product_brand","embeddable":true,"href":"https:\/\/nbg.eu\/pl\/wp-json\/wp\/v2\/product_brand?post=74283"},{"taxonomy":"product_cat","embeddable":true,"href":"https:\/\/nbg.eu\/pl\/wp-json\/wp\/v2\/product_cat?post=74283"},{"taxonomy":"product_tag","embeddable":true,"href":"https:\/\/nbg.eu\/pl\/wp-json\/wp\/v2\/product_tag?post=74283"}],"curies":[{"name":"wp","href":"https:\/\/api.w.org\/{rel}","templated":true}]}}