{"id":745509,"date":"2026-04-03T17:00:37","date_gmt":"2026-04-03T14:00:37","guid":{"rendered":"https:\/\/nbg.eu\/product\/amunicja-turan-9x19mm-luger-fmj-124-gr\/"},"modified":"2026-04-03T17:09:46","modified_gmt":"2026-04-03T14:09:46","slug":"amunicja-turan-9x19mm-luger-fmj-124-gr","status":"publish","type":"product","link":"https:\/\/nbg.eu\/pl\/produkt\/amunicja-turan-9x19mm-luger-fmj-124-gr\/","title":{"rendered":"Amunicja Turan 9x19mm Luger FMJ 124 gr"},"content":{"rendered":"<h2>Amunicja Turan 9x19mm Luger FMJ 124 gr<\/h2>\n<p>Amunicja Turan 9x19mm Luger FMJ, 124 grany. \u0141uska mosi\u0119\u017cna, sp\u0142onka Boxer, niemagnetyczny pocisk FMJ. Wyprodukowana w Turcji wg specyfikacji NATO. Pr\u0119dko\u015b\u0107 pocz\u0105tkowa 370 m\/s. Do treningu, strzelania <\/p>\n<h3>Sta\u0142a wydajno\u015b\u0107<\/h3>\n<p>Z pr\u0119dko\u015bci\u0105 pocz\u0105tkow\u0105 1214 fps (370 m\/s) i energi\u0105 339 ft-lbs (460 J) te naboje zapewniaj\u0105 sp\u00f3jn\u0105 balistyk\u0119 do precyzyjnego treningu i zawod\u00f3w. Pocisk 124 grain\u00f3w to standard NATO dla 9mm, oferuj\u0105cy r\u00f3wnowag\u0119 mi\u0119dzy kontrolowanym odrzutem a niezawodnym dzia\u0142aniem.<\/p>\n<h3>Praktyczna amunicja treningowa<\/h3>\n<p>Turan 9x19mm zaprojektowano jako amunicj\u0119 treningow\u0105 du\u017cego wolumenu w przyst\u0119pnej cenie. Po\u0142\u0105czenie jako\u015bciowej produkcji, sp\u00f3jno\u015bci NATO i konkurencyjnych cen czyni j\u0105 doskona\u0142ym wyborem dla program\u00f3w szkoleniowych, klub\u00f3w strzeleckich i indywidualnej praktyki.<\/p>\n<table>\n<tbody>\n<tr>\n<td>Kaliber<\/td>\n<td>9x19mm Luger \/ Parabellum<\/td>\n<\/tr>\n<tr>\n<td>Waga pocisku<\/td>\n<td>124 gr (8.0 g)<\/td>\n<\/tr>\n<tr>\n<td>Typ pocisku<\/td>\n<td>Full Metal Jacket (FMJ)<\/td>\n<\/tr>\n<tr>\n<td>Pr\u0119dko\u015b\u0107 pocz\u0105tkowa<\/td>\n<td>1,214 fps (370 m\/s)<\/td>\n<\/tr>\n<tr>\n<td>Energia pocz\u0105tkowa<\/td>\n<td>339 ft-lbs (460 J)<\/td>\n<\/tr>\n<tr>\n<td>Materia\u0142 \u0142uski<\/td>\n<td>Mosi\u0105dz, nowa<\/td>\n<\/tr>\n<tr>\n<td>Sp\u0142onka<\/td>\n<td>Boxer<\/td>\n<\/tr>\n<tr>\n<td>Magnetyczny<\/td>\n<td>Nie<\/td>\n<\/tr>\n<tr>\n<td>Do prze\u0142adowania<\/td>\n<td>Tak<\/td>\n<\/tr>\n<tr>\n<td>Producent<\/td>\n<td>Turan, Turkey<\/td>\n<\/tr>\n<\/tbody>\n<\/table>\n","protected":false},"excerpt":{"rendered":"<p>Amunicja Turan 9x19mm Luger FMJ, 124 grany. \u0141uska mosi\u0119\u017cna, sp\u0142onka Boxer, niemagnetyczny pocisk FMJ. Wyprodukowana w Turcji wg specyfikacji NATO. Pr\u0119dko\u015b\u0107 pocz\u0105tkowa 370 m\/s. Do treningu, strzelania do celu i zawod\u00f3w. Sprzeda\u017c na sztuki.<\/p>\n","protected":false},"featured_media":745510,"template":"","meta":{"_acf_changed":false},"product_brand":[],"product_cat":[12626,12616],"product_tag":[],"class_list":{"0":"post-745509","1":"product","2":"type-product","3":"status-publish","4":"has-post-thumbnail","6":"product_cat-amunicja","7":"product_cat-amunicja-pistoletowa","9":"first","10":"instock","11":"taxable","12":"shipping-taxable","13":"product-type-simple"},"acf":[],"_links":{"self":[{"href":"https:\/\/nbg.eu\/pl\/wp-json\/wp\/v2\/product\/745509","targetHints":{"allow":["GET"]}}],"collection":[{"href":"https:\/\/nbg.eu\/pl\/wp-json\/wp\/v2\/product"}],"about":[{"href":"https:\/\/nbg.eu\/pl\/wp-json\/wp\/v2\/types\/product"}],"wp:featuredmedia":[{"embeddable":true,"href":"https:\/\/nbg.eu\/pl\/wp-json\/wp\/v2\/media\/745510"}],"wp:attachment":[{"href":"https:\/\/nbg.eu\/pl\/wp-json\/wp\/v2\/media?parent=745509"}],"wp:term":[{"taxonomy":"product_brand","embeddable":true,"href":"https:\/\/nbg.eu\/pl\/wp-json\/wp\/v2\/product_brand?post=745509"},{"taxonomy":"product_cat","embeddable":true,"href":"https:\/\/nbg.eu\/pl\/wp-json\/wp\/v2\/product_cat?post=745509"},{"taxonomy":"product_tag","embeddable":true,"href":"https:\/\/nbg.eu\/pl\/wp-json\/wp\/v2\/product_tag?post=745509"}],"curies":[{"name":"wp","href":"https:\/\/api.w.org\/{rel}","templated":true}]}}