{"id":746297,"date":"2026-04-16T10:48:37","date_gmt":"2026-04-16T07:48:37","guid":{"rendered":"https:\/\/nbg.eu\/product\/kmr-okladziny-s-modular-sandpaper\/"},"modified":"2026-04-16T18:21:32","modified_gmt":"2026-04-16T15:21:32","slug":"kmr-okladziny-s-modular-sandpaper","status":"publish","type":"product","link":"https:\/\/nbg.eu\/pl\/produkt\/kmr-okladziny-s-modular-sandpaper\/","title":{"rendered":"KMR Ok\u0142adziny S Modular Sandpaper"},"content":{"rendered":"<h2>OK\u0141ADZINY KMR S Modular Sandpaper<\/h2>\n<p>Popraw swoje do\u015bwiadczenie strzeleckie z Ok\u0142adziny KMR S Modular Sandpaper. Te wytrzyma\u0142e ok\u0142adziny s\u0105 wykonane z anodowanego duraluminium i oferuj\u0105 doskona\u0142y chwyt i kontrol\u0119.<\/p>\n<ul>\n<li>Wytrzyma\u0142a konstrukcja z anodowanego duraluminium<\/li>\n<li>Agresywna tekstura dla pewnego chwytu<\/li>\n<li>Idealne do modernizacji lub broni sportowej<\/li>\n<li>Zawiera \u015bruby torx do \u0142atwego monta\u017cu<\/li>\n<li>Z logo KMR<\/li>\n<li>Dost\u0119pne w wielu kolorach<\/li>\n<\/ul>\n<dl class=\"data-sheet\">\n<dt class=\"name\">Do Broni KMR<\/dt>\n<dd class=\"value\">KMR S-01 LANCE (OR)<br \/>\nKMR S-02 UNTIL 2023<\/dd>\n<dt class=\"name\">Wyb\u00f3r wg Broni CZ<\/dt>\n<dd class=\"value\">CZ SHADOW 1<br \/>\nCZ SHADOW 2<br \/>\nCZ SHADOW 2 (OR)<br \/>\nCZ SP-01<\/dd>\n<\/dl>\n","protected":false},"excerpt":{"rendered":"<p>Ok\u0142adziny Modular Sandpaper do KMR S-02, kompatybilne z aluminiow\u0105 ram\u0105.<br \/>\n0611-03101-0101<\/p>\n","protected":false},"featured_media":73901,"template":"","meta":{"_acf_changed":false},"product_brand":[11510],"product_cat":[12573,14882],"product_tag":[],"class_list":{"0":"post-746297","1":"product","2":"type-product","3":"status-publish","4":"has-post-thumbnail","6":"product_brand-kmr-precision","7":"product_cat-czesci-kmr","8":"product_cat-pistol-grips-pl","10":"first","11":"instock","12":"taxable","13":"shipping-taxable","14":"purchasable","15":"product-type-variable","16":"wvs-archive-product-wrapper"},"acf":[],"_links":{"self":[{"href":"https:\/\/nbg.eu\/pl\/wp-json\/wp\/v2\/product\/746297","targetHints":{"allow":["GET"]}}],"collection":[{"href":"https:\/\/nbg.eu\/pl\/wp-json\/wp\/v2\/product"}],"about":[{"href":"https:\/\/nbg.eu\/pl\/wp-json\/wp\/v2\/types\/product"}],"wp:featuredmedia":[{"embeddable":true,"href":"https:\/\/nbg.eu\/pl\/wp-json\/wp\/v2\/media\/73901"}],"wp:attachment":[{"href":"https:\/\/nbg.eu\/pl\/wp-json\/wp\/v2\/media?parent=746297"}],"wp:term":[{"taxonomy":"product_brand","embeddable":true,"href":"https:\/\/nbg.eu\/pl\/wp-json\/wp\/v2\/product_brand?post=746297"},{"taxonomy":"product_cat","embeddable":true,"href":"https:\/\/nbg.eu\/pl\/wp-json\/wp\/v2\/product_cat?post=746297"},{"taxonomy":"product_tag","embeddable":true,"href":"https:\/\/nbg.eu\/pl\/wp-json\/wp\/v2\/product_tag?post=746297"}],"curies":[{"name":"wp","href":"https:\/\/api.w.org\/{rel}","templated":true}]}}